{"id":133,"date":"2019-08-04T03:55:17","date_gmt":"2019-08-04T06:55:17","guid":{"rendered":"https:\/\/audazbrasil.com\/?page_id=133"},"modified":"2025-07-30T13:38:43","modified_gmt":"2025-07-30T16:38:43","slug":"branding-2","status":"publish","type":"page","link":"https:\/\/audazbrasil.com\/usa\/branding-2\/","title":{"rendered":"Branding"},"content":{"rendered":"\t\t<div data-elementor-type=\"wp-page\" data-elementor-id=\"133\" class=\"elementor elementor-133\" data-elementor-post-type=\"page\">\n\t\t\t\t<div class=\"elementor-element elementor-element-d839e0e e-flex e-con-boxed e-con e-parent\" data-id=\"d839e0e\" data-element_type=\"container\" data-e-type=\"container\">\n\t\t\t\t\t<div class=\"e-con-inner\">\n\t\t\t\t<div class=\"elementor-element elementor-element-18e285b2 elementor-widget elementor-widget-text-editor\" data-id=\"18e285b2\" data-element_type=\"widget\" data-e-type=\"widget\" data-widget_type=\"text-editor.default\">\n\t\t\t\t\t\t\t\t\t\r\n<div class=\"wp-block-themepunch-revslider revslider\" data-modal=\"false\" data-slidertitle=\"Paintbrush Addon\">\n\t\t\t\t<p class=\"rs-p-wp-fix\"><\/p>\n\t\t\t\t<sr7-module data-alias=\"slider-3-11-1-1\" data-id=\"101\" id=\"SR7_101_1\" class=\"rs-ov-hidden\" data-version=\"6.7.54\">\n\t\t\t\t\t<sr7-adjuster><\/sr7-adjuster>\n\t\t\t\t\t<sr7-content>\n\t\t\t\t\t\t<sr7-slide id=\"SR7_101_1-40\" data-key=\"40\">\n\t\t\t\t\t\t\t<sr7-bg id=\"SR7_101_1-40-6\" class=\"sr7-layer\"><noscript><img decoding=\"async\" src=\"http:\/\/audazbrasil.com\/usa\/wp-content\/uploads\/2019\/09\/branding.jpg\" alt=\"\" title=\"branding\"><\/noscript><\/sr7-bg>\n\t\t\t\t\t\t\t<sr7-txt id=\"SR7_101_1-40-1\" class=\"sr7-layer\"><b>BRAN<\/b>DING<\/sr7-txt>\n\t\t\t\t\t\t<\/sr7-slide>\n\t\t\t\t\t\t<sr7-slide id=\"SR7_101_1-105\" data-key=\"105\">\n\t\t\t\t\t\t<\/sr7-slide>\n\t\t\t\t\t<\/sr7-content>\n\t\t\t\t\t<image_lists style=\"display:none\">\n\t\t\t\t\t\t<img data-src=\"\/\/audazbrasil.com\/usa\/wp-content\/uploads\/2019\/09\/branding.jpg\" data-libid=\"264\" data-lib=\"medialibrary\" title=\"branding\" width=\"0\" height=\"0\" data-dbsrc=\"Ly9hdWRhemJyYXNpbC5jb20vdXNhL3dwLWNvbnRlbnQvdXBsb2Fkcy8yMDE5LzA5L2JyYW5kaW5nLmpwZw==\"\/>\n\t\t\t\t\t<\/image_lists>\n\t\t\t\t<\/sr7-module>\n\t\t\t\t<script>\n\t\t\t\t\twindow.SR7 ??={};SR7.PMH ??={}; SR7.PMH[\"SR7_101_1\"] = {cn:100,state:false,fn: function() { if (window._tpt!==undefined && window._tpt.prepareModuleHeight !== undefined) {  _tpt.prepareModuleHeight({id:\"SR7_101_1\",el:[670,670,670,670,410],type:'hero',shdw:'0',gh:[670,670,670,670,410],gw:[1920,1920,1920,1920,480],vpt:['-200px&#039;,&#039;-200px&#039;,&#039;-200px&#039;,&#039;-200px&#039;,&#039;-200px'],size:{fullWidth:true, fullHeight:false},mh:'0',onh:0,onw:0,bg:{color:'{\"type\":\"solid\",\"orig\":\"rgba(15, 15, 15, 0.51)\",\"string\":\"rgba(15, 15, 15, 0.51)\"}'},plType:'0',plColor:'#FFFFFF'});   SR7.PMH[\"SR7_101_1\"].state=true;} else if(SR7.PMH[\"SR7_101_1\"].cn-->0)\tsetTimeout( SR7.PMH[\"SR7_101_1\"].fn,19);}};SR7.PMH[\"SR7_101_1\" ].fn();\n\t\t\t\t<\/script>\n<\/div>\r\n\r\n\r\n\r\n<div class=\"wp-block-themepunch-revslider revslider\" data-modal=\"false\" data-slidertitle=\"Peak About1 1\">\n\t\t\t\t<p class=\"rs-p-wp-fix\"><\/p>\n\t\t\t\t<sr7-module data-alias=\"peak-about1-1\" data-id=\"66\" id=\"SR7_66_2\" class=\"rs-ov-hidden\" data-version=\"6.7.54\">\n\t\t\t\t\t<sr7-adjuster><\/sr7-adjuster>\n\t\t\t\t\t<sr7-content>\n\t\t\t\t\t\t<sr7-slide id=\"SR7_66_2-16\" data-key=\"16\">\n\t\t\t\t\t\t\t<sr7-txt id=\"SR7_66_2-16-3\" class=\"sr7-layer\">Padr\u00e3o de Identidade Visual<\/sr7-txt>\n\t\t\t\t\t\t\t<sr7-txt id=\"SR7_66_2-16-4\" class=\"sr7-layer\">Servi\u00e7os<\/sr7-txt>\n\t\t\t\t\t\t\t<sr7-txt id=\"SR7_66_2-16-5\" class=\"sr7-layer\">Cria\u00e7\u00e3o de logo<\/sr7-txt>\n\t\t\t\t\t\t\t<sr7-txt id=\"SR7_66_2-16-6\" class=\"sr7-layer\">Manual de marca\u2028Papelaria completa<\/sr7-txt>\n\t\t\t\t\t\t\t<sr7-txt id=\"SR7_66_2-16-7\" class=\"sr7-layer\">Folder\/Portf\u00f3lio<\/sr7-txt>\n\t\t\t\t\t\t\t<sr7-txt id=\"SR7_66_2-16-8\" class=\"sr7-layer\">Sinaliza\u00e7\u00e3o Interna<\/sr7-txt>\n\t\t\t\t\t\t\t<sr7-txt id=\"SR7_66_2-16-11\" class=\"sr7-layer\">SOBRE BRANDING<\/sr7-txt>\n\t\t\t\t\t\t\t<sr7-txt id=\"SR7_66_2-16-12\" class=\"sr7-layer\">A sua marca entrega o valor que as pessoas precisam? Ent\u00e3o est\u00e1 na hora de mudar.\n<br\/>\nA Audaz Brasil | USA oferece a voc\u00ea a oportunidade de garantir reconhecimento e autoridade atrav\u00e9s de servi\u00e7os de branding. Constru\u00edmos valor para a sua marca, deixando transparecer a qualidade do seu trabalho e mantendo um discurso coeso em qualquer tipo de m\u00eddia. Uma identidade visual forte, expressiva e moderna \u00e9 necess\u00e1ria para atrair as pessoas certas, promover experi\u00eancias e expandir ainda mais os seus neg\u00f3cios.\n<\/sr7-txt>\n\t\t\t\t\t\t\t<sr7-txt id=\"SR7_66_2-16-14\" class=\"sr7-layer\">A solu\u00e7\u00e3o ideal para a sua empresa come\u00e7a a partir da elabora\u00e7\u00e3o de um briefing. Nesse momento, realizamos um estudo detalhado sobre o seu neg\u00f3cio, p\u00fablicos, expectativas, objetivo e posicionamento que pretende ter no mercado. Assim, conseguimos tra\u00e7ar elementos gr\u00e1ficos \u00fanicos que s\u00e3o capazes de representar a sua empresa, vender muito bem a ideia dos seus servi\u00e7os e, sobretudo, que dialogue com o seu p\u00fablico.\n<br\/>\nA jun\u00e7\u00e3o dos elementos, cores e s\u00edmbolos formam a sua marca ideal, completamente personalizada e singular. Posteriormente, essa identidade visual \u00e9 aplicada em pe\u00e7as de comunica\u00e7\u00e3o, de forma agrad\u00e1vel e refor\u00e7ando a imagem do seu neg\u00f3cio. Todo esse trabalho \u00e9 importante para aumentar a visibilidade da sua cl\u00ednica ou consult\u00f3rio e fidelizar clientes. Entre em contato, fale com os nossos consultores e agende uma reuni\u00e3o. Acompanhe a evolu\u00e7\u00e3o do design e n\u00e3o fique para tr\u00e1s.\n<\/sr7-txt>\n\t\t\t\t\t\t\t<sr7-txt id=\"SR7_66_2-16-15\" class=\"sr7-layer\">Papelaria completa<\/sr7-txt>\n\t\t\t\t\t\t\t<sr7-txt id=\"SR7_66_2-16-17\" class=\"sr7-layer\">Placas\/Fachada<\/sr7-txt>\n\t\t\t\t\t\t<\/sr7-slide>\n\t\t\t\t\t\t<sr7-slide id=\"SR7_66_2-80\" data-key=\"80\">\n\t\t\t\t\t\t<\/sr7-slide>\n\t\t\t\t\t<\/sr7-content>\n\t\t\t\t<\/sr7-module>\n\t\t\t\t<script>\n\t\t\t\t\twindow.SR7 ??={};SR7.PMH ??={}; SR7.PMH[\"SR7_66_2\"] = {cn:100,state:false,fn: function() { if (window._tpt!==undefined && window._tpt.prepareModuleHeight !== undefined) {  _tpt.prepareModuleHeight({id:\"SR7_66_2\",el:[790,790,955,1554,1900],type:'hero',shdw:'0',gh:[790,790,955,1554,1900],gw:[1240,1240,1024,778,480],vpt:['-200px&#039;,&#039;-200px&#039;,&#039;-200px&#039;,&#039;-200px&#039;,&#039;-200px'],size:{fullWidth:true, fullHeight:false},mh:'0',onh:0,onw:0,bg:{color:'{\"orig\":\"transparent\",\"type\":\"solid\",\"string\":\"transparent\"}'}});   SR7.PMH[\"SR7_66_2\"].state=true;} else if(SR7.PMH[\"SR7_66_2\"].cn-->0)\tsetTimeout( SR7.PMH[\"SR7_66_2\"].fn,19);}};SR7.PMH[\"SR7_66_2\" ].fn();\n\t\t\t\t<\/script>\n<\/div>\r\n\r\n\r\n\r\n<div class=\"wp-block-themepunch-revslider revslider\" data-modal=\"false\" data-slidertitle=\"Basic Content1 1\">\n\t\t\t\t<p class=\"rs-p-wp-fix\"><\/p>\n\t\t\t\t<sr7-module data-alias=\"basic-content1-1\" data-id=\"63\" id=\"about\" class=\"rs-ov-hidden\" data-version=\"6.7.54\">\n\t\t\t\t\t<sr7-adjuster><\/sr7-adjuster>\n\t\t\t\t\t<sr7-content>\n\t\t\t\t\t\t<sr7-slide id=\"about-13\" data-key=\"13\">\n\t\t\t\t\t\t\t<sr7-txt id=\"about-13-24\" class=\"sr7-layer\">Sua marca mais forte<\/sr7-txt>\n\t\t\t\t\t\t\t<sr7-txt id=\"about-13-25\" class=\"sr7-layer\">Em um curto per\u00edodo de tempo, com a divulga\u00e7\u00e3o,  al\u00e9m do reconhecimento, uma marca forte proporciona uma sensa\u00e7\u00e3o de pertencimento e confian\u00e7a em seus servi\u00e7os, do ponto de vista dos seus clientes.<\/sr7-txt>\n\t\t\t\t\t\t\t<sr7-txt id=\"about-13-28\" class=\"sr7-layer\">Amplia\u00e7\u00e3o do share of mind<\/sr7-txt>\n\t\t\t\t\t\t\t<sr7-txt id=\"about-13-29\" class=\"sr7-layer\">Um bom trabalho de branding \u00e9 respons\u00e1vel por expandir nos clientes a consci\u00eancia e a popularidade da sua marca. Contribui para que as pessoas lembrem primeiro dos seus servi\u00e7os ao inv\u00e9s de pensar nos seus concorrentes.<\/sr7-txt>\n\t\t\t\t\t\t\t<sr7-txt id=\"about-13-32\" class=\"sr7-layer\">Competitividade<\/sr7-txt>\n\t\t\t\t\t\t\t<sr7-txt id=\"about-13-33\" class=\"sr7-layer\">Atualizar a identidade visual \u00e9 uma estrat\u00e9gia para transmitir o valor que os seus clientes precisam e mant\u00ea-la atual, independente das mudan\u00e7as no ambiente de neg\u00f3cios. Esse fato permite que voc\u00ea se mantenha \u00e0 frente dos concorrentes, mesmo nos per\u00edodos de crise. <\/sr7-txt>\n\t\t\t\t\t\t\t<sr7-txt id=\"about-13-34\" class=\"sr7-layer\">Por que investir em branding?<\/sr7-txt>\n\t\t\t\t\t\t<\/sr7-slide>\n\t\t\t\t\t\t<sr7-slide id=\"about-77\" data-key=\"77\">\n\t\t\t\t\t\t<\/sr7-slide>\n\t\t\t\t\t<\/sr7-content>\n\t\t\t\t<\/sr7-module>\n\t\t\t\t<script>\n\t\t\t\t\twindow.SR7 ??={};SR7.PMH ??={}; SR7.PMH[\"about\"] = {cn:100,state:false,fn: function() { if (window._tpt!==undefined && window._tpt.prepareModuleHeight !== undefined) {  _tpt.prepareModuleHeight({id:\"about\",el:[600,600,604,1010,1150],type:'hero',shdw:'0',gh:[600,600,605,1010,1150],gw:[1240,1240,1024,778,480],vpt:['100px&#039;,&#039;100px&#039;,&#039;100px&#039;,&#039;100px&#039;,&#039;100px'],size:{fullWidth:true, fullHeight:false},mh:'0',onh:0,onw:0,bg:{color:'{\"orig\":\"transparent\",\"type\":\"solid\",\"string\":\"transparent\"}'}});   SR7.PMH[\"about\"].state=true;} else if(SR7.PMH[\"about\"].cn-->0)\tsetTimeout( SR7.PMH[\"about\"].fn,19);}};SR7.PMH[\"about\" ].fn();\n\t\t\t\t<\/script>\n<\/div>\r\n\r\n\r\n\r\n<div class=\"wp-block-themepunch-revslider revslider\" data-modal=\"false\" data-slidertitle=\"Peak Portfolio1 11 1\">\n\t\t\t\t<p class=\"rs-p-wp-fix\"><\/p>\n\t\t\t\t<sr7-module data-alias=\"timeline-cliente-marketing-digital-1\" data-id=\"115\" id=\"SR7_115_4\" class=\"rs-ov-hidden\" data-version=\"6.7.54\">\n\t\t\t\t\t<sr7-adjuster><\/sr7-adjuster>\n\t\t\t\t\t<sr7-content>\n\t\t\t\t\t\t<sr7-slide id=\"SR7_115_4-55\" data-key=\"55\">\n\t\t\t\t\t\t\t<sr7-txt id=\"SR7_115_4-55-0\" class=\"sr7-layer\">CHEGADA<\/sr7-txt>\n\t\t\t\t\t\t\t<sr7-txt id=\"SR7_115_4-55-1\" class=\"sr7-layer\">INICIO<\/sr7-txt>\n\t\t\t\t\t\t\t<sr7-txt id=\"SR7_115_4-55-3\" class=\"sr7-layer\">Cria\u00e7\u00e3o de valor <\/sr7-txt>\n\t\t\t\t\t\t\t<sr7-txt id=\"SR7_115_4-55-4\" class=\"sr7-layer\">TIMELINE DO CLIENTE<\/sr7-txt>\n\t\t\t\t\t\t\t<sr7-txt id=\"SR7_115_4-55-6\" class=\"sr7-layer\">UNIDADE VISUAL<\/sr7-txt>\n\t\t\t\t\t\t\t<sr7-txt id=\"SR7_115_4-55-9\" class=\"sr7-layer\">PROJETO<\/sr7-txt>\n\t\t\t\t\t\t\t<sr7-txt id=\"SR7_115_4-55-11\" class=\"sr7-layer\">Credibilidade \n\t\t\t\t\t\t\t<\/sr7-txt>\n\t\t\t\t\t\t\t<a id=\"SR7_115_4-55-17\" class=\"sr7-layer\" href=\"https:\/\/api.whatsapp.com\/send?phone=5531991314004\" target=\"_blank\" rel=\"noopener\">SAIBA MAIS<\/a>\n\t\t\t\t\t\t\t<sr7-txt id=\"SR7_115_4-55-24\" class=\"sr7-layer\">O seu neg\u00f3cio s\u00f3 ir\u00e1 se tornar realmente uma marca quando todos os elementos nela presentes estabelecerem uma forte conex\u00e3o com o seu p\u00fablico. As pessoas devem se identificar com o s\u00edmbolo, que ir\u00e1 passar tudo aquilo que elas precisam. Levamos isso muito a s\u00e9rio porque realmente acreditamos na m\u00e1xima \u201cUma imagem vale mais que mil palavras\u201d.<br \/>\n<\/sr7-txt>\n\t\t\t\t\t\t\t<sr7-txt id=\"SR7_115_4-55-25\" class=\"sr7-layer\">A constru\u00e7\u00e3o de uma marca envolve muito mais do que elementos e desenhos agrad\u00e1veis aos olhos. Na Audaz Brasil | USA, vamos al\u00e9m e sa\u00edmos do convencional. A identidade cria uma unidade em toda a sua forma de se comunicar, gerando reconhecimento, posicionamento e pode at\u00e9 garantir a sua perman\u00eancia no mercado.<br \/>\n<\/sr7-txt>\n\t\t\t\t\t\t\t<sr7-txt id=\"SR7_115_4-55-27\" class=\"sr7-layer\">\u00c9 com o desenvolvimento de todo esse trabalho que ser\u00e1 poss\u00edvel atrair as pessoas certas, que realmente est\u00e3o interessadas em seus servi\u00e7os. A credibilidade e os valores passados pela sua identidade visual podem ampliar ainda mais as suas vendas e abrir um leque de possibilidades. <\/sr7-txt>\n\t\t\t\t\t\t<\/sr7-slide>\n\t\t\t\t\t\t<sr7-slide id=\"SR7_115_4-117\" data-key=\"117\">\n\t\t\t\t\t\t<\/sr7-slide>\n\t\t\t\t\t<\/sr7-content>\n\t\t\t\t\t<image_lists style=\"display:none\">\n\t\t\t\t\t\t<img data-src=\"\/\/audazbrasil.com\/usa\/wp-content\/uploads\/2020\/05\/marketing-digital-em-tempos-de-covid-19.jpg\" data-libid=\"386\" data-lib=\"medialibrary\" alt=\"marketing-digital-em-tempos-de-covid-19\" title=\"marketing-digital-em-tempos-de-covid-19\" width=\"0\" height=\"0\" data-dbsrc=\"Ly9hdWRhemJyYXNpbC5jb20vdXNhL3dwLWNvbnRlbnQvdXBsb2Fkcy8yMDIwLzA1L21hcmtldGluZy1kaWdpdGFsLWVtLXRlbXBvcy1kZS1jb3ZpZC0xOS5qcGc=\"\/>\n\t\t\t\t\t\t<img data-src=\"\/\/audazbrasil.com\/usa\/wp-content\/uploads\/2021\/07\/anuncios-pagos.jpg\" data-libid=\"519\" data-lib=\"medialibrary\" alt=\"Investimento em an\u00fancios pagos.\" title=\"anuncios-pagos\" width=\"0\" height=\"0\" data-dbsrc=\"Ly9hdWRhemJyYXNpbC5jb20vdXNhL3dwLWNvbnRlbnQvdXBsb2Fkcy8yMDIxLzA3L2FudW5jaW9zLXBhZ29zLmpwZw==\"\/>\n\t\t\t\t\t\t<img loading=\"lazy\" data-src=\"\/\/audazbrasil.com\/wp-content\/uploads\/revslider\/peak-portfolio\/peak_pattern2.png\" data-libid=\"85\" width=\"0\" height=\"0\" data-dbsrc=\"Ly9hdWRhemJyYXNpbC5jb20vd3AtY29udGVudC91cGxvYWRzL3JldnNsaWRlci9wZWFrLXBvcnRmb2xpby9wZWFrX3BhdHRlcm4yLnBuZw==\"\/>\n\t\t\t\t\t\t<img loading=\"lazy\" data-src=\"\/\/audazbrasil.com\/usa\/wp-content\/uploads\/2020\/04\/servicos.jpg\" data-libid=\"359\" data-lib=\"medialibrary\" title=\"servicos\" width=\"0\" height=\"0\" data-dbsrc=\"Ly9hdWRhemJyYXNpbC5jb20vdXNhL3dwLWNvbnRlbnQvdXBsb2Fkcy8yMDIwLzA0L3NlcnZpY29zLmpwZw==\"\/>\n\t\t\t\t\t<\/image_lists>\n\t\t\t\t<\/sr7-module>\n\t\t\t\t<script>\n\t\t\t\t\twindow.SR7 ??={};SR7.PMH ??={}; SR7.PMH[\"SR7_115_4\"] = {cn:100,state:false,fn: function() { if (window._tpt!==undefined && window._tpt.prepareModuleHeight !== undefined) {  _tpt.prepareModuleHeight({id:\"SR7_115_4\",el:[2190,2190,2220,1710,2018],type:'hero',shdw:'0',gh:[2190,2190,2220,1710,2018],gw:[1240,1240,1024,778,480],vpt:['-200px&#039;,&#039;-200px&#039;,&#039;-200px&#039;,&#039;-200px&#039;,&#039;-200px'],size:{fullWidth:true, fullHeight:false},mh:'0',onh:0,onw:0,bg:{color:'{\"type\":\"solid\",\"orig\":\"#1c1c1c\",\"string\":\"rgba(28, 28, 28, 1)\"}'}});   SR7.PMH[\"SR7_115_4\"].state=true;} else if(SR7.PMH[\"SR7_115_4\"].cn-->0)\tsetTimeout( SR7.PMH[\"SR7_115_4\"].fn,19);}};SR7.PMH[\"SR7_115_4\" ].fn();\n\t\t\t\t<\/script>\n<\/div>\r\n\r\n\r\n\r\n<div class=\"wp-block-themepunch-revslider revslider\" data-modal=\"false\" data-slidertitle=\"Minimal Portfolio1\">\n\t\t\t\t<p class=\"rs-p-wp-fix\"><\/p>\n\t\t\t\t<sr7-module data-alias=\"minimal-portfolio1-12\" data-id=\"125\" id=\"SR7_125_5\" class=\"rs-respect-topbar respect-fixedstatic rs-ov-hidden\" data-version=\"6.7.54\">\n\t\t\t\t\t<sr7-adjuster><\/sr7-adjuster>\n\t\t\t\t\t<sr7-content>\n\t\t\t\t\t\t<sr7-slide id=\"SR7_125_5-62\" data-key=\"62\">\n\t\t\t\t\t\t\t<sr7-txt id=\"SR7_125_5-62-0\" class=\"sr7-layer\">Aumente<\/sr7-txt>\n\t\t\t\t\t\t\t<sr7-txt id=\"SR7_125_5-62-2\" class=\"sr7-layer\">Exponencialmente<\/sr7-txt>\n\t\t\t\t\t\t\t<a id=\"SR7_125_5-62-18\" class=\"sr7-layer\" href=\"https:\/\/www.facebook.com\/audazbrasil\/\" target=\"_blank\" rel=\"nofollow noopener\">Facebook<\/a>\n\t\t\t\t\t\t\t<sr7-txt id=\"SR7_125_5-62-19\" class=\"sr7-layer\">contato@audazbrasil.com<\/sr7-txt>\n\t\t\t\t\t\t\t<sr7-txt id=\"SR7_125_5-62-20\" class=\"sr7-layer\">contact@audazbrasil.com<\/sr7-txt>\n\t\t\t\t\t\t\t<sr7-txt id=\"SR7_125_5-62-21\" class=\"sr7-layer\"><a style=\"text-decoration:none; color:#fff!important;\"href=\"tel:35984529699\">+55 (35) 98452 9699<\/a><\/sr7-txt>\n\t\t\t\t\t\t\t<sr7-txt id=\"SR7_125_5-62-22\" class=\"sr7-layer\"><a style=\"text-decoration:none; color:#fff!important;\"href=\"tel:+18572250374\">+1 857 225 0374<\/a><\/sr7-txt>\n\t\t\t\t\t\t\t<sr7-txt id=\"SR7_125_5-62-36\" class=\"sr7-layer\">BRASIL<\/sr7-txt>\n\t\t\t\t\t\t\t<sr7-txt id=\"SR7_125_5-62-37\" class=\"sr7-layer\">USA<\/sr7-txt>\n\t\t\t\t\t\t\t<a id=\"SR7_125_5-62-44\" class=\"sr7-layer\" href=\"http:\/\/instagram.com\/audazbrasil\" target=\"_blank\" rel=\"nofollow noopener\">Instagram<\/a>\n\t\t\t\t\t\t\t<a id=\"SR7_125_5-62-45\" class=\"sr7-layer\" href=\"https:\/\/api.whatsapp.com\/send?phone=5535984529699\" target=\"_blank\" rel=\"nofollow noopener\">Whatsapp<\/a>\n\t\t\t\t\t\t\t<sr7-txt id=\"SR7_125_5-62-83\" class=\"sr7-layer\">Seu rendimento<\/sr7-txt>\n\t\t\t\t\t\t<\/sr7-slide>\n\t\t\t\t\t\t<sr7-slide id=\"SR7_125_5-124\" data-key=\"124\">\n\t\t\t\t\t\t<\/sr7-slide>\n\t\t\t\t\t<\/sr7-content>\n\t\t\t\t<\/sr7-module>\n\t\t\t\t<script>\n\t\t\t\t\twindow.SR7 ??={};SR7.PMH ??={}; SR7.PMH[\"SR7_125_5\"] = {cn:100,state:false,fn: function() { if (window._tpt!==undefined && window._tpt.prepareModuleHeight !== undefined) {  _tpt.prepareModuleHeight({id:\"SR7_125_5\",el:[480,480,480,960,720],type:'standard',shdw:'0',gh:[480,480,480,960,720],gw:[1920,1920,1300,778,480],vpt:['-200px&#039;,&#039;-200px&#039;,&#039;-200px&#039;,&#039;-200px&#039;,&#039;-200px'],size:{fullWidth:true, fullHeight:false},mh:'0',onh:0,onw:0,bg:{color:'{\"orig\":\"transparent\",\"type\":\"solid\",\"string\":\"transparent\"}'}});   SR7.PMH[\"SR7_125_5\"].state=true;} else if(SR7.PMH[\"SR7_125_5\"].cn-->0)\tsetTimeout( SR7.PMH[\"SR7_125_5\"].fn,19);}};SR7.PMH[\"SR7_125_5\" ].fn();\n\t\t\t\t<\/script>\n<\/div>\r\n\t\t\t\t\t\t\t\t<\/div>\n\t\t\t\t\t<\/div>\n\t\t\t\t<\/div>\n\t\t\t\t<\/div>\n\t\t","protected":false},"excerpt":{"rendered":"","protected":false},"author":1,"featured_media":0,"parent":0,"menu_order":0,"comment_status":"closed","ping_status":"closed","template":"","meta":{"footnotes":""},"class_list":["post-133","page","type-page","status-publish","hentry"],"_links":{"self":[{"href":"https:\/\/audazbrasil.com\/usa\/wp-json\/wp\/v2\/pages\/133","targetHints":{"allow":["GET"]}}],"collection":[{"href":"https:\/\/audazbrasil.com\/usa\/wp-json\/wp\/v2\/pages"}],"about":[{"href":"https:\/\/audazbrasil.com\/usa\/wp-json\/wp\/v2\/types\/page"}],"author":[{"embeddable":true,"href":"https:\/\/audazbrasil.com\/usa\/wp-json\/wp\/v2\/users\/1"}],"replies":[{"embeddable":true,"href":"https:\/\/audazbrasil.com\/usa\/wp-json\/wp\/v2\/comments?post=133"}],"version-history":[{"count":5,"href":"https:\/\/audazbrasil.com\/usa\/wp-json\/wp\/v2\/pages\/133\/revisions"}],"predecessor-version":[{"id":717,"href":"https:\/\/audazbrasil.com\/usa\/wp-json\/wp\/v2\/pages\/133\/revisions\/717"}],"wp:attachment":[{"href":"https:\/\/audazbrasil.com\/usa\/wp-json\/wp\/v2\/media?parent=133"}],"curies":[{"name":"wp","href":"https:\/\/api.w.org\/{rel}","templated":true}]}}