{"id":171,"date":"2019-08-05T07:12:12","date_gmt":"2019-08-05T10:12:12","guid":{"rendered":"https:\/\/audazbrasil.com\/?page_id=171"},"modified":"2025-07-30T13:34:11","modified_gmt":"2025-07-30T16:34:11","slug":"lancamento-de-produtos-digitais","status":"publish","type":"page","link":"https:\/\/audazbrasil.com\/usa\/lancamento-de-produtos-digitais\/","title":{"rendered":"Lan\u00e7amento de Produtos Digitais"},"content":{"rendered":"\t\t<div data-elementor-type=\"wp-page\" data-elementor-id=\"171\" class=\"elementor elementor-171\" data-elementor-post-type=\"page\">\n\t\t\t\t<div class=\"elementor-element elementor-element-473b08c4 e-flex e-con-boxed e-con e-parent\" data-id=\"473b08c4\" data-element_type=\"container\" data-e-type=\"container\">\n\t\t\t\t\t<div class=\"e-con-inner\">\n\t\t\t\t<div class=\"elementor-element elementor-element-6fcdb5db elementor-widget elementor-widget-text-editor\" data-id=\"6fcdb5db\" data-element_type=\"widget\" data-e-type=\"widget\" data-widget_type=\"text-editor.default\">\n\t\t\t\t\t\t\t\t\t\r\n<div class=\"wp-block-themepunch-revslider revslider\" data-modal=\"false\" data-slidertitle=\"Slider 3 11\">\n\t\t\t\t<p class=\"rs-p-wp-fix\"><\/p>\n\t\t\t\t<sr7-module data-alias=\"slider-3-11\" data-id=\"79\" id=\"SR7_79_1\" class=\"rs-ov-hidden\" data-version=\"6.7.54\">\n\t\t\t\t\t<sr7-adjuster><\/sr7-adjuster>\n\t\t\t\t\t<sr7-content>\n\t\t\t\t\t\t<sr7-slide id=\"SR7_79_1-23\" data-key=\"23\">\n\t\t\t\t\t\t\t<sr7-bg id=\"SR7_79_1-23-6\" class=\"sr7-layer\"><noscript><img decoding=\"async\" src=\"http:\/\/audazbrasil.com\/usa\/wp-content\/uploads\/2019\/11\/lancamento.jpg\" alt=\"\" title=\"lancamento\"><\/noscript><\/sr7-bg>\n\t\t\t\t\t\t\t<sr7-txt id=\"SR7_79_1-23-1\" class=\"sr7-layer\"><b>LAN\u00c7AMENTO<\/b> <br\/>DE PRODUTOS DIGITAIS<\/sr7-txt>\n\t\t\t\t\t\t<\/sr7-slide>\n\t\t\t\t\t\t<sr7-slide id=\"SR7_79_1-87\" data-key=\"87\">\n\t\t\t\t\t\t<\/sr7-slide>\n\t\t\t\t\t<\/sr7-content>\n\t\t\t\t\t<image_lists style=\"display:none\">\n\t\t\t\t\t\t<img data-src=\"\/\/audazbrasil.com\/usa\/wp-content\/uploads\/2019\/11\/lancamento.jpg\" data-libid=\"308\" data-lib=\"medialibrary\" title=\"lancamento\" width=\"0\" height=\"0\" data-dbsrc=\"Ly9hdWRhemJyYXNpbC5jb20vdXNhL3dwLWNvbnRlbnQvdXBsb2Fkcy8yMDE5LzExL2xhbmNhbWVudG8uanBn\"\/>\n\t\t\t\t\t<\/image_lists>\n\t\t\t\t<\/sr7-module>\n\t\t\t\t<script>\n\t\t\t\t\twindow.SR7 ??={};SR7.PMH ??={}; SR7.PMH[\"SR7_79_1\"] = {cn:100,state:false,fn: function() { if (window._tpt!==undefined && window._tpt.prepareModuleHeight !== undefined) {  _tpt.prepareModuleHeight({id:\"SR7_79_1\",el:[670,670,670,670,410],type:'hero',shdw:'0',gh:[670,670,670,670,410],gw:[1920,1920,1920,1920,480],vpt:['-200px&#039;,&#039;-200px&#039;,&#039;-200px&#039;,&#039;-200px&#039;,&#039;-200px'],size:{fullWidth:true, fullHeight:false},mh:'0',onh:0,onw:0,bg:{color:'{\"type\":\"solid\",\"orig\":\"rgba(15, 15, 15, 0.51)\",\"string\":\"rgba(15, 15, 15, 0.51)\"}'},plType:'0',plColor:'#FFFFFF'});   SR7.PMH[\"SR7_79_1\"].state=true;} else if(SR7.PMH[\"SR7_79_1\"].cn-->0)\tsetTimeout( SR7.PMH[\"SR7_79_1\"].fn,19);}};SR7.PMH[\"SR7_79_1\" ].fn();\n\t\t\t\t<\/script>\n<\/div>\r\n<div data-modal=\"false\" data-slidertitle=\"Slider 3 11\">\n\t\t\t\t<p class=\"rs-p-wp-fix\"><\/p>\n\t\t\t\t<sr7-module data-alias=\"introducao-consultoria-11\" data-id=\"119\" id=\"SR7_119_2\" class=\"rs-ov-hidden\" data-version=\"6.7.54\">\n\t\t\t\t\t<sr7-adjuster><\/sr7-adjuster>\n\t\t\t\t\t<sr7-content>\n\t\t\t\t\t\t<sr7-slide id=\"SR7_119_2-57\" data-key=\"57\">\n\t\t\t\t\t\t\t<sr7-txt id=\"SR7_119_2-57-3\" class=\"sr7-layer\">Inbound Marketing\n \n\t\t\t\t\t\t\t\t\t\t<\/sr7-txt>\n\t\t\t\t\t\t\t<sr7-txt id=\"SR7_119_2-57-4\" class=\"sr7-layer\">Servi\u00e7os \n\t\t\t\t\t\t\t\t\t\t<\/sr7-txt>\n\t\t\t\t\t\t\t<sr7-txt id=\"SR7_119_2-57-5\" class=\"sr7-layer\">Elabora\u00e7\u00e3o e execu\u00e7\u00e3o das estrat\u00e9gias e lan\u00e7amento \n\t\t\t\t\t\t\t\t\t\t<\/sr7-txt>\n\t\t\t\t\t\t\t<sr7-txt id=\"SR7_119_2-57-6\" class=\"sr7-layer\">Produ\u00e7\u00e3o de cursos online e  outros tipos de infoprodutos \n\t\t\t\t\t\t\t\t\t\t<\/sr7-txt>\n\t\t\t\t\t\t\t<sr7-txt id=\"SR7_119_2-57-7\" class=\"sr7-layer\">Consultoria \n\t\t\t\t\t\t\t\t\t\t<\/sr7-txt>\n\t\t\t\t\t\t\t<sr7-txt id=\"SR7_119_2-57-8\" class=\"sr7-layer\">Identifica\u00e7\u00e3o de oportunidades \n\t\t\t\t\t\t\t\t\t\t<\/sr7-txt>\n\t\t\t\t\t\t\t<sr7-txt id=\"SR7_119_2-57-9\" class=\"sr7-layer\">Cria\u00e7\u00e3o de an\u00fancios \n\t\t\t\t\t\t\t\t\t\t<\/sr7-txt>\n\t\t\t\t\t\t\t<sr7-txt id=\"SR7_119_2-57-11\" class=\"sr7-layer\">SOBRE LAN\u00c7AMENTOS DE PRODUTOS DIGITAIS \n\t\t\t\t\t\t\t\t\t\t<\/sr7-txt>\n\t\t\t\t\t\t\t<sr7-txt id=\"SR7_119_2-57-12\" class=\"sr7-layer\">Definidas essas quest\u00f5es, elaboramos estrat\u00e9gias e realizamos a melhor metodologia de lan\u00e7amento para o seu neg\u00f3cio. A consequ\u00eancia \u00e9 um n\u00famero elevado de vendas em um curto per\u00edodo de tempo. Mas, \u00e9 preciso engajamento, comprometimento e, claro, mergulhar de cabe\u00e7a nas propostas dos nossos especialistas na jornada de lan\u00e7amento de infoprodutos.<br \/>\n\u00c9 extremamente poss\u00edvel faturar altos d\u00edgitos atrav\u00e9s do lan\u00e7amento de infoprodutos, desde que seja feito com o aux\u00edlio de profissionais audaciosos e que buscam a excel\u00eancia naquilo que procuram entregar. O m\u00e9todo \u00e9 testado e comprovado por um grupo seleto de pessoas! Fa\u00e7a parte voc\u00ea tamb\u00e9m. Entre em contato e agende a sua consultoria gratuita.<br \/>\n<\/sr7-txt>\n\t\t\t\t\t\t\t<sr7-txt id=\"SR7_119_2-57-13\" class=\"sr7-layer\">Hoje em dia, investir em um neg\u00f3cio digital \u00e9 mais que acompanhar a tend\u00eancia, j\u00e1 \u00e9 uma quest\u00e3o de sobreviv\u00eancia no mercado. Ent\u00e3o, se voc\u00ea realmente se preocupa em alavancar as suas vendas e procura alternativas inovadoras, deve-se considerar a cria\u00e7\u00e3o de um infoproduto e o investimento na metodologia de lan\u00e7amento.<br \/>\nToda informa\u00e7\u00e3o comercializada ou disponibilizada no ambiente online \u00e9 considerada um infoproduto. Isso significa que voc\u00ea pode transformar o conhecimento que j\u00e1 possui em cursos online, e-books, webinars, audiobooks e diversos outros formatos de produtos digitais &#8211; as possibilidades s\u00e3o quase que infinitas.<br \/>\n<\/sr7-txt>\n\t\t\t\t\t\t<\/sr7-slide>\n\t\t\t\t\t\t<sr7-slide id=\"SR7_119_2-119\" data-key=\"119\">\n\t\t\t\t\t\t<\/sr7-slide>\n\t\t\t\t\t<\/sr7-content>\n\t\t\t\t<\/sr7-module>\n\t\t\t\t<script>\n\t\t\t\t\twindow.SR7 ??={};SR7.PMH ??={}; SR7.PMH[\"SR7_119_2\"] = {cn:100,state:false,fn: function() { if (window._tpt!==undefined && window._tpt.prepareModuleHeight !== undefined) {  _tpt.prepareModuleHeight({id:\"SR7_119_2\",el:[830,830,845,1724,2085],type:'hero',shdw:'0',gh:[830,830,845,1724,2085],gw:[1240,1240,1280,778,480],vpt:['-200px&#039;,&#039;-200px&#039;,&#039;-200px&#039;,&#039;-200px&#039;,&#039;-200px'],size:{fullWidth:true, fullHeight:false},mh:'0',onh:0,onw:0,bg:{color:'{\"orig\":\"transparent\",\"type\":\"solid\",\"string\":\"transparent\"}'}});   SR7.PMH[\"SR7_119_2\"].state=true;} else if(SR7.PMH[\"SR7_119_2\"].cn-->0)\tsetTimeout( SR7.PMH[\"SR7_119_2\"].fn,19);}};SR7.PMH[\"SR7_119_2\" ].fn();\n\t\t\t\t<\/script>\n<\/div>\r\n\r\n\r\n\r\n\r\n\r\n<div class=\"wp-block-themepunch-revslider revslider\" data-modal=\"false\" data-slidertitle=\"Basic Content1 11\">\n\t\t\t\t<p class=\"rs-p-wp-fix\"><\/p>\n\t\t\t\t<sr7-module data-alias=\"basic-content1-11\" data-id=\"76\" id=\"about\" class=\"rs-ov-hidden\" data-version=\"6.7.54\">\n\t\t\t\t\t<sr7-adjuster><\/sr7-adjuster>\n\t\t\t\t\t<sr7-content>\n\t\t\t\t\t\t<sr7-slide id=\"about-20\" data-key=\"20\">\n\t\t\t\t\t\t\t<sr7-txt id=\"about-20-24\" class=\"sr7-layer\">Faturamento alto<\/sr7-txt>\n\t\t\t\t\t\t\t<sr7-txt id=\"about-20-25\" class=\"sr7-layer\">A metodologia de lan\u00e7amento trabalha, principalmente, com o princ\u00edpio da escassez. Como a venda fica dispon\u00edvel por tempo limitado e o lan\u00e7amento ocorre pouqu\u00edssimas vezes durante o ano, agrega valor ao seu produto. \u00c9 comprovado que quanto mais raro \u00e9 o objeto, maior \u00e9 o desejo de possu\u00ed-lo. \n<\/sr7-txt>\n\t\t\t\t\t\t\t<sr7-txt id=\"about-20-28\" class=\"sr7-layer\">Retorno r\u00e1pido sobre o investimento<\/sr7-txt>\n\t\t\t\t\t\t\t<sr7-txt id=\"about-20-29\" class=\"sr7-layer\">Tamb\u00e9m devido ao curto per\u00edodo de disponibiliza\u00e7\u00e3o do produto digital e atrav\u00e9s da escolha da melhor estrat\u00e9gia, as vendas acontecem de forma r\u00e1pida e o dinheiro logo cai na sua conta.<\/sr7-txt>\n\t\t\t\t\t\t\t<sr7-txt id=\"about-20-32\" class=\"sr7-layer\">Alta escalabilidade<\/sr7-txt>\n\t\t\t\t\t\t\t<sr7-txt id=\"about-20-33\" class=\"sr7-layer\">Muito diferente dos produtos f\u00edsicos, que demandam custo de impress\u00e3o, esfor\u00e7o de reposi\u00e7\u00e3o e diversos processos burocr\u00e1ticos, o produto digital necessita de um baixo custo de produ\u00e7\u00e3o. Isso eleva consideravelmente a sua margem de lucro.<\/sr7-txt>\n\t\t\t\t\t\t\t<sr7-txt id=\"about-20-34\" class=\"sr7-layer\">Por que investir no servi\u00e7o?<\/sr7-txt>\n\t\t\t\t\t\t<\/sr7-slide>\n\t\t\t\t\t\t<sr7-slide id=\"about-84\" data-key=\"84\">\n\t\t\t\t\t\t<\/sr7-slide>\n\t\t\t\t\t<\/sr7-content>\n\t\t\t\t<\/sr7-module>\n\t\t\t\t<script>\n\t\t\t\t\twindow.SR7 ??={};SR7.PMH ??={}; SR7.PMH[\"about\"] = {cn:100,state:false,fn: function() { if (window._tpt!==undefined && window._tpt.prepareModuleHeight !== undefined) {  _tpt.prepareModuleHeight({id:\"about\",el:[600,600,605,1050,1051],type:'hero',shdw:'0',gh:[600,600,605,1050,960],gw:[1240,1240,1024,778,480],vpt:['100px&#039;,&#039;100px&#039;,&#039;100px&#039;,&#039;100px&#039;,&#039;100px'],size:{fullWidth:true, fullHeight:false},mh:'0',onh:0,onw:0,bg:{color:'{\"orig\":\"transparent\",\"type\":\"solid\",\"string\":\"transparent\"}'}});   SR7.PMH[\"about\"].state=true;} else if(SR7.PMH[\"about\"].cn-->0)\tsetTimeout( SR7.PMH[\"about\"].fn,19);}};SR7.PMH[\"about\" ].fn();\n\t\t\t\t<\/script>\n<\/div>\r\n\r\n\r\n\r\n<div class=\"wp-block-themepunch-revslider revslider\" data-modal=\"false\" data-slidertitle=\"Peak Portfolio1 11\">\n\t\t\t\t<p class=\"rs-p-wp-fix\"><\/p>\n\t\t\t\t<sr7-module data-alias=\"peak-portfolio1-11\" data-id=\"78\" id=\"SR7_78_4\" class=\"rs-ov-hidden\" data-version=\"6.7.54\">\n\t\t\t\t\t<sr7-adjuster><\/sr7-adjuster>\n\t\t\t\t\t<sr7-content>\n\t\t\t\t\t\t<sr7-slide id=\"SR7_78_4-22\" data-key=\"22\">\n\t\t\t\t\t\t\t<sr7-txt id=\"SR7_78_4-22-0\" class=\"sr7-layer\">CHEGADA<\/sr7-txt>\n\t\t\t\t\t\t\t<sr7-txt id=\"SR7_78_4-22-1\" class=\"sr7-layer\">INICIO<\/sr7-txt>\n\t\t\t\t\t\t\t<sr7-txt id=\"SR7_78_4-22-3\" class=\"sr7-layer\">PLANEJAMENTO E PREPARA\u00c7\u00c3O<\/sr7-txt>\n\t\t\t\t\t\t\t<sr7-txt id=\"SR7_78_4-22-4\" class=\"sr7-layer\">TIMELINE DO CLIENTE<\/sr7-txt>\n\t\t\t\t\t\t\t<sr7-txt id=\"SR7_78_4-22-6\" class=\"sr7-layer\">PR\u00c9-LAN\u00c7AMENTO<\/sr7-txt>\n\t\t\t\t\t\t\t<sr7-txt id=\"SR7_78_4-22-9\" class=\"sr7-layer\">PROJETO<\/sr7-txt>\n\t\t\t\t\t\t\t<sr7-txt id=\"SR7_78_4-22-11\" class=\"sr7-layer\">LAN\u00c7AMENTO E P\u00d3S-LAN\u00c7AMENTO<\/sr7-txt>\n\t\t\t\t\t\t\t<a id=\"SR7_78_4-22-17\" class=\"sr7-layer\" href=\"https:\/\/api.whatsapp.com\/send?phone=5531991314004\" target=\"_blank\" rel=\"noopener\">SAIBA MAIS<\/a>\n\t\t\t\t\t\t\t<sr7-txt id=\"SR7_78_4-22-24\" class=\"sr7-layer\">Iremos planejar e preparar todo o lan\u00e7amento do infoproduto. Isso inclui a defini\u00e7\u00e3o do p\u00fablico-alvo, identifica\u00e7\u00e3o das necessidades do mercado, estabelecimento dos objetivos do produto e cria\u00e7\u00e3o de uma estrat\u00e9gia de marketing. Tamb\u00e9m iremos desenvolver o conte\u00fado do infoproduto, criar materiais promocionais, estabelecer pre\u00e7os e definir as metas de vendas.<br \/>\n<\/sr7-txt>\n\t\t\t\t\t\t\t<sr7-txt id=\"SR7_78_4-22-25\" class=\"sr7-layer\">O pr\u00e9-lan\u00e7amento \u00e9 uma fase crucial para gerar expectativa e interesse pelo seu infoproduto. N\u00f3s iremos adotar diferentes estrat\u00e9gias, como oferecer materiais gratuitos relacionados ao tema do infoproduto, realizar webinars, lives, criar uma lista de e-mails para nutrir leads, produzir v\u00eddeos promocionais, etc. Nosso objetivo \u00e9 atrair a aten\u00e7\u00e3o do p\u00fablico e criar uma base de potenciais compradores.<br \/>\n<\/sr7-txt>\n\t\t\t\t\t\t\t<sr7-txt id=\"SR7_78_4-22-27\" class=\"sr7-layer\">No momento do lan\u00e7amento, iremos disponibilizar oficialmente seu infoproduto para venda. N\u00f3s iremos criar uma campanha de marketing bem estruturada, utilizando diversos canais de divulga\u00e7\u00e3o, como redes sociais, e-mail marketing, an\u00fancios pagos e parcerias. Durante o per\u00edodo de lan\u00e7amento, iremos acompanhar as m\u00e9tricas de vendas, monitorar o feedback dos clientes e ajustar a estrat\u00e9gia conforme necess\u00e1rio. <\/sr7-txt>\n\t\t\t\t\t\t<\/sr7-slide>\n\t\t\t\t\t\t<sr7-slide id=\"SR7_78_4-86\" data-key=\"86\">\n\t\t\t\t\t\t<\/sr7-slide>\n\t\t\t\t\t<\/sr7-content>\n\t\t\t\t\t<image_lists style=\"display:none\">\n\t\t\t\t\t\t<img data-src=\"\/\/audazbrasil.com\/usa\/wp-content\/uploads\/2020\/04\/digital-marketing.jpg\" data-libid=\"351\" data-lib=\"medialibrary\" title=\"digital-marketing\" width=\"0\" height=\"0\" data-dbsrc=\"Ly9hdWRhemJyYXNpbC5jb20vdXNhL3dwLWNvbnRlbnQvdXBsb2Fkcy8yMDIwLzA0L2RpZ2l0YWwtbWFya2V0aW5nLmpwZw==\"\/>\n\t\t\t\t\t\t<img data-src=\"\/\/audazbrasil.com\/wp-content\/uploads\/revslider\/peak-portfolio\/peak_pattern2.png\" data-libid=\"85\" width=\"0\" height=\"0\" data-dbsrc=\"Ly9hdWRhemJyYXNpbC5jb20vd3AtY29udGVudC91cGxvYWRzL3JldnNsaWRlci9wZWFrLXBvcnRmb2xpby9wZWFrX3BhdHRlcm4yLnBuZw==\"\/>\n\t\t\t\t\t\t<img loading=\"lazy\" data-src=\"\/\/audazbrasil.com\/usa\/wp-content\/uploads\/2020\/04\/servicos-5.jpg\" data-libid=\"355\" data-lib=\"medialibrary\" title=\"servicos-5\" width=\"0\" height=\"0\" data-dbsrc=\"Ly9hdWRhemJyYXNpbC5jb20vdXNhL3dwLWNvbnRlbnQvdXBsb2Fkcy8yMDIwLzA0L3NlcnZpY29zLTUuanBn\"\/>\n\t\t\t\t\t<\/image_lists>\n\t\t\t\t<\/sr7-module>\n\t\t\t\t<script>\n\t\t\t\t\twindow.SR7 ??={};SR7.PMH ??={}; SR7.PMH[\"SR7_78_4\"] = {cn:100,state:false,fn: function() { if (window._tpt!==undefined && window._tpt.prepareModuleHeight !== undefined) {  _tpt.prepareModuleHeight({id:\"SR7_78_4\",el:[2190,2190,2220,1710,1708],type:'hero',shdw:'0',gh:[2190,2190,2220,1710,1708],gw:[1240,1240,1024,778,480],vpt:['-200px&#039;,&#039;-200px&#039;,&#039;-200px&#039;,&#039;-200px&#039;,&#039;-200px'],size:{fullWidth:true, fullHeight:false},mh:'0',onh:0,onw:0,bg:{color:'{\"type\":\"solid\",\"orig\":\"#1c1c1c\",\"string\":\"rgba(28, 28, 28, 1)\"}'}});   SR7.PMH[\"SR7_78_4\"].state=true;} else if(SR7.PMH[\"SR7_78_4\"].cn-->0)\tsetTimeout( SR7.PMH[\"SR7_78_4\"].fn,19);}};SR7.PMH[\"SR7_78_4\" ].fn();\n\t\t\t\t<\/script>\n<\/div>\r\n\r\n\r\n\r\n<div class=\"wp-block-themepunch-revslider revslider\" data-modal=\"false\" data-slidertitle=\"Minimal Portfolio1\">\n\t\t\t\t<p class=\"rs-p-wp-fix\"><\/p>\n\t\t\t\t<sr7-module data-alias=\"minimal-portfolio1-12\" data-id=\"125\" id=\"SR7_125_5\" class=\"rs-respect-topbar respect-fixedstatic rs-ov-hidden\" data-version=\"6.7.54\">\n\t\t\t\t\t<sr7-adjuster><\/sr7-adjuster>\n\t\t\t\t\t<sr7-content>\n\t\t\t\t\t\t<sr7-slide id=\"SR7_125_5-62\" data-key=\"62\">\n\t\t\t\t\t\t\t<sr7-txt id=\"SR7_125_5-62-0\" class=\"sr7-layer\">Aumente<\/sr7-txt>\n\t\t\t\t\t\t\t<sr7-txt id=\"SR7_125_5-62-2\" class=\"sr7-layer\">Exponencialmente<\/sr7-txt>\n\t\t\t\t\t\t\t<a id=\"SR7_125_5-62-18\" class=\"sr7-layer\" href=\"https:\/\/www.facebook.com\/audazbrasil\/\" target=\"_blank\" rel=\"nofollow noopener\">Facebook<\/a>\n\t\t\t\t\t\t\t<sr7-txt id=\"SR7_125_5-62-19\" class=\"sr7-layer\">contato@audazbrasil.com<\/sr7-txt>\n\t\t\t\t\t\t\t<sr7-txt id=\"SR7_125_5-62-20\" class=\"sr7-layer\">contact@audazbrasil.com<\/sr7-txt>\n\t\t\t\t\t\t\t<sr7-txt id=\"SR7_125_5-62-21\" class=\"sr7-layer\"><a style=\"text-decoration:none; color:#fff!important;\"href=\"tel:35984529699\">+55 (35) 98452 9699<\/a><\/sr7-txt>\n\t\t\t\t\t\t\t<sr7-txt id=\"SR7_125_5-62-22\" class=\"sr7-layer\"><a style=\"text-decoration:none; color:#fff!important;\"href=\"tel:+18572250374\">+1 857 225 0374<\/a><\/sr7-txt>\n\t\t\t\t\t\t\t<sr7-txt id=\"SR7_125_5-62-36\" class=\"sr7-layer\">BRASIL<\/sr7-txt>\n\t\t\t\t\t\t\t<sr7-txt id=\"SR7_125_5-62-37\" class=\"sr7-layer\">USA<\/sr7-txt>\n\t\t\t\t\t\t\t<a id=\"SR7_125_5-62-44\" class=\"sr7-layer\" href=\"http:\/\/instagram.com\/audazbrasil\" target=\"_blank\" rel=\"nofollow noopener\">Instagram<\/a>\n\t\t\t\t\t\t\t<a id=\"SR7_125_5-62-45\" class=\"sr7-layer\" href=\"https:\/\/api.whatsapp.com\/send?phone=5535984529699\" target=\"_blank\" rel=\"nofollow noopener\">Whatsapp<\/a>\n\t\t\t\t\t\t\t<sr7-txt id=\"SR7_125_5-62-83\" class=\"sr7-layer\">Seu rendimento<\/sr7-txt>\n\t\t\t\t\t\t<\/sr7-slide>\n\t\t\t\t\t\t<sr7-slide id=\"SR7_125_5-124\" data-key=\"124\">\n\t\t\t\t\t\t<\/sr7-slide>\n\t\t\t\t\t<\/sr7-content>\n\t\t\t\t<\/sr7-module>\n\t\t\t\t<script>\n\t\t\t\t\twindow.SR7 ??={};SR7.PMH ??={}; SR7.PMH[\"SR7_125_5\"] = {cn:100,state:false,fn: function() { if (window._tpt!==undefined && window._tpt.prepareModuleHeight !== undefined) {  _tpt.prepareModuleHeight({id:\"SR7_125_5\",el:[480,480,480,960,720],type:'standard',shdw:'0',gh:[480,480,480,960,720],gw:[1920,1920,1300,778,480],vpt:['-200px&#039;,&#039;-200px&#039;,&#039;-200px&#039;,&#039;-200px&#039;,&#039;-200px'],size:{fullWidth:true, fullHeight:false},mh:'0',onh:0,onw:0,bg:{color:'{\"orig\":\"transparent\",\"type\":\"solid\",\"string\":\"transparent\"}'}});   SR7.PMH[\"SR7_125_5\"].state=true;} else if(SR7.PMH[\"SR7_125_5\"].cn-->0)\tsetTimeout( SR7.PMH[\"SR7_125_5\"].fn,19);}};SR7.PMH[\"SR7_125_5\" ].fn();\n\t\t\t\t<\/script>\n<\/div>\r\n\t\t\t\t\t\t\t\t<\/div>\n\t\t\t\t\t<\/div>\n\t\t\t\t<\/div>\n\t\t\t\t<\/div>\n\t\t","protected":false},"excerpt":{"rendered":"","protected":false},"author":1,"featured_media":0,"parent":0,"menu_order":0,"comment_status":"closed","ping_status":"closed","template":"","meta":{"footnotes":""},"class_list":["post-171","page","type-page","status-publish","hentry"],"_links":{"self":[{"href":"https:\/\/audazbrasil.com\/usa\/wp-json\/wp\/v2\/pages\/171","targetHints":{"allow":["GET"]}}],"collection":[{"href":"https:\/\/audazbrasil.com\/usa\/wp-json\/wp\/v2\/pages"}],"about":[{"href":"https:\/\/audazbrasil.com\/usa\/wp-json\/wp\/v2\/types\/page"}],"author":[{"embeddable":true,"href":"https:\/\/audazbrasil.com\/usa\/wp-json\/wp\/v2\/users\/1"}],"replies":[{"embeddable":true,"href":"https:\/\/audazbrasil.com\/usa\/wp-json\/wp\/v2\/comments?post=171"}],"version-history":[{"count":4,"href":"https:\/\/audazbrasil.com\/usa\/wp-json\/wp\/v2\/pages\/171\/revisions"}],"predecessor-version":[{"id":641,"href":"https:\/\/audazbrasil.com\/usa\/wp-json\/wp\/v2\/pages\/171\/revisions\/641"}],"wp:attachment":[{"href":"https:\/\/audazbrasil.com\/usa\/wp-json\/wp\/v2\/media?parent=171"}],"curies":[{"name":"wp","href":"https:\/\/api.w.org\/{rel}","templated":true}]}}