{"id":266,"date":"2019-09-13T09:46:55","date_gmt":"2019-09-13T12:46:55","guid":{"rendered":"https:\/\/audazbrasil.com\/?page_id=266"},"modified":"2025-07-30T13:21:53","modified_gmt":"2025-07-30T16:21:53","slug":"treinamento","status":"publish","type":"page","link":"https:\/\/audazbrasil.com\/usa\/treinamento\/","title":{"rendered":"Treinamento"},"content":{"rendered":"\t\t<div data-elementor-type=\"wp-page\" data-elementor-id=\"266\" class=\"elementor elementor-266\" data-elementor-post-type=\"page\">\n\t\t\t\t<div class=\"elementor-element elementor-element-293904cb e-flex e-con-boxed e-con e-parent\" data-id=\"293904cb\" data-element_type=\"container\" data-e-type=\"container\">\n\t\t\t\t\t<div class=\"e-con-inner\">\n\t\t\t\t<div class=\"elementor-element elementor-element-4aa4f686 elementor-widget elementor-widget-text-editor\" data-id=\"4aa4f686\" data-element_type=\"widget\" data-e-type=\"widget\" data-widget_type=\"text-editor.default\">\n\t\t\t\t\t\t\t\t\t\n<div class=\"wp-block-themepunch-revslider revslider\" data-modal=\"false\" data-slidertitle=\"Paintbrush Addon\">\n\t\t\t\t<p class=\"rs-p-wp-fix\"><\/p>\n\t\t\t\t<sr7-module data-alias=\"slider-3-11-1\" data-id=\"98\" id=\"SR7_98_1\" class=\"rs-ov-hidden\" data-version=\"6.7.54\">\n\t\t\t\t\t<sr7-adjuster><\/sr7-adjuster>\n\t\t\t\t\t<sr7-content>\n\t\t\t\t\t\t<sr7-slide id=\"SR7_98_1-37\" data-key=\"37\">\n\t\t\t\t\t\t\t<sr7-bg id=\"SR7_98_1-37-6\" class=\"sr7-layer\"><noscript><img decoding=\"async\" src=\"http:\/\/audazbrasil.com\/usa\/wp-content\/uploads\/2021\/03\/treinamento.jpg\" alt=\"\" title=\"treinamento\"><\/noscript><\/sr7-bg>\n\t\t\t\t\t\t\t<sr7-txt id=\"SR7_98_1-37-1\" class=\"sr7-layer\"><b>TREI<\/b>NAMENTO<\/sr7-txt>\n\t\t\t\t\t\t<\/sr7-slide>\n\t\t\t\t\t\t<sr7-slide id=\"SR7_98_1-102\" data-key=\"102\">\n\t\t\t\t\t\t<\/sr7-slide>\n\t\t\t\t\t<\/sr7-content>\n\t\t\t\t\t<image_lists style=\"display:none\">\n\t\t\t\t\t\t<img data-src=\"\/\/audazbrasil.com\/usa\/wp-content\/uploads\/2021\/03\/treinamento.jpg\" data-libid=\"428\" data-lib=\"medialibrary\" title=\"treinamento\" width=\"0\" height=\"0\" data-dbsrc=\"Ly9hdWRhemJyYXNpbC5jb20vdXNhL3dwLWNvbnRlbnQvdXBsb2Fkcy8yMDIxLzAzL3RyZWluYW1lbnRvLmpwZw==\"\/>\n\t\t\t\t\t<\/image_lists>\n\t\t\t\t<\/sr7-module>\n\t\t\t\t<script>\n\t\t\t\t\twindow.SR7 ??={};SR7.PMH ??={}; SR7.PMH[\"SR7_98_1\"] = {cn:100,state:false,fn: function() { if (window._tpt!==undefined && window._tpt.prepareModuleHeight !== undefined) {  _tpt.prepareModuleHeight({id:\"SR7_98_1\",el:[670,670,670,670,410],type:'hero',shdw:'0',gh:[670,670,670,670,410],gw:[1920,1920,1920,1920,480],vpt:['-200px&#039;,&#039;-200px&#039;,&#039;-200px&#039;,&#039;-200px&#039;,&#039;-200px'],size:{fullWidth:true, fullHeight:false},mh:'0',onh:0,onw:0,bg:{color:'{\"type\":\"solid\",\"orig\":\"rgba(15, 15, 15, 0.51)\",\"string\":\"rgba(15, 15, 15, 0.51)\"}'},plType:'0',plColor:'#FFFFFF'});   SR7.PMH[\"SR7_98_1\"].state=true;} else if(SR7.PMH[\"SR7_98_1\"].cn-->0)\tsetTimeout( SR7.PMH[\"SR7_98_1\"].fn,19);}};SR7.PMH[\"SR7_98_1\" ].fn();\n\t\t\t\t<\/script>\n<\/div>\n<div data-modal=\"false\" data-slidertitle=\"Paintbrush Addon\">\n\t\t\t\t<p class=\"rs-p-wp-fix\"><\/p>\n\t\t\t\t<sr7-module data-alias=\"introducao-consultoria-12\" data-id=\"120\" id=\"SR7_120_2\" class=\"rs-ov-hidden\" data-version=\"6.7.54\">\n\t\t\t\t\t<sr7-adjuster><\/sr7-adjuster>\n\t\t\t\t\t<sr7-content>\n\t\t\t\t\t\t<sr7-slide id=\"SR7_120_2-58\" data-key=\"58\">\n\t\t\t\t\t\t\t<sr7-txt id=\"SR7_120_2-58-3\" class=\"sr7-layer\">Alcance suas metas sem sobrecarregar seu or\u00e7amento<\/sr7-txt>\n\t\t\t\t\t\t\t<sr7-txt id=\"SR7_120_2-58-4\" class=\"sr7-layer\">Benef\u00edcios do programa de elite High Skills <\/sr7-txt>\n\t\t\t\t\t\t\t<sr7-txt id=\"SR7_120_2-58-5\" class=\"sr7-layer\">Acesso vital\u00edcio ao curso online complementar   \n\t\t\t\t\t\t\t\t\t\t<\/sr7-txt>\n\t\t\t\t\t\t\t<sr7-txt id=\"SR7_120_2-58-6\" class=\"sr7-layer\">Conclua o programa em apenas 4 semanas*<\/sr7-txt>\n\t\t\t\t\t\t\t<sr7-txt id=\"SR7_120_2-58-7\" class=\"sr7-layer\">Aplica\u00e7\u00f5es D.I.Y (do it yourself, \u201cfa\u00e7a voc\u00ea mesmo\u201d) com acompanhamento  <\/sr7-txt>\n\t\t\t\t\t\t\t<sr7-txt id=\"SR7_120_2-58-8\" class=\"sr7-layer\">Aulas pr\u00e9 agendadas, online e ao vivo<\/sr7-txt>\n\t\t\t\t\t\t\t<sr7-txt id=\"SR7_120_2-58-9\" class=\"sr7-layer\">Suporte exclusivo com um time de experts em Marketing Digital <\/sr7-txt>\n\t\t\t\t\t\t\t<sr7-txt id=\"SR7_120_2-58-11\" class=\"sr7-layer\">High Skills \u2013 Programa de Elite<\/sr7-txt>\n\t\t\t\t\t\t\t<sr7-txt id=\"SR7_120_2-58-12\" class=\"sr7-layer\">de recursos, ferramentas e processos. Queremos encurtar o caminho para que voc\u00ea obtenha sucesso online atrav\u00e9s de estrat\u00e9gias j\u00e1 testadas.<br \/>\nResumimos anos de experi\u00eancia em algumas horas de imers\u00e3o para voc\u00ea aprender o que fazemos aqui e assim seguir seu pr\u00f3prio caminho. O que diferencia este curso dos demais \u00e9 que ele n\u00e3o apenas ensinar\u00e1 a teoria, mas mostrar\u00e1 passo a passo AO VIVO, como usar o marketing digital para aumentar sua autoridade e presen\u00e7a online. Como uma ag\u00eancia de marketing digital ativa, otimizamos continuamente nossos processos testando diferentes teorias e t\u00e9cnicas, e nossas descobertas s\u00e3o transferidas para nossos cursos. <br \/>\nIsso significa que voc\u00ea pode se concentrar em pr\u00e1ticas e procedimentos de marketing digital que comprovadamente funcionam.  Esse treinamento \u00e9 adequado para qualquer pessoa que queira aprender marketing digital da maneira mais r\u00e1pida poss\u00edvel. O conte\u00fado do curso \u00e9 atualizado regularmente para levar em considera\u00e7\u00e3o as mais recentes t\u00e9cnicas e pr\u00e1ticas de marketing digital.<br \/>\n<\/sr7-txt>\n\t\t\t\t\t\t\t<sr7-txt id=\"SR7_120_2-58-13\" class=\"sr7-layer\">Na Audaz Brasil | USA, entendemos que agora, mais do que nunca, o treinamento e a educa\u00e7\u00e3o online flex\u00edveis s\u00e3o de fundamental import\u00e2ncia para o seu neg\u00f3cio. <br \/>\nCriamos um programa de alta performance que atende as necessidades recorrentes de todo profissional que deseja iniciar no digital, mas n\u00e3o tem tempo para dedicar. Tornamos mais f\u00e1cil come\u00e7ar!<br \/>\nAjudamos voc\u00ea e sua equipe a dominar as t\u00e1ticas e estrat\u00e9gias de marketing que impulsionam de forma r\u00e1pida o crescimento online de seu neg\u00f3cio.<br \/>\nO objetivo desse programa \u00e9 compartilhar todo o conhecimento adquirido pela ag\u00eancia sobre o Marketing Digital. Neste treinamento abordamos o que funciona e o que n\u00e3o funciona, al\u00e9m<br \/>\n<\/sr7-txt>\n\t\t\t\t\t\t<\/sr7-slide>\n\t\t\t\t\t\t<sr7-slide id=\"SR7_120_2-120\" data-key=\"120\">\n\t\t\t\t\t\t<\/sr7-slide>\n\t\t\t\t\t<\/sr7-content>\n\t\t\t\t<\/sr7-module>\n\t\t\t\t<script>\n\t\t\t\t\twindow.SR7 ??={};SR7.PMH ??={}; SR7.PMH[\"SR7_120_2\"] = {cn:100,state:false,fn: function() { if (window._tpt!==undefined && window._tpt.prepareModuleHeight !== undefined) {  _tpt.prepareModuleHeight({id:\"SR7_120_2\",el:[1130,1130,845,1724,2605],type:'hero',shdw:'0',gh:[1130,1130,845,1724,2605],gw:[1240,1240,1280,778,480],vpt:['-200px&#039;,&#039;-200px&#039;,&#039;-200px&#039;,&#039;-200px&#039;,&#039;-200px'],size:{fullWidth:true, fullHeight:false},mh:'0',onh:0,onw:0,bg:{color:'{\"orig\":\"transparent\",\"type\":\"solid\",\"string\":\"transparent\"}'}});   SR7.PMH[\"SR7_120_2\"].state=true;} else if(SR7.PMH[\"SR7_120_2\"].cn-->0)\tsetTimeout( SR7.PMH[\"SR7_120_2\"].fn,19);}};SR7.PMH[\"SR7_120_2\" ].fn();\n\t\t\t\t<\/script>\n<\/div>\n\n<div class=\"wp-block-themepunch-revslider revslider\" data-modal=\"false\" data-slidertitle=\"Basic Content1 1\">\n\t\t\t\t<p class=\"rs-p-wp-fix\"><\/p>\n\t\t\t\t<sr7-module data-alias=\"basic-content1-11-1\" data-id=\"100\" id=\"about\" class=\"rs-ov-hidden\" data-version=\"6.7.54\">\n\t\t\t\t\t<sr7-adjuster><\/sr7-adjuster>\n\t\t\t\t\t<sr7-content>\n\t\t\t\t\t\t<sr7-slide id=\"about-39\" data-key=\"39\">\n\t\t\t\t\t\t\t<sr7-txt id=\"about-39-24\" class=\"sr7-layer\">Mais qualidade nos resultados<\/sr7-txt>\n\t\t\t\t\t\t\t<sr7-txt id=\"about-39-25\" class=\"sr7-layer\">\u00c9 comprovado que o Marketing Digital quando executado internamente tr\u00e1s resultados mais concretos e r\u00e1pidos para o seu neg\u00f3cio.\nSendo voc\u00ea ou uma pessoa de sua equipe executando o dia a dia de seu Marketing Digital, os resultados s\u00e3o infinitamente melhores por um motivo simples: marketing \u00e9 o cora\u00e7\u00e3o da empresa, n\u00e3o terceiriz\u00e1-lo pode ser a melhor estrat\u00e9gia.<\/sr7-txt>\n\t\t\t\t\t\t\t<sr7-txt id=\"about-39-28\" class=\"sr7-layer\">100% <br\/.>de Controle<\/sr7-txt>\n\t\t\t\t\t\t\t<sr7-txt id=\"about-39-29\" class=\"sr7-layer\">Ter o controle \u00e9 uma grande necessidade do empreendedor. Saber diariamente ou semanalmente os resultados obtidos com o marketing digital \u00e9 imprescind\u00edvel para obter resultados crescentes. Desta forma, devido o dinamismo das estrat\u00e9gias online \u00e9 poss\u00edvel criar novos caminhos e mudar o planejamento com um simples comando. Otimizando assim, recursos e tempo.<\/sr7-txt>\n\t\t\t\t\t\t\t<sr7-txt id=\"about-39-32\" class=\"sr7-layer\">Otimiza\u00e7\u00e3o de Investimentos<\/sr7-txt>\n\t\t\t\t\t\t\t<sr7-txt id=\"about-39-33\" class=\"sr7-layer\">Provavelmente, voc\u00ea j\u00e1 ouviu falar sobre o (ROI) Retorno Sobre o Investimento, um dos indicadores mais usados para a mensura\u00e7\u00e3o de resultados no Marketing Digital.\nCom o High Skills &#8211; Treinamento de Elite, voc\u00ea vai aprender como calcular e acompanhar de perto todo seu investimento, otimizando de forma din\u00e2mica, quando necess\u00e1rio.<\/sr7-txt>\n\t\t\t\t\t\t\t<sr7-txt id=\"about-39-34\" class=\"sr7-layer\">Por que investir no servi\u00e7o?<\/sr7-txt>\n\t\t\t\t\t\t<\/sr7-slide>\n\t\t\t\t\t\t<sr7-slide id=\"about-104\" data-key=\"104\">\n\t\t\t\t\t\t<\/sr7-slide>\n\t\t\t\t\t<\/sr7-content>\n\t\t\t\t<\/sr7-module>\n\t\t\t\t<script>\n\t\t\t\t\twindow.SR7 ??={};SR7.PMH ??={}; SR7.PMH[\"about\"] = {cn:100,state:false,fn: function() { if (window._tpt!==undefined && window._tpt.prepareModuleHeight !== undefined) {  _tpt.prepareModuleHeight({id:\"about\",el:[600,600,605,1050,1258],type:'hero',shdw:'0',gh:[600,600,605,1050,960],gw:[1240,1240,1024,778,480],vpt:['100px&#039;,&#039;100px&#039;,&#039;100px&#039;,&#039;100px&#039;,&#039;100px'],size:{fullWidth:true, fullHeight:false},mh:'0',onh:0,onw:0,bg:{color:'{\"orig\":\"transparent\",\"type\":\"solid\",\"string\":\"transparent\"}'}});   SR7.PMH[\"about\"].state=true;} else if(SR7.PMH[\"about\"].cn-->0)\tsetTimeout( SR7.PMH[\"about\"].fn,19);}};SR7.PMH[\"about\" ].fn();\n\t\t\t\t<\/script>\n<\/div>\n\n<div class=\"wp-block-themepunch-revslider revslider\" data-modal=\"false\" data-slidertitle=\"Peak Portfolio1 11 1\">\n\t\t\t\t<p class=\"rs-p-wp-fix\"><\/p>\n\t\t\t\t<sr7-module data-alias=\"peak-portfolio1-11-12\" data-id=\"99\" id=\"SR7_99_4\" class=\"rs-ov-hidden\" data-version=\"6.7.54\">\n\t\t\t\t\t<sr7-adjuster><\/sr7-adjuster>\n\t\t\t\t\t<sr7-content>\n\t\t\t\t\t\t<sr7-slide id=\"SR7_99_4-38\" data-key=\"38\">\n\t\t\t\t\t\t\t<sr7-txt id=\"SR7_99_4-38-0\" class=\"sr7-layer\">CHEGADA<\/sr7-txt>\n\t\t\t\t\t\t\t<sr7-txt id=\"SR7_99_4-38-1\" class=\"sr7-layer\">INICIO<\/sr7-txt>\n\t\t\t\t\t\t\t<sr7-txt id=\"SR7_99_4-38-3\" class=\"sr7-layer\">AN\u00c1LISE E DIAGN\u00d3STICO<\/sr7-txt>\n\t\t\t\t\t\t\t<sr7-txt id=\"SR7_99_4-38-4\" class=\"sr7-layer\">TIMELINE DO CLIENTE<\/sr7-txt>\n\t\t\t\t\t\t\t<sr7-txt id=\"SR7_99_4-38-6\" class=\"sr7-layer\">ESTRAT\u00c9GIA E IMPLEMENTA\u00c7\u00c3O<\/sr7-txt>\n\t\t\t\t\t\t\t<sr7-txt id=\"SR7_99_4-38-9\" class=\"sr7-layer\">PROJETO<\/sr7-txt>\n\t\t\t\t\t\t\t<sr7-txt id=\"SR7_99_4-38-11\" class=\"sr7-layer\">ACOMPANHAMENTO E OTIMIZA\u00c7\u00c3O<\/sr7-txt>\n\t\t\t\t\t\t\t<a id=\"SR7_99_4-38-17\" class=\"sr7-layer\" href=\"https:\/\/api.whatsapp.com\/send?phone=5531991314004\" target=\"_blank\" rel=\"noopener\">SAIBA MAIS<\/a>\n\t\t\t\t\t\t\t<sr7-txt id=\"SR7_99_4-38-24\" class=\"sr7-layer\">Nossa equipe de especialistas em marketing digital realizar\u00e1 uma an\u00e1lise completa das estrat\u00e9gias digitais atuais do seu neg\u00f3cio, identificando lacunas e \u00e1reas de melhoria. Com base nesse diagn\u00f3stico, desenvolveremos um plano personalizado para impulsionar a presen\u00e7a online e alcan\u00e7ar resultados significativos.<\/sr7-txt>\n\t\t\t\t\t\t\t<sr7-txt id=\"SR7_99_4-38-25\" class=\"sr7-layer\">Juntos vamos desenvolver uma estrat\u00e9gia digital eficaz para impulsionar o seu neg\u00f3cio. Com base na an\u00e1lise realizada, nossa equipe criar\u00e1 um plano estrat\u00e9gico abrangente, alinhado \u00e0s \u00faltimas tend\u00eancias e t\u00e9cnicas do mercado. Recomendaremos as a\u00e7\u00f5es necess\u00e1rias para aumentar a visibilidade online, atrair um p\u00fablico-alvo qualificado e impulsionar as vendas do seu neg\u00f3cio local.<br \/>\n<\/sr7-txt>\n\t\t\t\t\t\t\t<sr7-txt id=\"SR7_99_4-38-27\" class=\"sr7-layer\">N\u00e3o se contente com resultados abaixo das expectativas. Nossa consultoria em marketing digital oferece suporte cont\u00ednuo para otimizar o desempenho do seu neg\u00f3cio online. Acompanharemos de perto os resultados das estrat\u00e9gias implementadas e recomendaremos ajustes conforme necess\u00e1rio. Juntos, vamos transformar a presen\u00e7a digital e posicionar o seu neg\u00f3cio local no mapa do sucesso digital. <\/sr7-txt>\n\t\t\t\t\t\t<\/sr7-slide>\n\t\t\t\t\t\t<sr7-slide id=\"SR7_99_4-103\" data-key=\"103\">\n\t\t\t\t\t\t<\/sr7-slide>\n\t\t\t\t\t<\/sr7-content>\n\t\t\t\t\t<image_lists style=\"display:none\">\n\t\t\t\t\t\t<img data-src=\"\/\/audazbrasil.com\/usa\/wp-content\/uploads\/2020\/04\/servicos9.png\" data-libid=\"360\" data-lib=\"medialibrary\" title=\"servicos9\" width=\"0\" height=\"0\" data-dbsrc=\"Ly9hdWRhemJyYXNpbC5jb20vdXNhL3dwLWNvbnRlbnQvdXBsb2Fkcy8yMDIwLzA0L3NlcnZpY29zOS5wbmc=\"\/>\n\t\t\t\t\t\t<img data-src=\"\/\/audazbrasil.com\/usa\/wp-content\/uploads\/2020\/04\/servicos-8.jpg\" data-libid=\"358\" data-lib=\"medialibrary\" title=\"servicos-8\" width=\"0\" height=\"0\" data-dbsrc=\"Ly9hdWRhemJyYXNpbC5jb20vdXNhL3dwLWNvbnRlbnQvdXBsb2Fkcy8yMDIwLzA0L3NlcnZpY29zLTguanBn\"\/>\n\t\t\t\t\t\t<img loading=\"lazy\" data-src=\"\/\/audazbrasil.com\/wp-content\/uploads\/revslider\/peak-portfolio\/peak_pattern2.png\" data-libid=\"85\" width=\"0\" height=\"0\" data-dbsrc=\"Ly9hdWRhemJyYXNpbC5jb20vd3AtY29udGVudC91cGxvYWRzL3JldnNsaWRlci9wZWFrLXBvcnRmb2xpby9wZWFrX3BhdHRlcm4yLnBuZw==\"\/>\n\t\t\t\t\t\t<img loading=\"lazy\" data-src=\"\/\/audazbrasil.com\/usa\/wp-content\/uploads\/2020\/04\/servicos-3.jpg\" data-libid=\"353\" data-lib=\"medialibrary\" title=\"servicos-3\" width=\"0\" height=\"0\" data-dbsrc=\"Ly9hdWRhemJyYXNpbC5jb20vdXNhL3dwLWNvbnRlbnQvdXBsb2Fkcy8yMDIwLzA0L3NlcnZpY29zLTMuanBn\"\/>\n\t\t\t\t\t<\/image_lists>\n\t\t\t\t<\/sr7-module>\n\t\t\t\t<script>\n\t\t\t\t\twindow.SR7 ??={};SR7.PMH ??={}; SR7.PMH[\"SR7_99_4\"] = {cn:100,state:false,fn: function() { if (window._tpt!==undefined && window._tpt.prepareModuleHeight !== undefined) {  _tpt.prepareModuleHeight({id:\"SR7_99_4\",el:[2190,2190,2220,1710,2118],type:'hero',shdw:'0',gh:[2190,2190,2220,1710,2118],gw:[1240,1240,1024,778,480],vpt:['-200px&#039;,&#039;-200px&#039;,&#039;-200px&#039;,&#039;-200px&#039;,&#039;-200px'],size:{fullWidth:true, fullHeight:false},mh:'0',onh:0,onw:0,bg:{color:'{\"type\":\"solid\",\"orig\":\"#1c1c1c\",\"string\":\"rgba(28, 28, 28, 1)\"}'}});   SR7.PMH[\"SR7_99_4\"].state=true;} else if(SR7.PMH[\"SR7_99_4\"].cn-->0)\tsetTimeout( SR7.PMH[\"SR7_99_4\"].fn,19);}};SR7.PMH[\"SR7_99_4\" ].fn();\n\t\t\t\t<\/script>\n<\/div>\n\n<div class=\"wp-block-themepunch-revslider revslider\" data-modal=\"false\" data-slidertitle=\"Minimal Portfolio1\">\n\t\t\t\t<p class=\"rs-p-wp-fix\"><\/p>\n\t\t\t\t<sr7-module data-alias=\"minimal-portfolio1-12\" data-id=\"125\" id=\"SR7_125_5\" class=\"rs-respect-topbar respect-fixedstatic rs-ov-hidden\" data-version=\"6.7.54\">\n\t\t\t\t\t<sr7-adjuster><\/sr7-adjuster>\n\t\t\t\t\t<sr7-content>\n\t\t\t\t\t\t<sr7-slide id=\"SR7_125_5-62\" data-key=\"62\">\n\t\t\t\t\t\t\t<sr7-txt id=\"SR7_125_5-62-0\" class=\"sr7-layer\">Aumente<\/sr7-txt>\n\t\t\t\t\t\t\t<sr7-txt id=\"SR7_125_5-62-2\" class=\"sr7-layer\">Exponencialmente<\/sr7-txt>\n\t\t\t\t\t\t\t<a id=\"SR7_125_5-62-18\" class=\"sr7-layer\" href=\"https:\/\/www.facebook.com\/audazbrasil\/\" target=\"_blank\" rel=\"nofollow noopener\">Facebook<\/a>\n\t\t\t\t\t\t\t<sr7-txt id=\"SR7_125_5-62-19\" class=\"sr7-layer\">contato@audazbrasil.com<\/sr7-txt>\n\t\t\t\t\t\t\t<sr7-txt id=\"SR7_125_5-62-20\" class=\"sr7-layer\">contact@audazbrasil.com<\/sr7-txt>\n\t\t\t\t\t\t\t<sr7-txt id=\"SR7_125_5-62-21\" class=\"sr7-layer\"><a style=\"text-decoration:none; color:#fff!important;\"href=\"tel:35984529699\">+55 (35) 98452 9699<\/a><\/sr7-txt>\n\t\t\t\t\t\t\t<sr7-txt id=\"SR7_125_5-62-22\" class=\"sr7-layer\"><a style=\"text-decoration:none; color:#fff!important;\"href=\"tel:+18572250374\">+1 857 225 0374<\/a><\/sr7-txt>\n\t\t\t\t\t\t\t<sr7-txt id=\"SR7_125_5-62-36\" class=\"sr7-layer\">BRASIL<\/sr7-txt>\n\t\t\t\t\t\t\t<sr7-txt id=\"SR7_125_5-62-37\" class=\"sr7-layer\">USA<\/sr7-txt>\n\t\t\t\t\t\t\t<a id=\"SR7_125_5-62-44\" class=\"sr7-layer\" href=\"http:\/\/instagram.com\/audazbrasil\" target=\"_blank\" rel=\"nofollow noopener\">Instagram<\/a>\n\t\t\t\t\t\t\t<a id=\"SR7_125_5-62-45\" class=\"sr7-layer\" href=\"https:\/\/api.whatsapp.com\/send?phone=5535984529699\" target=\"_blank\" rel=\"nofollow noopener\">Whatsapp<\/a>\n\t\t\t\t\t\t\t<sr7-txt id=\"SR7_125_5-62-83\" class=\"sr7-layer\">Seu rendimento<\/sr7-txt>\n\t\t\t\t\t\t<\/sr7-slide>\n\t\t\t\t\t\t<sr7-slide id=\"SR7_125_5-124\" data-key=\"124\">\n\t\t\t\t\t\t<\/sr7-slide>\n\t\t\t\t\t<\/sr7-content>\n\t\t\t\t<\/sr7-module>\n\t\t\t\t<script>\n\t\t\t\t\twindow.SR7 ??={};SR7.PMH ??={}; SR7.PMH[\"SR7_125_5\"] = {cn:100,state:false,fn: function() { if (window._tpt!==undefined && window._tpt.prepareModuleHeight !== undefined) {  _tpt.prepareModuleHeight({id:\"SR7_125_5\",el:[480,480,480,960,720],type:'standard',shdw:'0',gh:[480,480,480,960,720],gw:[1920,1920,1300,778,480],vpt:['-200px&#039;,&#039;-200px&#039;,&#039;-200px&#039;,&#039;-200px&#039;,&#039;-200px'],size:{fullWidth:true, fullHeight:false},mh:'0',onh:0,onw:0,bg:{color:'{\"orig\":\"transparent\",\"type\":\"solid\",\"string\":\"transparent\"}'}});   SR7.PMH[\"SR7_125_5\"].state=true;} else if(SR7.PMH[\"SR7_125_5\"].cn-->0)\tsetTimeout( SR7.PMH[\"SR7_125_5\"].fn,19);}};SR7.PMH[\"SR7_125_5\" ].fn();\n\t\t\t\t<\/script>\n<\/div>\n\t\t\t\t\t\t\t\t<\/div>\n\t\t\t\t\t<\/div>\n\t\t\t\t<\/div>\n\t\t\t\t<\/div>\n\t\t","protected":false},"excerpt":{"rendered":"","protected":false},"author":1,"featured_media":0,"parent":0,"menu_order":0,"comment_status":"closed","ping_status":"closed","template":"elementor_header_footer","meta":{"footnotes":""},"class_list":["post-266","page","type-page","status-publish","hentry"],"_links":{"self":[{"href":"https:\/\/audazbrasil.com\/usa\/wp-json\/wp\/v2\/pages\/266","targetHints":{"allow":["GET"]}}],"collection":[{"href":"https:\/\/audazbrasil.com\/usa\/wp-json\/wp\/v2\/pages"}],"about":[{"href":"https:\/\/audazbrasil.com\/usa\/wp-json\/wp\/v2\/types\/page"}],"author":[{"embeddable":true,"href":"https:\/\/audazbrasil.com\/usa\/wp-json\/wp\/v2\/users\/1"}],"replies":[{"embeddable":true,"href":"https:\/\/audazbrasil.com\/usa\/wp-json\/wp\/v2\/comments?post=266"}],"version-history":[{"count":7,"href":"https:\/\/audazbrasil.com\/usa\/wp-json\/wp\/v2\/pages\/266\/revisions"}],"predecessor-version":[{"id":634,"href":"https:\/\/audazbrasil.com\/usa\/wp-json\/wp\/v2\/pages\/266\/revisions\/634"}],"wp:attachment":[{"href":"https:\/\/audazbrasil.com\/usa\/wp-json\/wp\/v2\/media?parent=266"}],"curies":[{"name":"wp","href":"https:\/\/api.w.org\/{rel}","templated":true}]}}