{"id":331,"date":"2020-04-03T14:18:21","date_gmt":"2020-04-03T17:18:21","guid":{"rendered":"https:\/\/audazbrasil.com\/?page_id=331"},"modified":"2025-10-02T23:54:56","modified_gmt":"2025-10-03T02:54:56","slug":"blog-3","status":"publish","type":"page","link":"https:\/\/audazbrasil.com\/usa\/blog-3\/","title":{"rendered":"Blog"},"content":{"rendered":"\t\t<div data-elementor-type=\"wp-page\" data-elementor-id=\"331\" class=\"elementor elementor-331\" data-elementor-post-type=\"page\">\n\t\t\t\t<div class=\"elementor-element elementor-element-1532ab5 e-flex e-con-boxed e-con e-parent\" data-id=\"1532ab5\" data-element_type=\"container\" data-e-type=\"container\">\n\t\t\t\t\t<div class=\"e-con-inner\">\n\t\t\t\t<div class=\"elementor-element elementor-element-a68fc0a elementor-widget elementor-widget-slider_revolution\" data-id=\"a68fc0a\" data-element_type=\"widget\" data-e-type=\"widget\" data-widget_type=\"slider_revolution.default\">\n\t\t\t\t\t\n\t\t<div class=\"wp-block-themepunch-revslider\">\n\t\t\t\t<p class=\"rs-p-wp-fix\"><\/p>\n\t\t\t\t<sr7-module data-alias=\"slider-3-13-1\" data-id=\"129\" id=\"SR7_129_1\" class=\"rs-ov-hidden\" data-version=\"6.7.54\">\n\t\t\t\t\t<sr7-adjuster><\/sr7-adjuster>\n\t\t\t\t\t<sr7-content>\n\t\t\t\t\t\t<sr7-slide id=\"SR7_129_1-129\" data-key=\"129\">\n\t\t\t\t\t\t\t<sr7-bg id=\"SR7_129_1-129-6\" class=\"sr7-layer\"><noscript><img decoding=\"async\" src=\"http:\/\/audazbrasil.com\/usa\/wp-content\/uploads\/2019\/11\/influencee.jpg\" alt=\"\" title=\"influencee\"><\/noscript><\/sr7-bg>\n\t\t\t\t\t\t\t<sr7-txt id=\"SR7_129_1-129-1\" class=\"sr7-layer\"><B>BLOG<\/B><\/sr7-txt>\n\t\t\t\t\t\t<\/sr7-slide>\n\t\t\t\t\t\t<sr7-slide id=\"SR7_129_1-130\" data-key=\"130\">\n\t\t\t\t\t\t<\/sr7-slide>\n\t\t\t\t\t<\/sr7-content>\n\t\t\t\t\t<image_lists style=\"display:none\">\n\t\t\t\t\t\t<img data-src=\"\/\/audazbrasil.com\/usa\/wp-content\/uploads\/2019\/11\/influencee.jpg\" data-libid=\"310\" data-lib=\"medialibrary\" title=\"influencee\" width=\"0\" height=\"0\" data-dbsrc=\"Ly9hdWRhemJyYXNpbC5jb20vdXNhL3dwLWNvbnRlbnQvdXBsb2Fkcy8yMDE5LzExL2luZmx1ZW5jZWUuanBn\"\/>\n\t\t\t\t\t<\/image_lists>\n\t\t\t\t<\/sr7-module>\n\t\t\t\t<script>\n\t\t\t\t\twindow.SR7 ??={};SR7.PMH ??={}; SR7.PMH[\"SR7_129_1\"] = {cn:100,state:false,fn: function() { if (window._tpt!==undefined && window._tpt.prepareModuleHeight !== undefined) {  _tpt.prepareModuleHeight({id:\"SR7_129_1\",el:[670,670,670,670,410],type:'hero',shdw:'0',gh:[670,670,670,670,410],gw:[1920,1920,1920,1920,480],vpt:['-200px&#039;,&#039;-200px&#039;,&#039;-200px&#039;,&#039;-200px&#039;,&#039;-200px'],size:{fullWidth:true, fullHeight:false},mh:'0',onh:0,onw:0,bg:{color:'{\"type\":\"solid\",\"orig\":\"rgba(15, 15, 15, 0.51)\",\"string\":\"rgba(15, 15, 15, 0.51)\"}'},plType:'0',plColor:'#FFFFFF'});   SR7.PMH[\"SR7_129_1\"].state=true;} else if(SR7.PMH[\"SR7_129_1\"].cn-->0)\tsetTimeout( SR7.PMH[\"SR7_129_1\"].fn,19);}};SR7.PMH[\"SR7_129_1\" ].fn();\n\t\t\t\t<\/script>\n<\/div>\n\n\t\t\t\t\t\t<\/div>\n\t\t\t\t<div class=\"elementor-element elementor-element-0f5b129 elementor-grid-3 elementor-grid-tablet-2 elementor-grid-mobile-1 elementor-posts--thumbnail-top elementor-widget elementor-widget-posts\" data-id=\"0f5b129\" data-element_type=\"widget\" data-e-type=\"widget\" data-settings=\"{&quot;pagination_type&quot;:&quot;prev_next&quot;,&quot;classic_columns&quot;:&quot;3&quot;,&quot;classic_columns_tablet&quot;:&quot;2&quot;,&quot;classic_columns_mobile&quot;:&quot;1&quot;,&quot;classic_row_gap&quot;:{&quot;unit&quot;:&quot;px&quot;,&quot;size&quot;:35,&quot;sizes&quot;:[]},&quot;classic_row_gap_tablet&quot;:{&quot;unit&quot;:&quot;px&quot;,&quot;size&quot;:&quot;&quot;,&quot;sizes&quot;:[]},&quot;classic_row_gap_mobile&quot;:{&quot;unit&quot;:&quot;px&quot;,&quot;size&quot;:&quot;&quot;,&quot;sizes&quot;:[]}}\" data-widget_type=\"posts.classic\">\n\t\t\t\t<div class=\"elementor-widget-container\">\n\t\t\t\t\t\t\t<div class=\"elementor-posts-container elementor-posts elementor-posts--skin-classic elementor-grid\" role=\"list\">\n\t\t\t\t<article class=\"elementor-post elementor-grid-item post-694 post type-post status-publish format-standard has-post-thumbnail hentry category-estrategias category-marketing category-marketing-digital category-negocios tag-consultoria tag-marketing tag-marketing-digital tag-metodologia-b-o-b-i tag-trafego-pago\" role=\"listitem\">\n\t\t\t\t<a class=\"elementor-post__thumbnail__link\" href=\"https:\/\/audazbrasil.com\/usa\/marketing-digital-nao-e-so-postar-como-criar-uma-estrategia-que-gera-resultados-consistentes\/\" tabindex=\"-1\" >\n\t\t\t<div class=\"elementor-post__thumbnail\"><img fetchpriority=\"high\" decoding=\"async\" width=\"736\" height=\"650\" src=\"https:\/\/audazbrasil.com\/usa\/wp-content\/uploads\/2025\/10\/Captura-de-Tela-2025-10-02-as-1.05.24-PM.png\" class=\"attachment-full size-full wp-image-695\" alt=\"\" srcset=\"https:\/\/audazbrasil.com\/usa\/wp-content\/uploads\/2025\/10\/Captura-de-Tela-2025-10-02-as-1.05.24-PM.png 736w, https:\/\/audazbrasil.com\/usa\/wp-content\/uploads\/2025\/10\/Captura-de-Tela-2025-10-02-as-1.05.24-PM-300x265.png 300w\" sizes=\"(max-width: 736px) 100vw, 736px\" \/><\/div>\n\t\t<\/a>\n\t\t\t\t<div class=\"elementor-post__text\">\n\t\t\t\t<h3 class=\"elementor-post__title\">\n\t\t\t<a href=\"https:\/\/audazbrasil.com\/usa\/marketing-digital-nao-e-so-postar-como-criar-uma-estrategia-que-gera-resultados-consistentes\/\" >\n\t\t\t\tMarketing digital n\u00e3o \u00e9 s\u00f3 postar &#8211; Como criar uma estrat\u00e9gia que gera resultados consistentes\t\t\t<\/a>\n\t\t<\/h3>\n\t\t\t\t<div class=\"elementor-post__meta-data\">\n\t\t\t\t\t<span class=\"elementor-post-date\">\n\t\t\t2 de outubro de 2025\t\t<\/span>\n\t\t\t\t<span class=\"elementor-post-avatar\">\n\t\t\tNenhum coment\u00e1rio\t\t<\/span>\n\t\t\t\t<\/div>\n\t\t\t\t<div class=\"elementor-post__excerpt\">\n\t\t\t<p>Postar no Instagram ou no Facebook n\u00e3o significa fazer marketing digital. Muitos pequenos empres\u00e1rios acreditam que, ao publicar fotos e v\u00eddeos regularmente, j\u00e1 est\u00e3o no<\/p>\n\t\t<\/div>\n\t\t\n\t\t<a class=\"elementor-post__read-more\" href=\"https:\/\/audazbrasil.com\/usa\/marketing-digital-nao-e-so-postar-como-criar-uma-estrategia-que-gera-resultados-consistentes\/\" aria-label=\"Leia mais sobre Marketing digital n\u00e3o \u00e9 s\u00f3 postar &#8211; Como criar uma estrat\u00e9gia que gera resultados consistentes\" tabindex=\"-1\" >\n\t\t\tLeia mais \u00bb\t\t<\/a>\n\n\t\t\t\t<\/div>\n\t\t\t\t<\/article>\n\t\t\t\t<article class=\"elementor-post elementor-grid-item post-690 post type-post status-publish format-standard has-post-thumbnail hentry category-estrategias category-marketing-digital tag-consultoria tag-marketing tag-marketing-digital tag-trafego-pago\" role=\"listitem\">\n\t\t\t\t<a class=\"elementor-post__thumbnail__link\" href=\"https:\/\/audazbrasil.com\/usa\/como-transformar-cliques-em-visitas-reais-para-o-seu-negocio-local\/\" tabindex=\"-1\" >\n\t\t\t<div class=\"elementor-post__thumbnail\"><img decoding=\"async\" width=\"932\" height=\"984\" src=\"https:\/\/audazbrasil.com\/usa\/wp-content\/uploads\/2025\/10\/Captura-de-Tela-2025-10-02-as-12.43.56-PM.png\" class=\"attachment-full size-full wp-image-691\" alt=\"\" srcset=\"https:\/\/audazbrasil.com\/usa\/wp-content\/uploads\/2025\/10\/Captura-de-Tela-2025-10-02-as-12.43.56-PM.png 932w, https:\/\/audazbrasil.com\/usa\/wp-content\/uploads\/2025\/10\/Captura-de-Tela-2025-10-02-as-12.43.56-PM-284x300.png 284w, https:\/\/audazbrasil.com\/usa\/wp-content\/uploads\/2025\/10\/Captura-de-Tela-2025-10-02-as-12.43.56-PM-768x811.png 768w\" sizes=\"(max-width: 932px) 100vw, 932px\" \/><\/div>\n\t\t<\/a>\n\t\t\t\t<div class=\"elementor-post__text\">\n\t\t\t\t<h3 class=\"elementor-post__title\">\n\t\t\t<a href=\"https:\/\/audazbrasil.com\/usa\/como-transformar-cliques-em-visitas-reais-para-o-seu-negocio-local\/\" >\n\t\t\t\tComo transformar cliques em visitas reais para o seu neg\u00f3cio local\t\t\t<\/a>\n\t\t<\/h3>\n\t\t\t\t<div class=\"elementor-post__meta-data\">\n\t\t\t\t\t<span class=\"elementor-post-date\">\n\t\t\t25 de setembro de 2025\t\t<\/span>\n\t\t\t\t<span class=\"elementor-post-avatar\">\n\t\t\tNenhum coment\u00e1rio\t\t<\/span>\n\t\t\t\t<\/div>\n\t\t\t\t<div class=\"elementor-post__excerpt\">\n\t\t\t<p>Ter likes, seguidores ou cliques \u00e9 bom, mas n\u00e3o paga as contas. Para pequenos neg\u00f3cios nos Estados Unidos, o que realmente importa \u00e9 transformar o<\/p>\n\t\t<\/div>\n\t\t\n\t\t<a class=\"elementor-post__read-more\" href=\"https:\/\/audazbrasil.com\/usa\/como-transformar-cliques-em-visitas-reais-para-o-seu-negocio-local\/\" aria-label=\"Leia mais sobre Como transformar cliques em visitas reais para o seu neg\u00f3cio local\" tabindex=\"-1\" >\n\t\t\tLeia mais \u00bb\t\t<\/a>\n\n\t\t\t\t<\/div>\n\t\t\t\t<\/article>\n\t\t\t\t<article class=\"elementor-post elementor-grid-item post-687 post type-post status-publish format-standard has-post-thumbnail hentry category-estrategias category-marketing-digital tag-consultoria tag-marketing tag-marketing-digital\" role=\"listitem\">\n\t\t\t\t<a class=\"elementor-post__thumbnail__link\" href=\"https:\/\/audazbrasil.com\/usa\/por-que-seus-anuncios-nao-trazem-clientes-os-erros-mais-comuns-de-pequenos-negocios-nos-eua\/\" tabindex=\"-1\" >\n\t\t\t<div class=\"elementor-post__thumbnail\"><img loading=\"lazy\" decoding=\"async\" width=\"921\" height=\"988\" src=\"https:\/\/audazbrasil.com\/usa\/wp-content\/uploads\/2025\/10\/Captura-de-Tela-2025-10-02-as-12.16.54-PM.png\" class=\"attachment-full size-full wp-image-688\" alt=\"\" srcset=\"https:\/\/audazbrasil.com\/usa\/wp-content\/uploads\/2025\/10\/Captura-de-Tela-2025-10-02-as-12.16.54-PM.png 921w, https:\/\/audazbrasil.com\/usa\/wp-content\/uploads\/2025\/10\/Captura-de-Tela-2025-10-02-as-12.16.54-PM-280x300.png 280w, https:\/\/audazbrasil.com\/usa\/wp-content\/uploads\/2025\/10\/Captura-de-Tela-2025-10-02-as-12.16.54-PM-768x824.png 768w\" sizes=\"(max-width: 921px) 100vw, 921px\" \/><\/div>\n\t\t<\/a>\n\t\t\t\t<div class=\"elementor-post__text\">\n\t\t\t\t<h3 class=\"elementor-post__title\">\n\t\t\t<a href=\"https:\/\/audazbrasil.com\/usa\/por-que-seus-anuncios-nao-trazem-clientes-os-erros-mais-comuns-de-pequenos-negocios-nos-eua\/\" >\n\t\t\t\tPor que seus an\u00fancios n\u00e3o trazem clientes? Os erros mais comuns de pequenos neg\u00f3cios nos EUA\t\t\t<\/a>\n\t\t<\/h3>\n\t\t\t\t<div class=\"elementor-post__meta-data\">\n\t\t\t\t\t<span class=\"elementor-post-date\">\n\t\t\t20 de setembro de 2025\t\t<\/span>\n\t\t\t\t<span class=\"elementor-post-avatar\">\n\t\t\tNenhum coment\u00e1rio\t\t<\/span>\n\t\t\t\t<\/div>\n\t\t\t\t<div class=\"elementor-post__excerpt\">\n\t\t\t<p>Anunciar nas redes sociais e no Google se tornou quase obrigat\u00f3rio para quem deseja crescer nos Estados Unidos. Pequenos neg\u00f3cios, como sal\u00f5es de beleza, restaurantes,<\/p>\n\t\t<\/div>\n\t\t\n\t\t<a class=\"elementor-post__read-more\" href=\"https:\/\/audazbrasil.com\/usa\/por-que-seus-anuncios-nao-trazem-clientes-os-erros-mais-comuns-de-pequenos-negocios-nos-eua\/\" aria-label=\"Leia mais sobre Por que seus an\u00fancios n\u00e3o trazem clientes? Os erros mais comuns de pequenos neg\u00f3cios nos EUA\" tabindex=\"-1\" >\n\t\t\tLeia mais \u00bb\t\t<\/a>\n\n\t\t\t\t<\/div>\n\t\t\t\t<\/article>\n\t\t\t\t<article class=\"elementor-post elementor-grid-item post-555 post type-post status-publish format-standard has-post-thumbnail hentry category-branding\" role=\"listitem\">\n\t\t\t\t<a class=\"elementor-post__thumbnail__link\" href=\"https:\/\/audazbrasil.com\/usa\/branding-construindo-uma-marca-que-conquista-brasileiros-e-americanos\/\" tabindex=\"-1\" >\n\t\t\t<div class=\"elementor-post__thumbnail\"><img loading=\"lazy\" decoding=\"async\" width=\"1320\" height=\"878\" src=\"https:\/\/audazbrasil.com\/usa\/wp-content\/uploads\/2024\/11\/Captura-de-Tela-2024-11-12-as-11.20.27.png\" class=\"attachment-full size-full wp-image-556\" alt=\"Branding\" srcset=\"https:\/\/audazbrasil.com\/usa\/wp-content\/uploads\/2024\/11\/Captura-de-Tela-2024-11-12-as-11.20.27.png 1320w, https:\/\/audazbrasil.com\/usa\/wp-content\/uploads\/2024\/11\/Captura-de-Tela-2024-11-12-as-11.20.27-300x200.png 300w, https:\/\/audazbrasil.com\/usa\/wp-content\/uploads\/2024\/11\/Captura-de-Tela-2024-11-12-as-11.20.27-1024x681.png 1024w, https:\/\/audazbrasil.com\/usa\/wp-content\/uploads\/2024\/11\/Captura-de-Tela-2024-11-12-as-11.20.27-768x511.png 768w\" sizes=\"(max-width: 1320px) 100vw, 1320px\" \/><\/div>\n\t\t<\/a>\n\t\t\t\t<div class=\"elementor-post__text\">\n\t\t\t\t<h3 class=\"elementor-post__title\">\n\t\t\t<a href=\"https:\/\/audazbrasil.com\/usa\/branding-construindo-uma-marca-que-conquista-brasileiros-e-americanos\/\" >\n\t\t\t\tBranding: Construindo uma Marca que Conquista Brasileiros e Americanos\t\t\t<\/a>\n\t\t<\/h3>\n\t\t\t\t<div class=\"elementor-post__meta-data\">\n\t\t\t\t\t<span class=\"elementor-post-date\">\n\t\t\t12 de novembro de 2024\t\t<\/span>\n\t\t\t\t<span class=\"elementor-post-avatar\">\n\t\t\tNenhum coment\u00e1rio\t\t<\/span>\n\t\t\t\t<\/div>\n\t\t\t\t<div class=\"elementor-post__excerpt\">\n\t\t\t<p>Construir uma marca forte \u00e9 uma estrat\u00e9gia essencial para empres\u00e1rios brasileiros que querem ganhar relev\u00e2ncia nos Estados Unidos. No competitivo mercado americano, o branding diferencia<\/p>\n\t\t<\/div>\n\t\t\n\t\t<a class=\"elementor-post__read-more\" href=\"https:\/\/audazbrasil.com\/usa\/branding-construindo-uma-marca-que-conquista-brasileiros-e-americanos\/\" aria-label=\"Leia mais sobre Branding: Construindo uma Marca que Conquista Brasileiros e Americanos\" tabindex=\"-1\" >\n\t\t\tLeia mais \u00bb\t\t<\/a>\n\n\t\t\t\t<\/div>\n\t\t\t\t<\/article>\n\t\t\t\t<article class=\"elementor-post elementor-grid-item post-546 post type-post status-publish format-standard has-post-thumbnail hentry category-estrategias category-marketing-digital\" role=\"listitem\">\n\t\t\t\t<a class=\"elementor-post__thumbnail__link\" href=\"https:\/\/audazbrasil.com\/usa\/seo-e-google-ads-para-pequenos-negocios-como-se-destacar-no-mercado-americano\/\" tabindex=\"-1\" >\n\t\t\t<div class=\"elementor-post__thumbnail\"><img loading=\"lazy\" decoding=\"async\" width=\"2048\" height=\"1129\" src=\"https:\/\/audazbrasil.com\/usa\/wp-content\/uploads\/2024\/11\/Captura-de-Tela-2024-11-12-as-10.49.41.png\" class=\"attachment-full size-full wp-image-547\" alt=\"Google ADS, SEO\" srcset=\"https:\/\/audazbrasil.com\/usa\/wp-content\/uploads\/2024\/11\/Captura-de-Tela-2024-11-12-as-10.49.41.png 2048w, https:\/\/audazbrasil.com\/usa\/wp-content\/uploads\/2024\/11\/Captura-de-Tela-2024-11-12-as-10.49.41-300x165.png 300w, https:\/\/audazbrasil.com\/usa\/wp-content\/uploads\/2024\/11\/Captura-de-Tela-2024-11-12-as-10.49.41-1024x564.png 1024w, https:\/\/audazbrasil.com\/usa\/wp-content\/uploads\/2024\/11\/Captura-de-Tela-2024-11-12-as-10.49.41-768x423.png 768w, https:\/\/audazbrasil.com\/usa\/wp-content\/uploads\/2024\/11\/Captura-de-Tela-2024-11-12-as-10.49.41-1536x847.png 1536w\" sizes=\"(max-width: 2048px) 100vw, 2048px\" \/><\/div>\n\t\t<\/a>\n\t\t\t\t<div class=\"elementor-post__text\">\n\t\t\t\t<h3 class=\"elementor-post__title\">\n\t\t\t<a href=\"https:\/\/audazbrasil.com\/usa\/seo-e-google-ads-para-pequenos-negocios-como-se-destacar-no-mercado-americano\/\" >\n\t\t\t\tSEO e Google Ads para Pequenos Neg\u00f3cios: Como se Destacar no Mercado Americano\t\t\t<\/a>\n\t\t<\/h3>\n\t\t\t\t<div class=\"elementor-post__meta-data\">\n\t\t\t\t\t<span class=\"elementor-post-date\">\n\t\t\t16 de setembro de 2024\t\t<\/span>\n\t\t\t\t<span class=\"elementor-post-avatar\">\n\t\t\tNenhum coment\u00e1rio\t\t<\/span>\n\t\t\t\t<\/div>\n\t\t\t\t<div class=\"elementor-post__excerpt\">\n\t\t\t<p>O SEO (Search Engine Optimization) e o Google Ads s\u00e3o essenciais para empresas que buscam visibilidade no mercado digital dos EUA. Esses m\u00e9todos ajudam empresas<\/p>\n\t\t<\/div>\n\t\t\n\t\t<a class=\"elementor-post__read-more\" href=\"https:\/\/audazbrasil.com\/usa\/seo-e-google-ads-para-pequenos-negocios-como-se-destacar-no-mercado-americano\/\" aria-label=\"Leia mais sobre SEO e Google Ads para Pequenos Neg\u00f3cios: Como se Destacar no Mercado Americano\" tabindex=\"-1\" >\n\t\t\tLeia mais \u00bb\t\t<\/a>\n\n\t\t\t\t<\/div>\n\t\t\t\t<\/article>\n\t\t\t\t<article class=\"elementor-post elementor-grid-item post-543 post type-post status-publish format-standard has-post-thumbnail hentry category-estrategias category-insights\" role=\"listitem\">\n\t\t\t\t<a class=\"elementor-post__thumbnail__link\" href=\"https:\/\/audazbrasil.com\/usa\/como-a-inteligencia-artificial-pode-impulsionar-o-marketing-de-pequenas-empresas-nos-eua\/\" tabindex=\"-1\" >\n\t\t\t<div class=\"elementor-post__thumbnail\"><img loading=\"lazy\" decoding=\"async\" width=\"2048\" height=\"1151\" src=\"https:\/\/audazbrasil.com\/usa\/wp-content\/uploads\/2024\/11\/Captura-de-Tela-2024-11-12-as-10.33.31.png\" class=\"attachment-full size-full wp-image-544\" alt=\"\" srcset=\"https:\/\/audazbrasil.com\/usa\/wp-content\/uploads\/2024\/11\/Captura-de-Tela-2024-11-12-as-10.33.31.png 2048w, https:\/\/audazbrasil.com\/usa\/wp-content\/uploads\/2024\/11\/Captura-de-Tela-2024-11-12-as-10.33.31-300x169.png 300w, https:\/\/audazbrasil.com\/usa\/wp-content\/uploads\/2024\/11\/Captura-de-Tela-2024-11-12-as-10.33.31-1024x576.png 1024w, https:\/\/audazbrasil.com\/usa\/wp-content\/uploads\/2024\/11\/Captura-de-Tela-2024-11-12-as-10.33.31-768x432.png 768w, https:\/\/audazbrasil.com\/usa\/wp-content\/uploads\/2024\/11\/Captura-de-Tela-2024-11-12-as-10.33.31-1536x864.png 1536w\" sizes=\"(max-width: 2048px) 100vw, 2048px\" \/><\/div>\n\t\t<\/a>\n\t\t\t\t<div class=\"elementor-post__text\">\n\t\t\t\t<h3 class=\"elementor-post__title\">\n\t\t\t<a href=\"https:\/\/audazbrasil.com\/usa\/como-a-inteligencia-artificial-pode-impulsionar-o-marketing-de-pequenas-empresas-nos-eua\/\" >\n\t\t\t\tComo a Intelig\u00eancia Artificial pode impulsionar o marketing de pequenas empresas nos EUA\t\t\t<\/a>\n\t\t<\/h3>\n\t\t\t\t<div class=\"elementor-post__meta-data\">\n\t\t\t\t\t<span class=\"elementor-post-date\">\n\t\t\t10 de agosto de 2024\t\t<\/span>\n\t\t\t\t<span class=\"elementor-post-avatar\">\n\t\t\tNenhum coment\u00e1rio\t\t<\/span>\n\t\t\t\t<\/div>\n\t\t\t\t<div class=\"elementor-post__excerpt\">\n\t\t\t<p>A Intelig\u00eancia Artificial (IA) n\u00e3o \u00e9 mais uma tecnologia restrita a grandes corpora\u00e7\u00f5es; hoje, ela est\u00e1 acess\u00edvel para pequenas e m\u00e9dias empresas que desejam competir<\/p>\n\t\t<\/div>\n\t\t\n\t\t<a class=\"elementor-post__read-more\" href=\"https:\/\/audazbrasil.com\/usa\/como-a-inteligencia-artificial-pode-impulsionar-o-marketing-de-pequenas-empresas-nos-eua\/\" aria-label=\"Leia mais sobre Como a Intelig\u00eancia Artificial pode impulsionar o marketing de pequenas empresas nos EUA\" tabindex=\"-1\" >\n\t\t\tLeia mais \u00bb\t\t<\/a>\n\n\t\t\t\t<\/div>\n\t\t\t\t<\/article>\n\t\t\t\t<\/div>\n\t\t\n\t\t\t\t<div class=\"e-load-more-anchor\" data-page=\"1\" data-max-page=\"5\" data-next-page=\"https:\/\/audazbrasil.com\/usa\/wp-json\/wp\/v2\/pages\/331\/page\/2\/\"><\/div>\n\t\t\t\t<nav class=\"elementor-pagination\" aria-label=\"Pagina\u00e7\u00e3o\">\n\t\t\t<span class=\"page-numbers prev\">&laquo; Anterior<\/span>\n<a class=\"page-numbers next\" href=\"https:\/\/audazbrasil.com\/usa\/wp-json\/wp\/v2\/pages\/331\/page\/2\/\">Seguinte &raquo;<\/a>\t\t<\/nav>\n\t\t\t\t\t\t<\/div>\n\t\t\t\t<\/div>\n\t\t\t\t\t<\/div>\n\t\t\t\t<\/div>\n\t\t<div class=\"elementor-element elementor-element-e8e4ebb e-flex e-con-boxed e-con e-parent\" data-id=\"e8e4ebb\" data-element_type=\"container\" data-e-type=\"container\">\n\t\t\t\t\t<div class=\"e-con-inner\">\n\t\t\t\t<div class=\"elementor-element elementor-element-90ba488 elementor-widget elementor-widget-slider_revolution\" data-id=\"90ba488\" data-element_type=\"widget\" data-e-type=\"widget\" data-widget_type=\"slider_revolution.default\">\n\t\t\t\t\t\n\t\t<div class=\"wp-block-themepunch-revslider\">\n\t\t\t\t<p class=\"rs-p-wp-fix\"><\/p>\n\t\t\t\t<sr7-module data-alias=\"minimal-portfolio1\" data-id=\"48\" id=\"SR7_48_2\" class=\"rs-respect-topbar respect-fixedstatic rs-ov-hidden\" data-version=\"6.7.54\">\n\t\t\t\t\t<sr7-adjuster><\/sr7-adjuster>\n\t\t\t\t\t<sr7-content>\n\t\t\t\t\t\t<sr7-slide id=\"SR7_48_2-10\" data-key=\"10\">\n\t\t\t\t\t\t\t<sr7-txt id=\"SR7_48_2-10-0\" class=\"sr7-layer\">Aumente<\/sr7-txt>\n\t\t\t\t\t\t\t<sr7-txt id=\"SR7_48_2-10-2\" class=\"sr7-layer\">Exponencialmente<\/sr7-txt>\n\t\t\t\t\t\t\t<a id=\"SR7_48_2-10-18\" class=\"sr7-layer\" href=\"https:\/\/www.facebook.com\/audazbrasil\/\" target=\"_blank\" rel=\"nofollow noopener\">Facebook<\/a>\n\t\t\t\t\t\t\t<sr7-txt id=\"SR7_48_2-10-19\" class=\"sr7-layer\">contato@audazbrasil.com<\/sr7-txt>\n\t\t\t\t\t\t\t<sr7-txt id=\"SR7_48_2-10-20\" class=\"sr7-layer\">contato@audazbrasil.com<\/sr7-txt>\n\t\t\t\t\t\t\t<sr7-txt id=\"SR7_48_2-10-21\" class=\"sr7-layer\"><a style=\"text-decoration:none; color:#fff!important;\"href=\"tel:31991314004\">+55 (31) 99131-4004<\/a><\/sr7-txt>\n\t\t\t\t\t\t\t<sr7-txt id=\"SR7_48_2-10-22\" class=\"sr7-layer\"><a style=\"text-decoration:none; color:#fff!important;\"href=\"tel:+351937690110\">+351 937 690 110<\/a><\/sr7-txt>\n\t\t\t\t\t\t\t<sr7-txt id=\"SR7_48_2-10-36\" class=\"sr7-layer\">BRASIL<\/sr7-txt>\n\t\t\t\t\t\t\t<sr7-txt id=\"SR7_48_2-10-37\" class=\"sr7-layer\">PORTUGAL<\/sr7-txt>\n\t\t\t\t\t\t\t<a id=\"SR7_48_2-10-44\" class=\"sr7-layer\" href=\"http:\/\/instagram.com\/audazbrasil\" target=\"_blank\" rel=\"nofollow noopener\">Instagram<\/a>\n\t\t\t\t\t\t\t<a id=\"SR7_48_2-10-45\" class=\"sr7-layer\" href=\"https:\/\/api.whatsapp.com\/send?phone=553191314004\" target=\"_blank\" rel=\"nofollow noopener\">Whatsapp<\/a>\n\t\t\t\t\t\t\t<sr7-txt id=\"SR7_48_2-10-83\" class=\"sr7-layer\">Seu rendimento<\/sr7-txt>\n\t\t\t\t\t\t<\/sr7-slide>\n\t\t\t\t\t\t<sr7-slide id=\"SR7_48_2-74\" data-key=\"74\">\n\t\t\t\t\t\t<\/sr7-slide>\n\t\t\t\t\t<\/sr7-content>\n\t\t\t\t<\/sr7-module>\n\t\t\t\t<script>\n\t\t\t\t\twindow.SR7 ??={};SR7.PMH ??={}; SR7.PMH[\"SR7_48_2\"] = {cn:100,state:false,fn: function() { if (window._tpt!==undefined && window._tpt.prepareModuleHeight !== undefined) {  _tpt.prepareModuleHeight({id:\"SR7_48_2\",el:[380,380,480,960,720],type:'standard',shdw:'0',gh:[380,380,480,960,720],gw:[1920,1920,1300,778,480],vpt:['-200px&#039;,&#039;-200px&#039;,&#039;-200px&#039;,&#039;-200px&#039;,&#039;-200px'],size:{fullWidth:true, fullHeight:false},mh:'0',onh:0,onw:0,bg:{color:'{\"orig\":\"transparent\",\"type\":\"solid\",\"string\":\"transparent\"}'}});   SR7.PMH[\"SR7_48_2\"].state=true;} else if(SR7.PMH[\"SR7_48_2\"].cn-->0)\tsetTimeout( SR7.PMH[\"SR7_48_2\"].fn,19);}};SR7.PMH[\"SR7_48_2\" ].fn();\n\t\t\t\t<\/script>\n<\/div>\n\n\t\t\t\t\t\t<\/div>\n\t\t\t\t\t<\/div>\n\t\t\t\t<\/div>\n\t\t\t\t<\/div>\n\t\t","protected":false},"excerpt":{"rendered":"","protected":false},"author":1,"featured_media":0,"parent":0,"menu_order":0,"comment_status":"closed","ping_status":"closed","template":"elementor_header_footer","meta":{"footnotes":""},"class_list":["post-331","page","type-page","status-publish","hentry"],"_links":{"self":[{"href":"https:\/\/audazbrasil.com\/usa\/wp-json\/wp\/v2\/pages\/331","targetHints":{"allow":["GET"]}}],"collection":[{"href":"https:\/\/audazbrasil.com\/usa\/wp-json\/wp\/v2\/pages"}],"about":[{"href":"https:\/\/audazbrasil.com\/usa\/wp-json\/wp\/v2\/types\/page"}],"author":[{"embeddable":true,"href":"https:\/\/audazbrasil.com\/usa\/wp-json\/wp\/v2\/users\/1"}],"replies":[{"embeddable":true,"href":"https:\/\/audazbrasil.com\/usa\/wp-json\/wp\/v2\/comments?post=331"}],"version-history":[{"count":24,"href":"https:\/\/audazbrasil.com\/usa\/wp-json\/wp\/v2\/pages\/331\/revisions"}],"predecessor-version":[{"id":707,"href":"https:\/\/audazbrasil.com\/usa\/wp-json\/wp\/v2\/pages\/331\/revisions\/707"}],"wp:attachment":[{"href":"https:\/\/audazbrasil.com\/usa\/wp-json\/wp\/v2\/media?parent=331"}],"curies":[{"name":"wp","href":"https:\/\/api.w.org\/{rel}","templated":true}]}}