{"id":369,"date":"2020-04-16T10:44:54","date_gmt":"2020-04-16T13:44:54","guid":{"rendered":"https:\/\/audazbrasil.com\/?page_id=369"},"modified":"2025-07-30T13:22:27","modified_gmt":"2025-07-30T16:22:27","slug":"consultoria","status":"publish","type":"page","link":"https:\/\/audazbrasil.com\/usa\/consultoria\/","title":{"rendered":"Consultoria"},"content":{"rendered":"\t\t<div data-elementor-type=\"wp-page\" data-elementor-id=\"369\" class=\"elementor elementor-369\" data-elementor-post-type=\"page\">\n\t\t\t\t<div class=\"elementor-element elementor-element-497792c1 e-flex e-con-boxed e-con e-parent\" data-id=\"497792c1\" data-element_type=\"container\" data-e-type=\"container\">\n\t\t\t\t\t<div class=\"e-con-inner\">\n\t\t\t\t<div class=\"elementor-element elementor-element-6d5aeb7c elementor-widget elementor-widget-text-editor\" data-id=\"6d5aeb7c\" data-element_type=\"widget\" data-e-type=\"widget\" data-widget_type=\"text-editor.default\">\n\t\t\t\t\t\t\t\t\t<p>\n\t\t\t\t<p class=\"rs-p-wp-fix\"><\/p>\n\t\t\t\t<sr7-module data-alias=\"slider-3-11-1-11\" data-id=\"110\" id=\"SR7_110_1\" class=\"rs-ov-hidden\" data-version=\"6.7.54\">\n\t\t\t\t\t<sr7-adjuster><\/sr7-adjuster>\n\t\t\t\t\t<sr7-content>\n\t\t\t\t\t\t<sr7-slide id=\"SR7_110_1-50\" data-key=\"50\">\n\t\t\t\t\t\t\t<sr7-bg id=\"SR7_110_1-50-6\" class=\"sr7-layer\"><noscript><img decoding=\"async\" src=\"http:\/\/audazbrasil.com\/usa\/wp-content\/uploads\/2020\/04\/banner-consultoria.jpg\" alt=\"\" title=\"banner-consultoria\"><\/noscript><\/sr7-bg>\n\t\t\t\t\t\t\t<sr7-txt id=\"SR7_110_1-50-1\" class=\"sr7-layer\"><b>CONSUL<\/b>TORIA<\/sr7-txt>\n\t\t\t\t\t\t<\/sr7-slide>\n\t\t\t\t\t\t<sr7-slide id=\"SR7_110_1-112\" data-key=\"112\">\n\t\t\t\t\t\t<\/sr7-slide>\n\t\t\t\t\t<\/sr7-content>\n\t\t\t\t\t<image_lists style=\"display:none\">\n\t\t\t\t\t\t<img data-src=\"\/\/audazbrasil.com\/usa\/wp-content\/uploads\/2020\/04\/banner-consultoria.jpg\" data-libid=\"377\" data-lib=\"medialibrary\" title=\"banner-consultoria\" width=\"0\" height=\"0\" data-dbsrc=\"Ly9hdWRhemJyYXNpbC5jb20vdXNhL3dwLWNvbnRlbnQvdXBsb2Fkcy8yMDIwLzA0L2Jhbm5lci1jb25zdWx0b3JpYS5qcGc=\"\/>\n\t\t\t\t\t<\/image_lists>\n\t\t\t\t<\/sr7-module>\n\t\t\t\t<script>\n\t\t\t\t\twindow.SR7 ??={};SR7.PMH ??={}; SR7.PMH[\"SR7_110_1\"] = {cn:100,state:false,fn: function() { if (window._tpt!==undefined && window._tpt.prepareModuleHeight !== undefined) {  _tpt.prepareModuleHeight({id:\"SR7_110_1\",el:[670,670,670,670,410],type:'hero',shdw:'0',gh:[670,670,670,670,410],gw:[1920,1920,1920,1920,480],vpt:['-200px&#039;,&#039;-200px&#039;,&#039;-200px&#039;,&#039;-200px&#039;,&#039;-200px'],size:{fullWidth:true, fullHeight:false},mh:'0',onh:0,onw:0,bg:{color:'{\"type\":\"solid\",\"orig\":\"rgba(15, 15, 15, 0.51)\",\"string\":\"rgba(15, 15, 15, 0.51)\"}'},plType:'0',plColor:'#FFFFFF'});   SR7.PMH[\"SR7_110_1\"].state=true;} else if(SR7.PMH[\"SR7_110_1\"].cn-->0)\tsetTimeout( SR7.PMH[\"SR7_110_1\"].fn,19);}};SR7.PMH[\"SR7_110_1\" ].fn();\n\t\t\t\t<\/script>\n \n\t\t\t\t<p class=\"rs-p-wp-fix\"><\/p>\n\t\t\t\t<sr7-module data-alias=\"peak-about1-11-1-1\" data-id=\"111\" id=\"SR7_111_2\" class=\"rs-ov-hidden\" data-version=\"6.7.54\">\n\t\t\t\t\t<sr7-adjuster><\/sr7-adjuster>\n\t\t\t\t\t<sr7-content>\n\t\t\t\t\t\t<sr7-slide id=\"SR7_111_2-51\" data-key=\"51\">\n\t\t\t\t\t\t\t<sr7-txt id=\"SR7_111_2-51-3\" class=\"sr7-layer\">Ter uma vis\u00e3o externa de seu neg\u00f3cio<\/sr7-txt>\n\t\t\t\t\t\t\t<sr7-txt id=\"SR7_111_2-51-4\" class=\"sr7-layer\">Benef\u00edcios de uma consultoria de marketing<\/sr7-txt>\n\t\t\t\t\t\t\t<sr7-txt id=\"SR7_111_2-51-5\" class=\"sr7-layer\">Aumento no retorno das a\u00e7\u00f5es de marketing<\/sr7-txt>\n\t\t\t\t\t\t\t<sr7-txt id=\"SR7_111_2-51-6\" class=\"sr7-layer\">Encontrar o cliente certo, no momento ideal<\/sr7-txt>\n\t\t\t\t\t\t\t<sr7-txt id=\"SR7_111_2-51-7\" class=\"sr7-layer\">Otimiza\u00e7\u00e3o de tempo e recursos<\/sr7-txt>\n\t\t\t\t\t\t\t<sr7-txt id=\"SR7_111_2-51-8\" class=\"sr7-layer\">Orienta\u00e7\u00f5es com total autonomia<\/sr7-txt>\n\t\t\t\t\t\t\t<sr7-txt id=\"SR7_111_2-51-9\" class=\"sr7-layer\">Know-How de especialistas<\/sr7-txt>\n\t\t\t\t\t\t\t<sr7-txt id=\"SR7_111_2-51-11\" class=\"sr7-layer\">Sobre Consultoria em Marketing Digital<\/sr7-txt>\n\t\t\t\t\t\t\t<sr7-txt id=\"SR7_111_2-51-12\" class=\"sr7-layer\">Com uma equipe de especialistas altamente qualificados, estamos prontos para identificar as lacunas nas suas a\u00e7\u00f5es digitais e criar estrat\u00e9gias eficazes que trar\u00e3o resultados reais. Utilizamos as \u00faltimas tend\u00eancias e t\u00e9cnicas do mercado para aumentar a sua visibilidade online, atrair um p\u00fablico-alvo qualificado e impulsionar as suas vendas.<br \/>\nN\u00e3o se contente com resultados abaixo das suas expectativas. D\u00ea o primeiro passo em dire\u00e7\u00e3o ao sucesso digital e entre em contato conosco hoje mesmo. Juntos, vamos transformar a sua presen\u00e7a online e colocar o seu neg\u00f3cio local no mapa do sucesso digital!<br \/>\n<\/sr7-txt>\n\t\t\t\t\t\t\t<sr7-txt id=\"SR7_111_2-51-13\" class=\"sr7-layer\">Alcance o sucesso digital com a nossa consultoria especializada!<br \/>\nSe voc\u00ea \u00e9 um pequeno ou m\u00e9dio neg\u00f3cio local e est\u00e1 desapontado com os resultados das suas estrat\u00e9gias digitais, n\u00e3o se preocupe. Estamos aqui para ajudar! Nossa consultoria em marketing digital oferece solu\u00e7\u00f5es personalizadas para impulsionar o seu neg\u00f3cio e garantir o crescimento que voc\u00ea deseja.<br \/>\n<\/sr7-txt>\n\t\t\t\t\t\t<\/sr7-slide>\n\t\t\t\t\t\t<sr7-slide id=\"SR7_111_2-113\" data-key=\"113\">\n\t\t\t\t\t\t<\/sr7-slide>\n\t\t\t\t\t<\/sr7-content>\n\t\t\t\t<\/sr7-module>\n\t\t\t\t<script>\n\t\t\t\t\twindow.SR7 ??={};SR7.PMH ??={}; SR7.PMH[\"SR7_111_2\"] = {cn:100,state:false,fn: function() { if (window._tpt!==undefined && window._tpt.prepareModuleHeight !== undefined) {  _tpt.prepareModuleHeight({id:\"SR7_111_2\",el:[830,830,845,1724,1705],type:'hero',shdw:'0',gh:[830,830,845,1724,1705],gw:[1240,1240,1280,778,480],vpt:['-200px&#039;,&#039;-200px&#039;,&#039;-200px&#039;,&#039;-200px&#039;,&#039;-200px'],size:{fullWidth:true, fullHeight:false},mh:'0',onh:0,onw:0,bg:{color:'{\"orig\":\"transparent\",\"type\":\"solid\",\"string\":\"transparent\"}'}});   SR7.PMH[\"SR7_111_2\"].state=true;} else if(SR7.PMH[\"SR7_111_2\"].cn-->0)\tsetTimeout( SR7.PMH[\"SR7_111_2\"].fn,19);}};SR7.PMH[\"SR7_111_2\" ].fn();\n\t\t\t\t<\/script>\n \n\t\t\t\t<p class=\"rs-p-wp-fix\"><\/p>\n\t\t\t\t<sr7-module data-alias=\"basic-content1-11-1-1\" data-id=\"108\" id=\"about\" class=\"rs-ov-hidden\" data-version=\"6.7.54\">\n\t\t\t\t\t<sr7-adjuster><\/sr7-adjuster>\n\t\t\t\t\t<sr7-content>\n\t\t\t\t\t\t<sr7-slide id=\"about-48\" data-key=\"48\">\n\t\t\t\t\t\t\t<sr7-txt id=\"about-48-24\" class=\"sr7-layer\">Uma perspectiva externa<\/sr7-txt>\n\t\t\t\t\t\t\t<sr7-txt id=\"about-48-25\" class=\"sr7-layer\">Um dos principais motivos para contratar um consultor \u00e9 obter um ponto de vista externo. Eles veem as coisas com mais clareza e, acima de tudo, objetividade. \u2028<\/sr7-txt>\n\t\t\t\t\t\t\t<sr7-txt id=\"about-48-28\" class=\"sr7-layer\">Especializa\u00e7\u00e3o<\/sr7-txt>\n\t\t\t\t\t\t\t<sr7-txt id=\"about-48-29\" class=\"sr7-layer\">Uma empresa de consultoria em estrat\u00e9gia digital oferece a oportunidade de trabalhar com especialistas de todas as \u00e1reas dos espa\u00e7os de marketing, como UX, SEO, Redes Sociais, ADS e muito mais. Voc\u00ea otimizar\u00e1 prazos e recursos trabalhando com especialistas nessas \u00e1reas.<\/sr7-txt>\n\t\t\t\t\t\t\t<sr7-txt id=\"about-48-32\" class=\"sr7-layer\">Custos x Benef\u00edcios<\/sr7-txt>\n\t\t\t\t\t\t\t<sr7-txt id=\"about-48-33\" class=\"sr7-layer\">Tempo \u00e9 dinheiro e um consultor pode economizar o dinheiro de uma empresa. Sua experi\u00eancia ir\u00e1 garantir que eles possam resolver problemas mais rapidamente. Al\u00e9m disso, garantir\u00e1 que o gasto valer\u00e1 a pena, e voc\u00ea poder\u00e1 medir sua lucratividade a partir de seus indicadores de desempenho. \u2028<\/sr7-txt>\n\t\t\t\t\t\t\t<sr7-txt id=\"about-48-34\" class=\"sr7-layer\">PORQUE INVESTIR\u2026.<\/sr7-txt>\n\t\t\t\t\t\t<\/sr7-slide>\n\t\t\t\t\t\t<sr7-slide id=\"about-110\" data-key=\"110\">\n\t\t\t\t\t\t<\/sr7-slide>\n\t\t\t\t\t<\/sr7-content>\n\t\t\t\t<\/sr7-module>\n\t\t\t\t<script>\n\t\t\t\t\twindow.SR7 ??={};SR7.PMH ??={}; SR7.PMH[\"about\"] = {cn:100,state:false,fn: function() { if (window._tpt!==undefined && window._tpt.prepareModuleHeight !== undefined) {  _tpt.prepareModuleHeight({id:\"about\",el:[530,530,704,1049,960],type:'hero',shdw:'0',gh:[530,530,705,1050,960],gw:[1240,1240,1024,778,480],vpt:['100px&#039;,&#039;100px&#039;,&#039;100px&#039;,&#039;100px&#039;,&#039;100px'],size:{fullWidth:true, fullHeight:false},mh:'0',onh:0,onw:0,bg:{color:'{\"orig\":\"transparent\",\"type\":\"solid\",\"string\":\"transparent\"}'}});   SR7.PMH[\"about\"].state=true;} else if(SR7.PMH[\"about\"].cn-->0)\tsetTimeout( SR7.PMH[\"about\"].fn,19);}};SR7.PMH[\"about\" ].fn();\n\t\t\t\t<\/script>\n \n\t\t\t\t<p class=\"rs-p-wp-fix\"><\/p>\n\t\t\t\t<sr7-module data-alias=\"peak-portfolio1-11-12-1\" data-id=\"109\" id=\"SR7_109_4\" class=\"rs-ov-hidden\" data-version=\"6.7.54\">\n\t\t\t\t\t<sr7-adjuster><\/sr7-adjuster>\n\t\t\t\t\t<sr7-content>\n\t\t\t\t\t\t<sr7-slide id=\"SR7_109_4-49\" data-key=\"49\">\n\t\t\t\t\t\t\t<sr7-txt id=\"SR7_109_4-49-0\" class=\"sr7-layer\">CHEGADA<\/sr7-txt>\n\t\t\t\t\t\t\t<sr7-txt id=\"SR7_109_4-49-1\" class=\"sr7-layer\">INICIO<\/sr7-txt>\n\t\t\t\t\t\t\t<sr7-txt id=\"SR7_109_4-49-3\" class=\"sr7-layer\">AN\u00c1LISE E DIAGN\u00d3STICO<\/sr7-txt>\n\t\t\t\t\t\t\t<sr7-txt id=\"SR7_109_4-49-4\" class=\"sr7-layer\">TIMELINE DO CLIENTE<\/sr7-txt>\n\t\t\t\t\t\t\t<sr7-txt id=\"SR7_109_4-49-6\" class=\"sr7-layer\">ESTRAT\u00c9GIA E IMPLEMENTA\u00c7\u00c3O<\/sr7-txt>\n\t\t\t\t\t\t\t<sr7-txt id=\"SR7_109_4-49-9\" class=\"sr7-layer\">PROJETO<\/sr7-txt>\n\t\t\t\t\t\t\t<sr7-txt id=\"SR7_109_4-49-11\" class=\"sr7-layer\">ACOMPANHAMENTO E OTIMIZA\u00c7\u00c3O<\/sr7-txt>\n\t\t\t\t\t\t\t<a id=\"SR7_109_4-49-16\" class=\"sr7-layer\" href=\"https:\/\/api.whatsapp.com\/send?phone=5531991314004\" target=\"_blank\" rel=\"noopener\">SAIBA MAIS<\/a>\n\t\t\t\t\t\t\t<sr7-txt id=\"SR7_109_4-49-24\" class=\"sr7-layer\">Nossa equipe de especialistas em marketing digital realizar\u00e1 uma an\u00e1lise completa das estrat\u00e9gias digitais atuais do seu neg\u00f3cio, identificando lacunas e \u00e1reas de melhoria. Com base nesse diagn\u00f3stico, desenvolveremos um plano personalizado para impulsionar a presen\u00e7a online e alcan\u00e7ar resultados significativos.<\/sr7-txt>\n\t\t\t\t\t\t\t<sr7-txt id=\"SR7_109_4-49-25\" class=\"sr7-layer\">Juntos vamos desenvolver uma estrat\u00e9gia digital eficaz para impulsionar o seu neg\u00f3cio. Com base na an\u00e1lise realizada, nossa equipe criar\u00e1 um plano estrat\u00e9gico abrangente, alinhado \u00e0s \u00faltimas tend\u00eancias e t\u00e9cnicas do mercado. Recomendaremos as a\u00e7\u00f5es necess\u00e1rias para aumentar a visibilidade online, atrair um p\u00fablico-alvo qualificado e impulsionar as vendas do seu neg\u00f3cio local.<\/sr7-txt>\n\t\t\t\t\t\t\t<sr7-txt id=\"SR7_109_4-49-27\" class=\"sr7-layer\">N\u00e3o se contente com resultados abaixo das expectativas. Nossa consultoria em marketing digital oferece suporte cont\u00ednuo para otimizar o desempenho do seu neg\u00f3cio online. Acompanharemos de perto os resultados das estrat\u00e9gias implementadas e recomendaremos ajustes conforme necess\u00e1rio. Juntos, vamos transformar a presen\u00e7a digital e posicionar o seu neg\u00f3cio local no mapa do sucesso digital. <\/sr7-txt>\n\t\t\t\t\t\t<\/sr7-slide>\n\t\t\t\t\t\t<sr7-slide id=\"SR7_109_4-111\" data-key=\"111\">\n\t\t\t\t\t\t<\/sr7-slide>\n\t\t\t\t\t<\/sr7-content>\n\t\t\t\t\t<image_lists style=\"display:none\">\n\t\t\t\t\t\t<img data-src=\"\/\/audazbrasil.com\/usa\/wp-content\/uploads\/2020\/04\/servicos-7.jpg\" data-libid=\"357\" data-lib=\"medialibrary\" title=\"servicos-7\" width=\"0\" height=\"0\" data-dbsrc=\"Ly9hdWRhemJyYXNpbC5jb20vdXNhL3dwLWNvbnRlbnQvdXBsb2Fkcy8yMDIwLzA0L3NlcnZpY29zLTcuanBn\"\/>\n\t\t\t\t\t\t<img data-src=\"\/\/audazbrasil.com\/usa\/wp-content\/uploads\/2020\/04\/servicos-8.jpg\" data-libid=\"358\" data-lib=\"medialibrary\" title=\"servicos-8\" width=\"0\" height=\"0\" data-dbsrc=\"Ly9hdWRhemJyYXNpbC5jb20vdXNhL3dwLWNvbnRlbnQvdXBsb2Fkcy8yMDIwLzA0L3NlcnZpY29zLTguanBn\"\/>\n\t\t\t\t\t\t<img loading=\"lazy\" data-src=\"\/\/audazbrasil.com\/wp-content\/uploads\/revslider\/peak-portfolio\/peak_pattern2.png\" data-libid=\"85\" width=\"0\" height=\"0\" data-dbsrc=\"Ly9hdWRhemJyYXNpbC5jb20vd3AtY29udGVudC91cGxvYWRzL3JldnNsaWRlci9wZWFrLXBvcnRmb2xpby9wZWFrX3BhdHRlcm4yLnBuZw==\"\/>\n\t\t\t\t\t\t<img data-src=\"\/\/audazbrasil.com\/usa\/wp-content\/uploads\/2020\/04\/banner-consultoria.jpg\" data-libid=\"377\" data-lib=\"medialibrary\" title=\"banner-consultoria\" width=\"0\" height=\"0\" data-dbsrc=\"Ly9hdWRhemJyYXNpbC5jb20vdXNhL3dwLWNvbnRlbnQvdXBsb2Fkcy8yMDIwLzA0L2Jhbm5lci1jb25zdWx0b3JpYS5qcGc=\"\/>\n\t\t\t\t\t<\/image_lists>\n\t\t\t\t<\/sr7-module>\n\t\t\t\t<script>\n\t\t\t\t\twindow.SR7 ??={};SR7.PMH ??={}; SR7.PMH[\"SR7_109_4\"] = {cn:100,state:false,fn: function() { if (window._tpt!==undefined && window._tpt.prepareModuleHeight !== undefined) {  _tpt.prepareModuleHeight({id:\"SR7_109_4\",el:[2190,2190,2220,1710,1848],type:'hero',shdw:'0',gh:[2190,2190,2220,1710,1848],gw:[1240,1240,1024,778,480],vpt:['-200px&#039;,&#039;-200px&#039;,&#039;-200px&#039;,&#039;-200px&#039;,&#039;-200px'],size:{fullWidth:true, fullHeight:false},mh:'0',onh:0,onw:0,bg:{color:'{\"type\":\"solid\",\"orig\":\"#1c1c1c\",\"string\":\"rgba(28, 28, 28, 1)\"}'}});   SR7.PMH[\"SR7_109_4\"].state=true;} else if(SR7.PMH[\"SR7_109_4\"].cn-->0)\tsetTimeout( SR7.PMH[\"SR7_109_4\"].fn,19);}};SR7.PMH[\"SR7_109_4\" ].fn();\n\t\t\t\t<\/script>\n<\/p>\n\n<div class=\"wp-block-themepunch-revslider revslider\" data-modal=\"false\" data-slidertitle=\"Minimal Portfolio1\">\n\t\t\t\t<p class=\"rs-p-wp-fix\"><\/p>\n\t\t\t\t<sr7-module data-alias=\"minimal-portfolio1-12\" data-id=\"125\" id=\"SR7_125_5\" class=\"rs-respect-topbar respect-fixedstatic rs-ov-hidden\" data-version=\"6.7.54\">\n\t\t\t\t\t<sr7-adjuster><\/sr7-adjuster>\n\t\t\t\t\t<sr7-content>\n\t\t\t\t\t\t<sr7-slide id=\"SR7_125_5-62\" data-key=\"62\">\n\t\t\t\t\t\t\t<sr7-txt id=\"SR7_125_5-62-0\" class=\"sr7-layer\">Aumente<\/sr7-txt>\n\t\t\t\t\t\t\t<sr7-txt id=\"SR7_125_5-62-2\" class=\"sr7-layer\">Exponencialmente<\/sr7-txt>\n\t\t\t\t\t\t\t<a id=\"SR7_125_5-62-18\" class=\"sr7-layer\" href=\"https:\/\/www.facebook.com\/audazbrasil\/\" target=\"_blank\" rel=\"nofollow noopener\">Facebook<\/a>\n\t\t\t\t\t\t\t<sr7-txt id=\"SR7_125_5-62-19\" class=\"sr7-layer\">contato@audazbrasil.com<\/sr7-txt>\n\t\t\t\t\t\t\t<sr7-txt id=\"SR7_125_5-62-20\" class=\"sr7-layer\">contact@audazbrasil.com<\/sr7-txt>\n\t\t\t\t\t\t\t<sr7-txt id=\"SR7_125_5-62-21\" class=\"sr7-layer\"><a style=\"text-decoration:none; color:#fff!important;\"href=\"tel:35984529699\">+55 (35) 98452 9699<\/a><\/sr7-txt>\n\t\t\t\t\t\t\t<sr7-txt id=\"SR7_125_5-62-22\" class=\"sr7-layer\"><a style=\"text-decoration:none; color:#fff!important;\"href=\"tel:+18572250374\">+1 857 225 0374<\/a><\/sr7-txt>\n\t\t\t\t\t\t\t<sr7-txt id=\"SR7_125_5-62-36\" class=\"sr7-layer\">BRASIL<\/sr7-txt>\n\t\t\t\t\t\t\t<sr7-txt id=\"SR7_125_5-62-37\" class=\"sr7-layer\">USA<\/sr7-txt>\n\t\t\t\t\t\t\t<a id=\"SR7_125_5-62-44\" class=\"sr7-layer\" href=\"http:\/\/instagram.com\/audazbrasil\" target=\"_blank\" rel=\"nofollow noopener\">Instagram<\/a>\n\t\t\t\t\t\t\t<a id=\"SR7_125_5-62-45\" class=\"sr7-layer\" href=\"https:\/\/api.whatsapp.com\/send?phone=5535984529699\" target=\"_blank\" rel=\"nofollow noopener\">Whatsapp<\/a>\n\t\t\t\t\t\t\t<sr7-txt id=\"SR7_125_5-62-83\" class=\"sr7-layer\">Seu rendimento<\/sr7-txt>\n\t\t\t\t\t\t<\/sr7-slide>\n\t\t\t\t\t\t<sr7-slide id=\"SR7_125_5-124\" data-key=\"124\">\n\t\t\t\t\t\t<\/sr7-slide>\n\t\t\t\t\t<\/sr7-content>\n\t\t\t\t<\/sr7-module>\n\t\t\t\t<script>\n\t\t\t\t\twindow.SR7 ??={};SR7.PMH ??={}; SR7.PMH[\"SR7_125_5\"] = {cn:100,state:false,fn: function() { if (window._tpt!==undefined && window._tpt.prepareModuleHeight !== undefined) {  _tpt.prepareModuleHeight({id:\"SR7_125_5\",el:[480,480,480,960,720],type:'standard',shdw:'0',gh:[480,480,480,960,720],gw:[1920,1920,1300,778,480],vpt:['-200px&#039;,&#039;-200px&#039;,&#039;-200px&#039;,&#039;-200px&#039;,&#039;-200px'],size:{fullWidth:true, fullHeight:false},mh:'0',onh:0,onw:0,bg:{color:'{\"orig\":\"transparent\",\"type\":\"solid\",\"string\":\"transparent\"}'}});   SR7.PMH[\"SR7_125_5\"].state=true;} else if(SR7.PMH[\"SR7_125_5\"].cn-->0)\tsetTimeout( SR7.PMH[\"SR7_125_5\"].fn,19);}};SR7.PMH[\"SR7_125_5\" ].fn();\n\t\t\t\t<\/script>\n<\/div>\n\t\t\t\t\t\t\t\t<\/div>\n\t\t\t\t\t<\/div>\n\t\t\t\t<\/div>\n\t\t\t\t<\/div>\n\t\t","protected":false},"excerpt":{"rendered":"","protected":false},"author":1,"featured_media":0,"parent":0,"menu_order":0,"comment_status":"closed","ping_status":"closed","template":"elementor_header_footer","meta":{"footnotes":""},"class_list":["post-369","page","type-page","status-publish","hentry"],"_links":{"self":[{"href":"https:\/\/audazbrasil.com\/usa\/wp-json\/wp\/v2\/pages\/369","targetHints":{"allow":["GET"]}}],"collection":[{"href":"https:\/\/audazbrasil.com\/usa\/wp-json\/wp\/v2\/pages"}],"about":[{"href":"https:\/\/audazbrasil.com\/usa\/wp-json\/wp\/v2\/types\/page"}],"author":[{"embeddable":true,"href":"https:\/\/audazbrasil.com\/usa\/wp-json\/wp\/v2\/users\/1"}],"replies":[{"embeddable":true,"href":"https:\/\/audazbrasil.com\/usa\/wp-json\/wp\/v2\/comments?post=369"}],"version-history":[{"count":4,"href":"https:\/\/audazbrasil.com\/usa\/wp-json\/wp\/v2\/pages\/369\/revisions"}],"predecessor-version":[{"id":638,"href":"https:\/\/audazbrasil.com\/usa\/wp-json\/wp\/v2\/pages\/369\/revisions\/638"}],"wp:attachment":[{"href":"https:\/\/audazbrasil.com\/usa\/wp-json\/wp\/v2\/media?parent=369"}],"curies":[{"name":"wp","href":"https:\/\/api.w.org\/{rel}","templated":true}]}}