{"id":52,"date":"2019-08-01T19:07:18","date_gmt":"2019-08-01T22:07:18","guid":{"rendered":"https:\/\/audazbrasil.com\/?page_id=52"},"modified":"2025-07-30T14:05:30","modified_gmt":"2025-07-30T17:05:30","slug":"marketing-digital","status":"publish","type":"page","link":"https:\/\/audazbrasil.com\/usa\/marketing-digital\/","title":{"rendered":"Marketing Digital"},"content":{"rendered":"\t\t<div data-elementor-type=\"wp-page\" data-elementor-id=\"52\" class=\"elementor elementor-52\" data-elementor-post-type=\"page\">\n\t\t\t\t<div class=\"elementor-element elementor-element-34a85419 e-flex e-con-boxed e-con e-parent\" data-id=\"34a85419\" data-element_type=\"container\" data-e-type=\"container\">\n\t\t\t\t\t<div class=\"e-con-inner\">\n\t\t\t\t<div class=\"elementor-element elementor-element-d38eb63 elementor-widget elementor-widget-text-editor\" data-id=\"d38eb63\" data-element_type=\"widget\" data-e-type=\"widget\" data-widget_type=\"text-editor.default\">\n\t\t\t\t\t\t\t\t\t\r\n\r\n\r\n<div class=\"wp-block-themepunch-revslider revslider\" data-modal=\"false\" data-slidertitle=\"Slider 3\">\n\t\t\t\t<p class=\"rs-p-wp-fix\"><\/p>\n\t\t\t\t<sr7-module data-alias=\"slider-3\" data-id=\"16\" id=\"SR7_16_1\" class=\"rs-ov-hidden\" data-version=\"6.7.54\">\n\t\t\t\t\t<sr7-adjuster><\/sr7-adjuster>\n\t\t\t\t\t<sr7-content>\n\t\t\t\t\t\t<sr7-slide id=\"SR7_16_1-7\" data-key=\"7\">\n\t\t\t\t\t\t\t<sr7-bg id=\"SR7_16_1-7-6\" class=\"sr7-layer\"><noscript><img decoding=\"async\" src=\"http:\/\/audazbrasil.com\/usa\/wp-content\/uploads\/2019\/11\/marketing-digital.jpg\" alt=\"\" title=\"marketing-digital\"><\/noscript><\/sr7-bg>\n\t\t\t\t\t\t\t<sr7-txt id=\"SR7_16_1-7-1\" class=\"sr7-layer\"><b>MARKETING<\/b> <br \/>DIGITAL<\/sr7-txt>\n\t\t\t\t\t\t<\/sr7-slide>\n\t\t\t\t\t\t<sr7-slide id=\"SR7_16_1-71\" data-key=\"71\">\n\t\t\t\t\t\t<\/sr7-slide>\n\t\t\t\t\t<\/sr7-content>\n\t\t\t\t\t<image_lists style=\"display:none\">\n\t\t\t\t\t\t<img data-src=\"\/\/audazbrasil.com\/usa\/wp-content\/uploads\/2019\/11\/marketing-digital.jpg\" data-libid=\"311\" data-lib=\"medialibrary\" title=\"marketing-digital\" width=\"0\" height=\"0\" data-dbsrc=\"Ly9hdWRhemJyYXNpbC5jb20vdXNhL3dwLWNvbnRlbnQvdXBsb2Fkcy8yMDE5LzExL21hcmtldGluZy1kaWdpdGFsLmpwZw==\"\/>\n\t\t\t\t\t<\/image_lists>\n\t\t\t\t<\/sr7-module>\n\t\t\t\t<script>\n\t\t\t\t\twindow.SR7 ??={};SR7.PMH ??={}; SR7.PMH[\"SR7_16_1\"] = {cn:100,state:false,fn: function() { if (window._tpt!==undefined && window._tpt.prepareModuleHeight !== undefined) {  _tpt.prepareModuleHeight({id:\"SR7_16_1\",el:[670,670,670,670,410],type:'hero',shdw:'0',gh:[670,670,670,670,410],gw:[1920,1920,1920,1920,480],vpt:['-200px&#039;,&#039;-200px&#039;,&#039;-200px&#039;,&#039;-200px&#039;,&#039;-200px'],size:{fullWidth:true, fullHeight:false},mh:'0',onh:0,onw:0,bg:{color:'{\"type\":\"solid\",\"orig\":\"rgba(15, 15, 15, 0.51)\",\"string\":\"rgba(15, 15, 15, 0.51)\"}'},plType:'0',plColor:'#FFFFFF'});   SR7.PMH[\"SR7_16_1\"].state=true;} else if(SR7.PMH[\"SR7_16_1\"].cn-->0)\tsetTimeout( SR7.PMH[\"SR7_16_1\"].fn,19);}};SR7.PMH[\"SR7_16_1\" ].fn();\n\t\t\t\t<\/script>\n<\/div>\r\n\r\n\r\n\r\n<div data-modal=\"false\" data-slidertitle=\"Peak About1\">\n\t\t\t\t<p class=\"rs-p-wp-fix\"><\/p>\n\t\t\t\t<sr7-module data-alias=\"introducao-consultoria-1\" data-id=\"117\" id=\"SR7_117_2\" class=\"rs-ov-hidden\" data-version=\"6.7.54\">\n\t\t\t\t\t<sr7-adjuster><\/sr7-adjuster>\n\t\t\t\t\t<sr7-content>\n\t\t\t\t\t\t<sr7-slide id=\"SR7_117_2-56\" data-key=\"56\">\n\t\t\t\t\t\t\t<sr7-txt id=\"SR7_117_2-56-3\" class=\"sr7-layer\">Roteiros e V\u00eddeos  \n\t\t\t\t\t\t\t\t\t\t<\/sr7-txt>\n\t\t\t\t\t\t\t<sr7-txt id=\"SR7_117_2-56-4\" class=\"sr7-layer\">SERVI\u00c7OS \n\t\t\t\t\t\t\t\t\t\t<\/sr7-txt>\n\t\t\t\t\t\t\t<sr7-txt id=\"SR7_117_2-56-5\" class=\"sr7-layer\">Ranqueamento no Google \n\t\t\t\t\t\t\t\t\t\t<\/sr7-txt>\n\t\t\t\t\t\t\t<sr7-txt id=\"SR7_117_2-56-6\" class=\"sr7-layer\">Copywriting e Conte\u00fado \n\t\t\t\t\t\t\t\t\t\t<\/sr7-txt>\n\t\t\t\t\t\t\t<sr7-txt id=\"SR7_117_2-56-7\" class=\"sr7-layer\">Gerenciamento de Redes Sociais \n\t\t\t\t\t\t\t\t\t\t<\/sr7-txt>\n\t\t\t\t\t\t\t<sr7-txt id=\"SR7_117_2-56-8\" class=\"sr7-layer\">Cria\u00e7\u00e3o de sites <\/sr7-txt>\n\t\t\t\t\t\t\t<sr7-txt id=\"SR7_117_2-56-9\" class=\"sr7-layer\">An\u00fancios Pagos (Plataformas Ads) \n\t\t\t\t\t\t\t\t\t\t<\/sr7-txt>\n\t\t\t\t\t\t\t<sr7-txt id=\"SR7_117_2-56-11\" class=\"sr7-layer\">SOBRE MARKETING DIGITAL \n\t\t\t\t\t\t\t\t\t\t<\/sr7-txt>\n\t\t\t\t\t\t\t<sr7-txt id=\"SR7_117_2-56-12\" class=\"sr7-layer\">Antes de mergulhar de cabe\u00e7a no mundo digital, fa\u00e7a uma pausa e reflita. Voc\u00ea ter\u00e1 comprometimento com as estrat\u00e9gias propostas? Isso \u00e9 uma prioridade para voc\u00ea?<br \/>\nSe sua resposta for um entusiasmado &#8220;sim&#8221;, ent\u00e3o chegou a hora de unir for\u00e7as com a Audaz Brasil | USA!<br\/><br \/>\nAssim como voc\u00ea, estamos empenhados em impulsionar o seu neg\u00f3cio para gerar lucros cada vez maiores, conquistando os melhores resultados. Por meio de um estudo minucioso do seu segmento, compreendemos a fundo o comportamento do seu p\u00fablico e analisamos seus objetivos, tra\u00e7ando estrat\u00e9gias personalizadas que conduzir\u00e3o seu neg\u00f3cio ao objetivo desejado. Nosso foco est\u00e1 sempre na mentalidade de vendas, garantindo que seu servi\u00e7o seja oferecido ao p\u00fablico certo, no momento exato.<br\/><br \/>\nConte com nossa expertise em Marketing de Conte\u00fado, Gerenciamento de Redes Sociais, An\u00fancios Pagos: Instagram ADS, Facebook ADS, Google ADS, Projetos e muito mais. Ah, e o melhor de tudo: alcan\u00e7amos resultados excepcionais com um investimento acess\u00edvel.<br\/><br \/>\nN\u00e3o perca mais tempo! Solicite agora mesmo uma consultoria gr\u00e1tis e d\u00ea o primeiro passo rumo \u00e0 revolu\u00e7\u00e3o do seu neg\u00f3cio por meio do marketing digital. Juntos, alcan\u00e7aremos o sucesso que voc\u00ea merece, elevando sua empresa a um novo patamar de conquistas!<br \/>\n<\/sr7-txt>\n\t\t\t\t\t\t\t<sr7-txt id=\"SR7_117_2-56-13\" class=\"sr7-layer\">Impulsione seu neg\u00f3cio com o poder do Marketing Digital!<br\/><br \/>\nSe voc\u00ea \u00e9 propriet\u00e1rio de um pequeno ou m\u00e9dio neg\u00f3cio local, estamos aqui para atender \u00e0s suas expectativas mais altas. Na Audaz Brasil | USA, acreditamos na m\u00e1xima compet\u00eancia de nossos profissionais para garantir que voc\u00ea obtenha os melhores resultados, mesmo com um investimento m\u00ednimo.<\/sr7-txt>\n\t\t\t\t\t\t<\/sr7-slide>\n\t\t\t\t\t\t<sr7-slide id=\"SR7_117_2-118\" data-key=\"118\">\n\t\t\t\t\t\t<\/sr7-slide>\n\t\t\t\t\t<\/sr7-content>\n\t\t\t\t<\/sr7-module>\n\t\t\t\t<script>\n\t\t\t\t\twindow.SR7 ??={};SR7.PMH ??={}; SR7.PMH[\"SR7_117_2\"] = {cn:100,state:false,fn: function() { if (window._tpt!==undefined && window._tpt.prepareModuleHeight !== undefined) {  _tpt.prepareModuleHeight({id:\"SR7_117_2\",el:[970,970,845,845,2205],type:'hero',shdw:'0',gh:[970,970,845,845,2205],gw:[1240,1240,1280,1280,480],vpt:['-200px&#039;,&#039;-200px&#039;,&#039;-200px&#039;,&#039;-200px&#039;,&#039;-200px'],size:{fullWidth:true, fullHeight:false},mh:'0',onh:0,onw:0,bg:{color:'{\"orig\":\"transparent\",\"type\":\"solid\",\"string\":\"transparent\"}'}});   SR7.PMH[\"SR7_117_2\"].state=true;} else if(SR7.PMH[\"SR7_117_2\"].cn-->0)\tsetTimeout( SR7.PMH[\"SR7_117_2\"].fn,19);}};SR7.PMH[\"SR7_117_2\" ].fn();\n\t\t\t\t<\/script>\n<\/div>\r\n\r\n\r\n\r\n<div class=\"wp-block-themepunch-revslider revslider\" data-modal=\"false\" data-slidertitle=\"Basic Content1\">\n\t\t\t\t<p class=\"rs-p-wp-fix\"><\/p>\n\t\t\t\t<sr7-module data-alias=\"basic-content1\" data-id=\"59\" id=\"about\" class=\"rs-ov-hidden\" data-version=\"6.7.54\">\n\t\t\t\t\t<sr7-adjuster><\/sr7-adjuster>\n\t\t\t\t\t<sr7-content>\n\t\t\t\t\t\t<sr7-slide id=\"about-11\" data-key=\"11\">\n\t\t\t\t\t\t\t<sr7-txt id=\"about-11-24\" class=\"sr7-layer\">Presen\u00e7a online<\/sr7-txt>\n\t\t\t\t\t\t\t<sr7-txt id=\"about-11-25\" class=\"sr7-layer\">Trabalhe a imagem da do seu neg\u00f3cio, construindo autoridade e credibilidade no ambiente digital. Seja uma das principais refer\u00eancias no segmento que atua.<\/sr7-txt>\n\t\t\t\t\t\t\t<sr7-txt id=\"about-11-28\" class=\"sr7-layer\">Posicionamento no Google<\/sr7-txt>\n\t\t\t\t\t\t\t<sr7-txt id=\"about-11-29\" class=\"sr7-layer\">Cerca de 95% das pessoas pesquisam primeiro na web antes de contratar algum servi\u00e7o ou comprar algum produto. Aparecer nas primeiras posi\u00e7\u00f5es do Google significa atrair o p\u00fablico, ser visto e reconhecido.<\/sr7-txt>\n\t\t\t\t\t\t\t<sr7-txt id=\"about-11-32\" class=\"sr7-layer\">Capta\u00e7\u00e3o de clientes<\/sr7-txt>\n\t\t\t\t\t\t\t<sr7-txt id=\"about-11-33\" class=\"sr7-layer\">O investimento em marketing digital favorece o aumento das vendas, conquistado pela confian\u00e7a que o p\u00fablico deposita em seu neg\u00f3cio. Al\u00e9m de ser uma ferramenta para distanciar da concorr\u00eancia.\n<\/sr7-txt>\n\t\t\t\t\t\t\t<sr7-txt id=\"about-11-34\" class=\"sr7-layer\">Por que investir em marketing digital?<\/sr7-txt>\n\t\t\t\t\t\t<\/sr7-slide>\n\t\t\t\t\t\t<sr7-slide id=\"about-75\" data-key=\"75\">\n\t\t\t\t\t\t<\/sr7-slide>\n\t\t\t\t\t<\/sr7-content>\n\t\t\t\t<\/sr7-module>\n\t\t\t\t<script>\n\t\t\t\t\twindow.SR7 ??={};SR7.PMH ??={}; SR7.PMH[\"about\"] = {cn:100,state:false,fn: function() { if (window._tpt!==undefined && window._tpt.prepareModuleHeight !== undefined) {  _tpt.prepareModuleHeight({id:\"about\",el:[635,635,635,850,890],type:'hero',shdw:'0',gh:[635,635,635,850,890],gw:[1240,1240,1024,778,480],vpt:['100px&#039;,&#039;100px&#039;,&#039;100px&#039;,&#039;100px&#039;,&#039;100px'],size:{fullWidth:true, fullHeight:false},mh:'0',onh:0,onw:0,bg:{color:'{\"orig\":\"transparent\",\"type\":\"solid\",\"string\":\"transparent\"}'}});   SR7.PMH[\"about\"].state=true;} else if(SR7.PMH[\"about\"].cn-->0)\tsetTimeout( SR7.PMH[\"about\"].fn,19);}};SR7.PMH[\"about\" ].fn();\n\t\t\t\t<\/script>\n<\/div>\r\n<div data-modal=\"false\" data-slidertitle=\"Basic Content1\">\n\t\t\t\t<p class=\"rs-p-wp-fix\"><\/p>\n\t\t\t\t<sr7-module data-alias=\"timeline-cliente-treinamento-1\" data-id=\"114\" id=\"SR7_114_4\" class=\"rs-ov-hidden\" data-version=\"6.7.54\">\n\t\t\t\t\t<sr7-adjuster><\/sr7-adjuster>\n\t\t\t\t\t<sr7-content>\n\t\t\t\t\t\t<sr7-slide id=\"SR7_114_4-54\" data-key=\"54\">\n\t\t\t\t\t\t\t<sr7-txt id=\"SR7_114_4-54-0\" class=\"sr7-layer\">CHEGADA<\/sr7-txt>\n\t\t\t\t\t\t\t<sr7-txt id=\"SR7_114_4-54-1\" class=\"sr7-layer\">INICIO<\/sr7-txt>\n\t\t\t\t\t\t\t<sr7-txt id=\"SR7_114_4-54-3\" class=\"sr7-layer\">DIAGN\u00d3STICO 360\u00ba GRAUS<\/sr7-txt>\n\t\t\t\t\t\t\t<sr7-txt id=\"SR7_114_4-54-4\" class=\"sr7-layer\">TIMELINE DO CLIENTE<\/sr7-txt>\n\t\t\t\t\t\t\t<sr7-txt id=\"SR7_114_4-54-6\" class=\"sr7-layer\">ELABORA\u00c7\u00c3O ESTRAT\u00c9GICA<\/sr7-txt>\n\t\t\t\t\t\t\t<sr7-txt id=\"SR7_114_4-54-9\" class=\"sr7-layer\">PROJETO<\/sr7-txt>\n\t\t\t\t\t\t\t<sr7-txt id=\"SR7_114_4-54-11\" class=\"sr7-layer\">IMPLEMENTA\u00c7\u00c3O E A\u00c7\u00d5ES DE RESULTADO<\/sr7-txt>\n\t\t\t\t\t\t\t<a id=\"SR7_114_4-54-17\" class=\"sr7-layer\" href=\"https:\/\/api.whatsapp.com\/send?phone=5531991314004\" target=\"_blank\" rel=\"noopener\">SAIBA MAIS<\/a>\n\t\t\t\t\t\t\t<sr7-txt id=\"SR7_114_4-54-24\" class=\"sr7-layer\">Realizamos uma avalia\u00e7\u00e3o abrangente para entender suas necessidades e expectativas. Nossa equipe competente explorar\u00e1 todos os aspectos do seu neg\u00f3cio, fornecendo insights valiosos sobre seu mercado-alvo e objetivos.<\/sr7-txt>\n\t\t\t\t\t\t\t<sr7-txt id=\"SR7_114_4-54-25\" class=\"sr7-layer\">Com base na avalia\u00e7\u00e3o, desenvolveremos uma estrat\u00e9gia personalizada que atenda \u00e0s suas necessidades. Usando ferramentas como marketing de conte\u00fado e an\u00fancios pagos, garantiremos que sua marca se destaque no ambiente digital.<\/sr7-txt>\n\t\t\t\t\t\t\t<sr7-txt id=\"SR7_114_4-54-27\" class=\"sr7-layer\">Colocaremos em pr\u00e1tica a estrat\u00e9gia elaborada, executando atividades planejadas com precis\u00e3o. Monitoraremos o desempenho, ajustando as estrat\u00e9gias conforme necess\u00e1rio para alcan\u00e7ar seus objetivos e obter resultados excepcionais.<\/sr7-txt>\n\t\t\t\t\t\t<\/sr7-slide>\n\t\t\t\t\t\t<sr7-slide id=\"SR7_114_4-116\" data-key=\"116\">\n\t\t\t\t\t\t<\/sr7-slide>\n\t\t\t\t\t<\/sr7-content>\n\t\t\t\t\t<image_lists style=\"display:none\">\n\t\t\t\t\t\t<img data-src=\"\/\/audazbrasil.com\/usa\/wp-content\/uploads\/2020\/04\/servicos-5.jpg\" data-libid=\"355\" data-lib=\"medialibrary\" title=\"servicos-5\" width=\"0\" height=\"0\" data-dbsrc=\"Ly9hdWRhemJyYXNpbC5jb20vdXNhL3dwLWNvbnRlbnQvdXBsb2Fkcy8yMDIwLzA0L3NlcnZpY29zLTUuanBn\"\/>\n\t\t\t\t\t\t<img data-src=\"\/\/audazbrasil.com\/usa\/wp-content\/uploads\/2020\/04\/servicos-2.jpg\" data-libid=\"352\" data-lib=\"medialibrary\" title=\"servicos-2\" width=\"0\" height=\"0\" data-dbsrc=\"Ly9hdWRhemJyYXNpbC5jb20vdXNhL3dwLWNvbnRlbnQvdXBsb2Fkcy8yMDIwLzA0L3NlcnZpY29zLTIuanBn\"\/>\n\t\t\t\t\t\t<img loading=\"lazy\" data-src=\"\/\/audazbrasil.com\/wp-content\/uploads\/revslider\/peak-portfolio\/peak_pattern2.png\" data-libid=\"85\" width=\"0\" height=\"0\" data-dbsrc=\"Ly9hdWRhemJyYXNpbC5jb20vd3AtY29udGVudC91cGxvYWRzL3JldnNsaWRlci9wZWFrLXBvcnRmb2xpby9wZWFrX3BhdHRlcm4yLnBuZw==\"\/>\n\t\t\t\t\t\t<img loading=\"lazy\" data-src=\"\/\/audazbrasil.com\/usa\/wp-content\/uploads\/2020\/04\/servicos-6-scaled.jpg\" data-libid=\"356\" data-lib=\"medialibrary\" title=\"servicos-6\" width=\"0\" height=\"0\" data-dbsrc=\"Ly9hdWRhemJyYXNpbC5jb20vdXNhL3dwLWNvbnRlbnQvdXBsb2Fkcy8yMDIwLzA0L3NlcnZpY29zLTYtc2NhbGVkLmpwZw==\"\/>\n\t\t\t\t\t<\/image_lists>\n\t\t\t\t<\/sr7-module>\n\t\t\t\t<script>\n\t\t\t\t\twindow.SR7 ??={};SR7.PMH ??={}; SR7.PMH[\"SR7_114_4\"] = {cn:100,state:false,fn: function() { if (window._tpt!==undefined && window._tpt.prepareModuleHeight !== undefined) {  _tpt.prepareModuleHeight({id:\"SR7_114_4\",el:[2190,2190,2220,1710,2018],type:'hero',shdw:'0',gh:[2190,2190,2220,1710,2018],gw:[1240,1240,1024,778,480],vpt:['-200px&#039;,&#039;-200px&#039;,&#039;-200px&#039;,&#039;-200px&#039;,&#039;-200px'],size:{fullWidth:true, fullHeight:false},mh:'0',onh:0,onw:0,bg:{color:'{\"type\":\"solid\",\"orig\":\"#1c1c1c\",\"string\":\"rgba(28, 28, 28, 1)\"}'}});   SR7.PMH[\"SR7_114_4\"].state=true;} else if(SR7.PMH[\"SR7_114_4\"].cn-->0)\tsetTimeout( SR7.PMH[\"SR7_114_4\"].fn,19);}};SR7.PMH[\"SR7_114_4\" ].fn();\n\t\t\t\t<\/script>\n<\/div>\r\n\r\n\r\n\r\n\r\n\r\n<div class=\"wp-block-themepunch-revslider revslider\" data-modal=\"false\" data-slidertitle=\"Minimal Portfolio1\">\n\t\t\t\t<p class=\"rs-p-wp-fix\"><\/p>\n\t\t\t\t<sr7-module data-alias=\"minimal-portfolio1-12\" data-id=\"125\" id=\"SR7_125_5\" class=\"rs-respect-topbar respect-fixedstatic rs-ov-hidden\" data-version=\"6.7.54\">\n\t\t\t\t\t<sr7-adjuster><\/sr7-adjuster>\n\t\t\t\t\t<sr7-content>\n\t\t\t\t\t\t<sr7-slide id=\"SR7_125_5-62\" data-key=\"62\">\n\t\t\t\t\t\t\t<sr7-txt id=\"SR7_125_5-62-0\" class=\"sr7-layer\">Aumente<\/sr7-txt>\n\t\t\t\t\t\t\t<sr7-txt id=\"SR7_125_5-62-2\" class=\"sr7-layer\">Exponencialmente<\/sr7-txt>\n\t\t\t\t\t\t\t<a id=\"SR7_125_5-62-18\" class=\"sr7-layer\" href=\"https:\/\/www.facebook.com\/audazbrasil\/\" target=\"_blank\" rel=\"nofollow noopener\">Facebook<\/a>\n\t\t\t\t\t\t\t<sr7-txt id=\"SR7_125_5-62-19\" class=\"sr7-layer\">contato@audazbrasil.com<\/sr7-txt>\n\t\t\t\t\t\t\t<sr7-txt id=\"SR7_125_5-62-20\" class=\"sr7-layer\">contact@audazbrasil.com<\/sr7-txt>\n\t\t\t\t\t\t\t<sr7-txt id=\"SR7_125_5-62-21\" class=\"sr7-layer\"><a style=\"text-decoration:none; color:#fff!important;\"href=\"tel:35984529699\">+55 (35) 98452 9699<\/a><\/sr7-txt>\n\t\t\t\t\t\t\t<sr7-txt id=\"SR7_125_5-62-22\" class=\"sr7-layer\"><a style=\"text-decoration:none; color:#fff!important;\"href=\"tel:+18572250374\">+1 857 225 0374<\/a><\/sr7-txt>\n\t\t\t\t\t\t\t<sr7-txt id=\"SR7_125_5-62-36\" class=\"sr7-layer\">BRASIL<\/sr7-txt>\n\t\t\t\t\t\t\t<sr7-txt id=\"SR7_125_5-62-37\" class=\"sr7-layer\">USA<\/sr7-txt>\n\t\t\t\t\t\t\t<a id=\"SR7_125_5-62-44\" class=\"sr7-layer\" href=\"http:\/\/instagram.com\/audazbrasil\" target=\"_blank\" rel=\"nofollow noopener\">Instagram<\/a>\n\t\t\t\t\t\t\t<a id=\"SR7_125_5-62-45\" class=\"sr7-layer\" href=\"https:\/\/api.whatsapp.com\/send?phone=5535984529699\" target=\"_blank\" rel=\"nofollow noopener\">Whatsapp<\/a>\n\t\t\t\t\t\t\t<sr7-txt id=\"SR7_125_5-62-83\" class=\"sr7-layer\">Seu rendimento<\/sr7-txt>\n\t\t\t\t\t\t<\/sr7-slide>\n\t\t\t\t\t\t<sr7-slide id=\"SR7_125_5-124\" data-key=\"124\">\n\t\t\t\t\t\t<\/sr7-slide>\n\t\t\t\t\t<\/sr7-content>\n\t\t\t\t<\/sr7-module>\n\t\t\t\t<script>\n\t\t\t\t\twindow.SR7 ??={};SR7.PMH ??={}; SR7.PMH[\"SR7_125_5\"] = {cn:100,state:false,fn: function() { if (window._tpt!==undefined && window._tpt.prepareModuleHeight !== undefined) {  _tpt.prepareModuleHeight({id:\"SR7_125_5\",el:[480,480,480,960,720],type:'standard',shdw:'0',gh:[480,480,480,960,720],gw:[1920,1920,1300,778,480],vpt:['-200px&#039;,&#039;-200px&#039;,&#039;-200px&#039;,&#039;-200px&#039;,&#039;-200px'],size:{fullWidth:true, fullHeight:false},mh:'0',onh:0,onw:0,bg:{color:'{\"orig\":\"transparent\",\"type\":\"solid\",\"string\":\"transparent\"}'}});   SR7.PMH[\"SR7_125_5\"].state=true;} else if(SR7.PMH[\"SR7_125_5\"].cn-->0)\tsetTimeout( SR7.PMH[\"SR7_125_5\"].fn,19);}};SR7.PMH[\"SR7_125_5\" ].fn();\n\t\t\t\t<\/script>\n<\/div>\r\n\t\t\t\t\t\t\t\t<\/div>\n\t\t\t\t\t<\/div>\n\t\t\t\t<\/div>\n\t\t\t\t<\/div>\n\t\t","protected":false},"excerpt":{"rendered":"","protected":false},"author":1,"featured_media":0,"parent":0,"menu_order":0,"comment_status":"closed","ping_status":"closed","template":"","meta":{"footnotes":""},"class_list":["post-52","page","type-page","status-publish","hentry"],"_links":{"self":[{"href":"https:\/\/audazbrasil.com\/usa\/wp-json\/wp\/v2\/pages\/52","targetHints":{"allow":["GET"]}}],"collection":[{"href":"https:\/\/audazbrasil.com\/usa\/wp-json\/wp\/v2\/pages"}],"about":[{"href":"https:\/\/audazbrasil.com\/usa\/wp-json\/wp\/v2\/types\/page"}],"author":[{"embeddable":true,"href":"https:\/\/audazbrasil.com\/usa\/wp-json\/wp\/v2\/users\/1"}],"replies":[{"embeddable":true,"href":"https:\/\/audazbrasil.com\/usa\/wp-json\/wp\/v2\/comments?post=52"}],"version-history":[{"count":4,"href":"https:\/\/audazbrasil.com\/usa\/wp-json\/wp\/v2\/pages\/52\/revisions"}],"predecessor-version":[{"id":650,"href":"https:\/\/audazbrasil.com\/usa\/wp-json\/wp\/v2\/pages\/52\/revisions\/650"}],"wp:attachment":[{"href":"https:\/\/audazbrasil.com\/usa\/wp-json\/wp\/v2\/media?parent=52"}],"curies":[{"name":"wp","href":"https:\/\/api.w.org\/{rel}","templated":true}]}}