{"id":560,"date":"2025-04-07T09:52:37","date_gmt":"2025-04-07T12:52:37","guid":{"rendered":"https:\/\/audazbrasil.com\/usa\/?page_id=560"},"modified":"2025-07-30T14:11:50","modified_gmt":"2025-07-30T17:11:50","slug":"ia-e-o-novo-cenario-do-marketing-digital","status":"publish","type":"page","link":"https:\/\/audazbrasil.com\/usa\/ia-e-o-novo-cenario-do-marketing-digital\/","title":{"rendered":"IA e o Novo Cen\u00e1rio do Marketing Digital"},"content":{"rendered":"\t\t<div data-elementor-type=\"wp-page\" data-elementor-id=\"560\" class=\"elementor elementor-560\" data-elementor-post-type=\"page\">\n\t\t\t\t<div class=\"elementor-element elementor-element-2655500d e-flex e-con-boxed e-con e-parent\" data-id=\"2655500d\" data-element_type=\"container\" data-e-type=\"container\">\n\t\t\t\t\t<div class=\"e-con-inner\">\n\t\t\t\t<div class=\"elementor-element elementor-element-30835f72 elementor-widget elementor-widget-text-editor\" data-id=\"30835f72\" data-element_type=\"widget\" data-e-type=\"widget\" data-widget_type=\"text-editor.default\">\n\t\t\t\t\t\t\t\t\t\n\t\t\t\t<p class=\"rs-p-wp-fix\"><\/p>\n\t\t\t\t<sr7-module data-alias=\"slider-3-13\" data-id=\"124\" id=\"SR7_124_1\" class=\"rs-ov-hidden\" data-version=\"6.7.54\">\n\t\t\t\t\t<sr7-adjuster><\/sr7-adjuster>\n\t\t\t\t\t<sr7-content>\n\t\t\t\t\t\t<sr7-slide id=\"SR7_124_1-61\" data-key=\"61\">\n\t\t\t\t\t\t\t<sr7-bg id=\"SR7_124_1-61-6\" class=\"sr7-layer\"><noscript><img decoding=\"async\" src=\"http:\/\/audazbrasil.com\/usa\/wp-content\/uploads\/2025\/07\/using-the-intelligence-of-a-laptop-to-interact-wit-2024-12-06-22-18-28-utc.jpg\" alt=\"\" title=\"Using the intelligence of a laptop to interact with an artificial intelligence. Innovative automation technology.\"><\/noscript><\/sr7-bg>\n\t\t\t\t\t\t\t<sr7-txt id=\"SR7_124_1-61-1\" class=\"sr7-layer\"><b>IA<\/b> e o Novo Cen\u00e1rio do <b>Marketing Digital<\/b><\/sr7-txt>\n\t\t\t\t\t\t<\/sr7-slide>\n\t\t\t\t\t\t<sr7-slide id=\"SR7_124_1-123\" data-key=\"123\">\n\t\t\t\t\t\t<\/sr7-slide>\n\t\t\t\t\t<\/sr7-content>\n\t\t\t\t\t<image_lists style=\"display:none\">\n\t\t\t\t\t\t<img data-src=\"\/\/audazbrasil.com\/usa\/wp-content\/uploads\/2025\/07\/using-the-intelligence-of-a-laptop-to-interact-wit-2024-12-06-22-18-28-utc.jpg\" data-libid=\"657\" data-lib=\"medialibrary\" title=\"Using the intelligence of a laptop to interact with an artificial intelligence. Innovative automation technology.\" width=\"0\" height=\"0\" data-dbsrc=\"Ly9hdWRhemJyYXNpbC5jb20vdXNhL3dwLWNvbnRlbnQvdXBsb2Fkcy8yMDI1LzA3L3VzaW5nLXRoZS1pbnRlbGxpZ2VuY2Utb2YtYS1sYXB0b3AtdG8taW50ZXJhY3Qtd2l0LTIwMjQtMTItMDYtMjItMTgtMjgtdXRjLmpwZw==\"\/>\n\t\t\t\t\t<\/image_lists>\n\t\t\t\t<\/sr7-module>\n\t\t\t\t<script>\n\t\t\t\t\twindow.SR7 ??={};SR7.PMH ??={}; SR7.PMH[\"SR7_124_1\"] = {cn:100,state:false,fn: function() { if (window._tpt!==undefined && window._tpt.prepareModuleHeight !== undefined) {  _tpt.prepareModuleHeight({id:\"SR7_124_1\",el:[670,670,670,670,410],type:'hero',shdw:'0',gh:[670,670,670,670,410],gw:[1920,1920,1920,1920,480],vpt:['-200px&#039;,&#039;-200px&#039;,&#039;-200px&#039;,&#039;-200px&#039;,&#039;-200px'],size:{fullWidth:true, fullHeight:false},mh:'0',onh:0,onw:0,bg:{color:'{\"type\":\"solid\",\"orig\":\"rgba(15, 15, 15, 0.51)\",\"string\":\"rgba(15, 15, 15, 0.51)\"}'},plType:'0',plColor:'#FFFFFF'});   SR7.PMH[\"SR7_124_1\"].state=true;} else if(SR7.PMH[\"SR7_124_1\"].cn-->0)\tsetTimeout( SR7.PMH[\"SR7_124_1\"].fn,19);}};SR7.PMH[\"SR7_124_1\" ].fn();\n\t\t\t\t<\/script>\n\r\n\r\n\n\t\t\t\t<p class=\"rs-p-wp-fix\"><\/p>\n\t\t\t\t<sr7-module data-alias=\"peak-about1-12\" data-id=\"122\" id=\"SR7_122_2\" class=\"rs-ov-hidden\" data-version=\"6.7.54\">\n\t\t\t\t\t<sr7-adjuster><\/sr7-adjuster>\n\t\t\t\t\t<sr7-content>\n\t\t\t\t\t\t<sr7-slide id=\"SR7_122_2-59\" data-key=\"59\">\n\t\t\t\t\t\t\t<sr7-txt id=\"SR7_122_2-59-3\" class=\"sr7-layer\">Cria\u00e7\u00e3o de Conte\u00fado com IA<\/sr7-txt>\n\t\t\t\t\t\t\t<sr7-txt id=\"SR7_122_2-59-4\" class=\"sr7-layer\">SERVI\u00c7OS<\/sr7-txt>\n\t\t\t\t\t\t\t<sr7-txt id=\"SR7_122_2-59-5\" class=\"sr7-layer\">Automa\u00e7\u00e3o Inteligente<\/sr7-txt>\n\t\t\t\t\t\t\t<sr7-txt id=\"SR7_122_2-59-6\" class=\"sr7-layer\">An\u00e1lise de Dados e Insights Preditivos<\/sr7-txt>\n\t\t\t\t\t\t\t<sr7-txt id=\"SR7_122_2-59-7\" class=\"sr7-layer\">Otimiza\u00e7\u00e3o de An\u00fancios e SEO<\/sr7-txt>\n\t\t\t\t\t\t\t<sr7-txt id=\"SR7_122_2-59-8\" class=\"sr7-layer\">Personaliza\u00e7\u00e3o em Escala<\/sr7-txt>\n\t\t\t\t\t\t\t<sr7-txt id=\"SR7_122_2-59-11\" class=\"sr7-layer\">SOBRE MARKETING DIGITAL<\/sr7-txt>\n\t\t\t\t\t\t\t<sr7-txt id=\"SR7_122_2-59-12\" class=\"sr7-layer\">A <b>Intelig\u00eancia Artificial (IA)<\/b> est\u00e1 redefinindo a maneira como marcas se comunicam, conquistam clientes e expandem seus neg\u00f3cios no ambiente digital. Com o crescimento acelerado da tecnologia, os consumidores esperam experi\u00eancias cada vez mais personalizadas, \u00e1geis e eficientes. <b>Neg\u00f3cios que integram IA ao seu marketing digital saem na frente, otimizando processos, reduzindo custos e aumentando a convers\u00e3o.<\/b><\/sr7-txt>\n\t\t\t\t\t\t\t<sr7-txt id=\"SR7_122_2-59-14\" class=\"sr7-layer\"><b>Na Audaz Brasil | USA,<\/b> aplicamos IA para revolucionar estrat\u00e9gias digitais, tornando-as mais precisas, automatizadas e escal\u00e1veis. <b>Utilizamos algoritmos avan\u00e7ados, aprendizado de m\u00e1quina e an\u00e1lise preditiva para compreender melhor o comportamento do consumidor e criar campanhas altamente eficazes.<\/b> Isso significa que cada a\u00e7\u00e3o de marketing \u00e9 baseada em dados reais, n\u00e3o apenas em suposi\u00e7\u00f5es, garantindo <b>mais alcance, engajamento e vendas para sua empresa.<\/b>\nSeja para pequenas, m\u00e9dias ou grandes empresas, a IA representa um divisor de \u00e1guas, permitindo desde a segmenta\u00e7\u00e3o ultra detalhada de an\u00fancios at\u00e9 a automa\u00e7\u00e3o completa do atendimento ao cliente. Nossa abordagem combina tecnologia e criatividade para oferecer<b> solu\u00e7\u00f5es inovadoras que transformam o marketing digital em um verdadeiro motor de crescimento para o seu neg\u00f3cio.<\/b><\/sr7-txt>\n\t\t\t\t\t\t<\/sr7-slide>\n\t\t\t\t\t\t<sr7-slide id=\"SR7_122_2-121\" data-key=\"121\">\n\t\t\t\t\t\t<\/sr7-slide>\n\t\t\t\t\t<\/sr7-content>\n\t\t\t\t<\/sr7-module>\n\t\t\t\t<script>\n\t\t\t\t\twindow.SR7 ??={};SR7.PMH ??={}; SR7.PMH[\"SR7_122_2\"] = {cn:100,state:false,fn: function() { if (window._tpt!==undefined && window._tpt.prepareModuleHeight !== undefined) {  _tpt.prepareModuleHeight({id:\"SR7_122_2\",el:[709,709,840,1372,2243],type:'hero',shdw:'0',gh:[709,709,840,1373,2243],gw:[1240,1240,1024,778,480],vpt:['-200px&#039;,&#039;-200px&#039;,&#039;-200px&#039;,&#039;-200px&#039;,&#039;-200px'],size:{fullWidth:true, fullHeight:false},mh:'0',onh:0,onw:0,bg:{color:'{\"orig\":\"transparent\",\"type\":\"solid\",\"string\":\"transparent\"}'}});   SR7.PMH[\"SR7_122_2\"].state=true;} else if(SR7.PMH[\"SR7_122_2\"].cn-->0)\tsetTimeout( SR7.PMH[\"SR7_122_2\"].fn,19);}};SR7.PMH[\"SR7_122_2\" ].fn();\n\t\t\t\t<\/script>\n\r\n\r\n\n\t\t\t\t<p class=\"rs-p-wp-fix\"><\/p>\n\t\t\t\t<sr7-module data-alias=\"basic-content1-12\" data-id=\"126\" id=\"about\" class=\"rs-ov-hidden\" data-version=\"6.7.54\">\n\t\t\t\t\t<sr7-adjuster><\/sr7-adjuster>\n\t\t\t\t\t<sr7-content>\n\t\t\t\t\t\t<sr7-slide id=\"about-63\" data-key=\"63\">\n\t\t\t\t\t\t\t<sr7-txt id=\"about-63-24\" class=\"sr7-layer\">Decis\u00f5es mais inteligentes e baseadas em dados<\/sr7-txt>\n\t\t\t\t\t\t\t<sr7-txt id=\"about-63-25\" class=\"sr7-layer\">A IA analisa grandes volumes de informa\u00e7\u00f5es em tempo real, permitindo ajustes estrat\u00e9gicos instant\u00e2neos para otimizar investimentos em marketing.<\/sr7-txt>\n\t\t\t\t\t\t\t<sr7-txt id=\"about-63-28\" class=\"sr7-layer\">Automa\u00e7\u00e3o eficiente e personaliza\u00e7\u00e3o escal\u00e1vel<\/sr7-txt>\n\t\t\t\t\t\t\t<sr7-txt id=\"about-63-29\" class=\"sr7-layer\">Desde chatbots at\u00e9 campanhas hiperpersonalizadas, a IA permite intera\u00e7\u00f5es mais relevantes e direcionadas, aumentando a taxa de convers\u00e3o e reten\u00e7\u00e3o de clientes.\n<\/sr7-txt>\n\t\t\t\t\t\t\t<sr7-txt id=\"about-63-32\" class=\"sr7-layer\">Otimiza\u00e7\u00e3o cont\u00ednua para m\u00e1ximo desempenho<\/sr7-txt>\n\t\t\t\t\t\t\t<sr7-txt id=\"about-63-33\" class=\"sr7-layer\">Com aprendizado cont\u00ednuo, os algoritmos identificam padr\u00f5es de comportamento e ajustam campanhas automaticamente para alcan\u00e7ar melhores resultados com menor custo.\n<\/sr7-txt>\n\t\t\t\t\t\t\t<sr7-txt id=\"about-63-34\" class=\"sr7-layer\">Por que investir em IA?<\/sr7-txt>\n\t\t\t\t\t\t<\/sr7-slide>\n\t\t\t\t\t\t<sr7-slide id=\"about-125\" data-key=\"125\">\n\t\t\t\t\t\t<\/sr7-slide>\n\t\t\t\t\t<\/sr7-content>\n\t\t\t\t<\/sr7-module>\n\t\t\t\t<script>\n\t\t\t\t\twindow.SR7 ??={};SR7.PMH ??={}; SR7.PMH[\"about\"] = {cn:100,state:false,fn: function() { if (window._tpt!==undefined && window._tpt.prepareModuleHeight !== undefined) {  _tpt.prepareModuleHeight({id:\"about\",el:[635,635,635,850,890],type:'hero',shdw:'0',gh:[635,635,635,850,890],gw:[1240,1240,1024,778,480],vpt:['100px&#039;,&#039;100px&#039;,&#039;100px&#039;,&#039;100px&#039;,&#039;100px'],size:{fullWidth:true, fullHeight:false},mh:'0',onh:0,onw:0,bg:{color:'{\"orig\":\"transparent\",\"type\":\"solid\",\"string\":\"transparent\"}'}});   SR7.PMH[\"about\"].state=true;} else if(SR7.PMH[\"about\"].cn-->0)\tsetTimeout( SR7.PMH[\"about\"].fn,19);}};SR7.PMH[\"about\" ].fn();\n\t\t\t\t<\/script>\n\r\n\r\n\n\t\t\t\t<p class=\"rs-p-wp-fix\"><\/p>\n\t\t\t\t<sr7-module data-alias=\"peak-portfolio1-12\" data-id=\"123\" id=\"SR7_123_4\" class=\"rs-ov-hidden\" data-version=\"6.7.54\">\n\t\t\t\t\t<sr7-adjuster><\/sr7-adjuster>\n\t\t\t\t\t<sr7-content>\n\t\t\t\t\t\t<sr7-slide id=\"SR7_123_4-60\" data-key=\"60\">\n\t\t\t\t\t\t\t<sr7-txt id=\"SR7_123_4-60-0\" class=\"sr7-layer\">CHEGADA<\/sr7-txt>\n\t\t\t\t\t\t\t<sr7-txt id=\"SR7_123_4-60-1\" class=\"sr7-layer\">INICIO<\/sr7-txt>\n\t\t\t\t\t\t\t<sr7-txt id=\"SR7_123_4-60-3\" class=\"sr7-layer\">Intelig\u00eancia Estrat\u00e9gica<\/sr7-txt>\n\t\t\t\t\t\t\t<sr7-txt id=\"SR7_123_4-60-4\" class=\"sr7-layer\">Como funciona a jornada <br\/>do cliente com IA?<\/sr7-txt>\n\t\t\t\t\t\t\t<sr7-txt id=\"SR7_123_4-60-6\" class=\"sr7-layer\">Execu\u00e7\u00e3o e Automa\u00e7\u00e3o<\/sr7-txt>\n\t\t\t\t\t\t\t<sr7-txt id=\"SR7_123_4-60-9\" class=\"sr7-layer\">PROJETO<\/sr7-txt>\n\t\t\t\t\t\t\t<sr7-txt id=\"SR7_123_4-60-11\" class=\"sr7-layer\">An\u00e1lise e Otimiza\u00e7\u00e3o Cont\u00ednua<\/sr7-txt>\n\t\t\t\t\t\t\t<sr7-txt id=\"SR7_123_4-60-21\" class=\"sr7-layer\">Sucesso no ambiente online<\/sr7-txt>\n\t\t\t\t\t\t\t<sr7-txt id=\"SR7_123_4-60-24\" class=\"sr7-layer\">Analisamos seu mercado, p\u00fablico-alvo e hist\u00f3rico de campanhas para criar uma estrat\u00e9gia baseada em dados reais. A IA identifica padr\u00f5es, oportunidades e define os melhores canais para impactar sua audi\u00eancia de forma eficiente.<\/sr7-txt>\n\t\t\t\t\t\t\t<sr7-txt id=\"SR7_123_4-60-25\" class=\"sr7-layer\">Aplicamos intelig\u00eancia artificial para automa\u00e7\u00e3o de campanhas, cria\u00e7\u00e3o de conte\u00fados din\u00e2micos e segmenta\u00e7\u00e3o precisa. Isso significa que seus an\u00fancios, e-mails e intera\u00e7\u00f5es com clientes s\u00e3o ajustados em tempo real para maximizar os resultados.<\/sr7-txt>\n\t\t\t\t\t\t\t<sr7-txt id=\"SR7_123_4-60-27\" class=\"sr7-layer\">A IA monitora o desempenho das campanhas e ajusta automaticamente estrat\u00e9gias para garantir um crescimento constante. Com dados precisos e insights valiosos, refinamos cada a\u00e7\u00e3o para aumentar suas vendas e otimizar seu investimento.<\/sr7-txt>\n\t\t\t\t\t\t<\/sr7-slide>\n\t\t\t\t\t\t<sr7-slide id=\"SR7_123_4-122\" data-key=\"122\">\n\t\t\t\t\t\t<\/sr7-slide>\n\t\t\t\t\t<\/sr7-content>\n\t\t\t\t\t<image_lists style=\"display:none\">\n\t\t\t\t\t\t<img data-src=\"\/\/audazbrasil.com\/usa\/wp-content\/uploads\/2021\/04\/consultoria-de-marketing-digital-1.jpg\" data-libid=\"438\" data-lib=\"medialibrary\" alt=\"Motivos para contratar uma consultoria de marketing digital.\" title=\"consultoria-de-marketing-digital\" width=\"0\" height=\"0\" data-dbsrc=\"Ly9hdWRhemJyYXNpbC5jb20vdXNhL3dwLWNvbnRlbnQvdXBsb2Fkcy8yMDIxLzA0L2NvbnN1bHRvcmlhLWRlLW1hcmtldGluZy1kaWdpdGFsLTEuanBn\"\/>\n\t\t\t\t\t\t<img data-src=\"\/\/audazbrasil.com\/usa\/wp-content\/uploads\/2020\/04\/servicos-7.jpg\" data-libid=\"357\" data-lib=\"medialibrary\" title=\"servicos-7\" width=\"0\" height=\"0\" data-dbsrc=\"Ly9hdWRhemJyYXNpbC5jb20vdXNhL3dwLWNvbnRlbnQvdXBsb2Fkcy8yMDIwLzA0L3NlcnZpY29zLTcuanBn\"\/>\n\t\t\t\t\t\t<img loading=\"lazy\" data-src=\"\/\/audazbrasil.com\/wp-content\/uploads\/revslider\/peak-portfolio\/peak_pattern2.png\" width=\"0\" height=\"0\" data-dbsrc=\"Ly9hdWRhemJyYXNpbC5jb20vd3AtY29udGVudC91cGxvYWRzL3JldnNsaWRlci9wZWFrLXBvcnRmb2xpby9wZWFrX3BhdHRlcm4yLnBuZw==\"\/>\n\t\t\t\t\t\t<img loading=\"lazy\" data-src=\"\/\/audazbrasil.com\/usa\/wp-content\/uploads\/2020\/09\/agencia-especializada-em-lancamentos-digitais.jpg\" data-libid=\"418\" data-lib=\"medialibrary\" alt=\"agencia-especializada-em-lancamentos-digitais\" title=\"agencia-especializada-em-lancamentos-digitais\" width=\"0\" height=\"0\" data-dbsrc=\"Ly9hdWRhemJyYXNpbC5jb20vdXNhL3dwLWNvbnRlbnQvdXBsb2Fkcy8yMDIwLzA5L2FnZW5jaWEtZXNwZWNpYWxpemFkYS1lbS1sYW5jYW1lbnRvcy1kaWdpdGFpcy5qcGc=\"\/>\n\t\t\t\t\t<\/image_lists>\n\t\t\t\t<\/sr7-module>\n\t\t\t\t<script>\n\t\t\t\t\twindow.SR7 ??={};SR7.PMH ??={}; SR7.PMH[\"SR7_123_4\"] = {cn:100,state:false,fn: function() { if (window._tpt!==undefined && window._tpt.prepareModuleHeight !== undefined) {  _tpt.prepareModuleHeight({id:\"SR7_123_4\",el:[2189,2189,2220,1709,1850],type:'hero',shdw:'0',gh:[2189,2189,2220,1710,1850],gw:[1240,1240,1024,778,480],vpt:['-200px&#039;,&#039;-200px&#039;,&#039;-200px&#039;,&#039;-200px&#039;,&#039;-200px'],size:{fullWidth:true, fullHeight:false},mh:'0',onh:0,onw:0,bg:{color:'{\"type\":\"solid\",\"orig\":\"#1c1c1c\",\"string\":\"rgba(28, 28, 28, 1)\"}'}});   SR7.PMH[\"SR7_123_4\"].state=true;} else if(SR7.PMH[\"SR7_123_4\"].cn-->0)\tsetTimeout( SR7.PMH[\"SR7_123_4\"].fn,19);}};SR7.PMH[\"SR7_123_4\" ].fn();\n\t\t\t\t<\/script>\n\r\n\r\n\n\t\t\t\t<p class=\"rs-p-wp-fix\"><\/p>\n\t\t\t\t<sr7-module data-alias=\"minimal-portfolio1-12\" data-id=\"125\" id=\"SR7_125_5\" class=\"rs-respect-topbar respect-fixedstatic rs-ov-hidden\" data-version=\"6.7.54\">\n\t\t\t\t\t<sr7-adjuster><\/sr7-adjuster>\n\t\t\t\t\t<sr7-content>\n\t\t\t\t\t\t<sr7-slide id=\"SR7_125_5-62\" data-key=\"62\">\n\t\t\t\t\t\t\t<sr7-txt id=\"SR7_125_5-62-0\" class=\"sr7-layer\">Aumente<\/sr7-txt>\n\t\t\t\t\t\t\t<sr7-txt id=\"SR7_125_5-62-2\" class=\"sr7-layer\">Exponencialmente<\/sr7-txt>\n\t\t\t\t\t\t\t<a id=\"SR7_125_5-62-18\" class=\"sr7-layer\" href=\"https:\/\/www.facebook.com\/audazbrasil\/\" target=\"_blank\" rel=\"nofollow noopener\">Facebook<\/a>\n\t\t\t\t\t\t\t<sr7-txt id=\"SR7_125_5-62-19\" class=\"sr7-layer\">contato@audazbrasil.com<\/sr7-txt>\n\t\t\t\t\t\t\t<sr7-txt id=\"SR7_125_5-62-20\" class=\"sr7-layer\">contact@audazbrasil.com<\/sr7-txt>\n\t\t\t\t\t\t\t<sr7-txt id=\"SR7_125_5-62-21\" class=\"sr7-layer\"><a style=\"text-decoration:none; color:#fff!important;\"href=\"tel:35984529699\">+55 (35) 98452 9699<\/a><\/sr7-txt>\n\t\t\t\t\t\t\t<sr7-txt id=\"SR7_125_5-62-22\" class=\"sr7-layer\"><a style=\"text-decoration:none; color:#fff!important;\"href=\"tel:+18572250374\">+1 857 225 0374<\/a><\/sr7-txt>\n\t\t\t\t\t\t\t<sr7-txt id=\"SR7_125_5-62-36\" class=\"sr7-layer\">BRASIL<\/sr7-txt>\n\t\t\t\t\t\t\t<sr7-txt id=\"SR7_125_5-62-37\" class=\"sr7-layer\">USA<\/sr7-txt>\n\t\t\t\t\t\t\t<a id=\"SR7_125_5-62-44\" class=\"sr7-layer\" href=\"http:\/\/instagram.com\/audazbrasil\" target=\"_blank\" rel=\"nofollow noopener\">Instagram<\/a>\n\t\t\t\t\t\t\t<a id=\"SR7_125_5-62-45\" class=\"sr7-layer\" href=\"https:\/\/api.whatsapp.com\/send?phone=5535984529699\" target=\"_blank\" rel=\"nofollow noopener\">Whatsapp<\/a>\n\t\t\t\t\t\t\t<sr7-txt id=\"SR7_125_5-62-83\" class=\"sr7-layer\">Seu rendimento<\/sr7-txt>\n\t\t\t\t\t\t<\/sr7-slide>\n\t\t\t\t\t\t<sr7-slide id=\"SR7_125_5-124\" data-key=\"124\">\n\t\t\t\t\t\t<\/sr7-slide>\n\t\t\t\t\t<\/sr7-content>\n\t\t\t\t<\/sr7-module>\n\t\t\t\t<script>\n\t\t\t\t\twindow.SR7 ??={};SR7.PMH ??={}; SR7.PMH[\"SR7_125_5\"] = {cn:100,state:false,fn: function() { if (window._tpt!==undefined && window._tpt.prepareModuleHeight !== undefined) {  _tpt.prepareModuleHeight({id:\"SR7_125_5\",el:[480,480,480,960,720],type:'standard',shdw:'0',gh:[480,480,480,960,720],gw:[1920,1920,1300,778,480],vpt:['-200px&#039;,&#039;-200px&#039;,&#039;-200px&#039;,&#039;-200px&#039;,&#039;-200px'],size:{fullWidth:true, fullHeight:false},mh:'0',onh:0,onw:0,bg:{color:'{\"orig\":\"transparent\",\"type\":\"solid\",\"string\":\"transparent\"}'}});   SR7.PMH[\"SR7_125_5\"].state=true;} else if(SR7.PMH[\"SR7_125_5\"].cn-->0)\tsetTimeout( SR7.PMH[\"SR7_125_5\"].fn,19);}};SR7.PMH[\"SR7_125_5\" ].fn();\n\t\t\t\t<\/script>\n\t\t\t\t\t\t\t\t<\/div>\n\t\t\t\t\t<\/div>\n\t\t\t\t<\/div>\n\t\t\t\t<\/div>\n\t\t","protected":false},"excerpt":{"rendered":"","protected":false},"author":1,"featured_media":0,"parent":0,"menu_order":0,"comment_status":"closed","ping_status":"closed","template":"","meta":{"footnotes":""},"class_list":["post-560","page","type-page","status-publish","hentry"],"_links":{"self":[{"href":"https:\/\/audazbrasil.com\/usa\/wp-json\/wp\/v2\/pages\/560","targetHints":{"allow":["GET"]}}],"collection":[{"href":"https:\/\/audazbrasil.com\/usa\/wp-json\/wp\/v2\/pages"}],"about":[{"href":"https:\/\/audazbrasil.com\/usa\/wp-json\/wp\/v2\/types\/page"}],"author":[{"embeddable":true,"href":"https:\/\/audazbrasil.com\/usa\/wp-json\/wp\/v2\/users\/1"}],"replies":[{"embeddable":true,"href":"https:\/\/audazbrasil.com\/usa\/wp-json\/wp\/v2\/comments?post=560"}],"version-history":[{"count":5,"href":"https:\/\/audazbrasil.com\/usa\/wp-json\/wp\/v2\/pages\/560\/revisions"}],"predecessor-version":[{"id":731,"href":"https:\/\/audazbrasil.com\/usa\/wp-json\/wp\/v2\/pages\/560\/revisions\/731"}],"wp:attachment":[{"href":"https:\/\/audazbrasil.com\/usa\/wp-json\/wp\/v2\/media?parent=560"}],"curies":[{"name":"wp","href":"https:\/\/api.w.org\/{rel}","templated":true}]}}