{"id":715,"date":"2026-04-29T23:06:18","date_gmt":"2026-04-30T02:06:18","guid":{"rendered":"https:\/\/audazbrasil.com\/usa\/?page_id=715"},"modified":"2026-04-29T23:22:40","modified_gmt":"2026-04-30T02:22:40","slug":"growflow","status":"publish","type":"page","link":"https:\/\/audazbrasil.com\/usa\/growflow\/","title":{"rendered":"GrowFlow"},"content":{"rendered":"\t\t<div data-elementor-type=\"wp-page\" data-elementor-id=\"715\" class=\"elementor elementor-715\" data-elementor-post-type=\"page\">\n\t\t\t\t<div class=\"elementor-element elementor-element-72f953bb e-flex e-con-boxed e-con e-parent\" data-id=\"72f953bb\" data-element_type=\"container\" data-e-type=\"container\">\n\t\t\t\t\t<div class=\"e-con-inner\">\n\t\t\t\t<div class=\"elementor-element elementor-element-271deb77 elementor-widget elementor-widget-text-editor\" data-id=\"271deb77\" data-element_type=\"widget\" data-e-type=\"widget\" data-widget_type=\"text-editor.default\">\n\t\t\t\t\t\t\t\t\t\n\t\t\t\t<p class=\"rs-p-wp-fix\"><\/p>\n\t\t\t\t<sr7-module data-alias=\"slider-3-11-11\" data-id=\"132\" id=\"SR7_132_1\" class=\"rs-ov-hidden\" data-version=\"6.7.54\">\n\t\t\t\t\t<sr7-adjuster><\/sr7-adjuster>\n\t\t\t\t\t<sr7-content>\n\t\t\t\t\t\t<sr7-slide id=\"SR7_132_1-132\" data-key=\"132\">\n\t\t\t\t\t\t\t<sr7-bg id=\"SR7_132_1-132-6\" class=\"sr7-layer\"><noscript><img decoding=\"async\" src=\"http:\/\/audazbrasil.com\/usa\/wp-content\/uploads\/2026\/04\/bannergrowth-scaled.png\" alt=\"\" title=\"bannergrowth\"><\/noscript><\/sr7-bg>\n\t\t\t\t\t\t\t<sr7-txt id=\"SR7_132_1-132-1\" class=\"sr7-layer\"><b>GROW<\/b>FLOW<\/sr7-txt>\n\t\t\t\t\t\t<\/sr7-slide>\n\t\t\t\t\t\t<sr7-slide id=\"SR7_132_1-136\" data-key=\"136\">\n\t\t\t\t\t\t<\/sr7-slide>\n\t\t\t\t\t<\/sr7-content>\n\t\t\t\t\t<image_lists style=\"display:none\">\n\t\t\t\t\t\t<img data-src=\"\/\/audazbrasil.com\/usa\/wp-content\/uploads\/2026\/04\/bannergrowth-scaled.png\" data-libid=\"727\" data-lib=\"medialibrary\" title=\"bannergrowth\" width=\"0\" height=\"0\" data-dbsrc=\"Ly9hdWRhemJyYXNpbC5jb20vdXNhL3dwLWNvbnRlbnQvdXBsb2Fkcy8yMDI2LzA0L2Jhbm5lcmdyb3d0aC1zY2FsZWQucG5n\"\/>\n\t\t\t\t\t<\/image_lists>\n\t\t\t\t<\/sr7-module>\n\t\t\t\t<script>\n\t\t\t\t\twindow.SR7 ??={};SR7.PMH ??={}; SR7.PMH[\"SR7_132_1\"] = {cn:100,state:false,fn: function() { if (window._tpt!==undefined && window._tpt.prepareModuleHeight !== undefined) {  _tpt.prepareModuleHeight({id:\"SR7_132_1\",el:[670,670,670,670,410],type:'hero',shdw:'0',gh:[670,670,670,670,410],gw:[1920,1920,1920,1920,480],vpt:['-200px&#039;,&#039;-200px&#039;,&#039;-200px&#039;,&#039;-200px&#039;,&#039;-200px'],size:{fullWidth:true, fullHeight:false},mh:'0',onh:0,onw:0,bg:{color:'{\"type\":\"solid\",\"orig\":\"rgba(15, 15, 15, 0.51)\",\"string\":\"rgba(15, 15, 15, 0.51)\"}'},plType:'0',plColor:'#FFFFFF'});   SR7.PMH[\"SR7_132_1\"].state=true;} else if(SR7.PMH[\"SR7_132_1\"].cn-->0)\tsetTimeout( SR7.PMH[\"SR7_132_1\"].fn,19);}};SR7.PMH[\"SR7_132_1\" ].fn();\n\t\t\t\t<\/script>\n\n\t\t\t\t<p class=\"rs-p-wp-fix\"><\/p>\n\t\t\t\t<sr7-module data-alias=\"peak-about1-11-11\" data-id=\"131\" id=\"SR7_131_2\" class=\"rs-ov-hidden\" data-version=\"6.7.54\">\n\t\t\t\t\t<sr7-adjuster><\/sr7-adjuster>\n\t\t\t\t\t<sr7-content>\n\t\t\t\t\t\t<sr7-slide id=\"SR7_131_2-131\" data-key=\"131\">\n\t\t\t\t\t\t\t<sr7-txt id=\"SR7_131_2-131-3\" class=\"sr7-layer\">Menos depend\u00eancia de indica\u00e7\u00e3o  <\/sr7-txt>\n\t\t\t\t\t\t\t<sr7-txt id=\"SR7_131_2-131-4\" class=\"sr7-layer\">Benef\u00edcios do GrowFlow <\/sr7-txt>\n\t\t\t\t\t\t\t<sr7-txt id=\"SR7_131_2-131-5\" class=\"sr7-layer\">Processo estruturado de gera\u00e7\u00e3o de clientes  <\/sr7-txt>\n\t\t\t\t\t\t\t<sr7-txt id=\"SR7_131_2-131-6\" class=\"sr7-layer\">Mais organiza\u00e7\u00e3o no atendimento  <\/sr7-txt>\n\t\t\t\t\t\t\t<sr7-txt id=\"SR7_131_2-131-7\" class=\"sr7-layer\">Clareza sobre o que gera resultado  <\/sr7-txt>\n\t\t\t\t\t\t\t<sr7-txt id=\"SR7_131_2-131-8\" class=\"sr7-layer\">Alinhamento entre empresa e ag\u00eancia  <\/sr7-txt>\n\t\t\t\t\t\t\t<sr7-txt id=\"SR7_131_2-131-9\" class=\"sr7-layer\">Sem mensalidade fixa de gest\u00e3o<\/sr7-txt>\n\t\t\t\t\t\t\t<sr7-txt id=\"SR7_131_2-131-11\" class=\"sr7-layer\">Sobre o GrowFlow <\/sr7-txt>\n\t\t\t\t\t\t\t<sr7-txt id=\"SR7_131_2-131-12\" class=\"sr7-layer\">O GrowFlow \u00e9 um modelo de gera\u00e7\u00e3o de clientes onde o foco principal deixa de ser apenas \u201canunciar\u201d e passa a ser gerar clientes reais para o seu neg\u00f3cio. \n\nNa pr\u00e1tica, muitas empresas investem em marketing, recebem contatos, mas n\u00e3o conseguem transformar isso em vendas de forma consistente. Isso acontece porque falta estrutura, acompanhamento e um processo claro. \n\nO GrowFlow foi criado justamente para resolver esse problema. \n\nN\u00f3s estruturamos todo o processo: \ndesde a atra\u00e7\u00e3o de pessoas interessadas, passando pela organiza\u00e7\u00e3o dos contatos, at\u00e9 o acompanhamento para aumentar as chances de fechamento. <\/sr7-txt>\n\t\t\t\t\t\t\t<sr7-txt id=\"SR7_131_2-131-13\" class=\"sr7-layer\">Crescimento com mais controle <\/sr7-txt>\n\t\t\t\t\t\t\t<sr7-txt id=\"SR7_131_2-131-14\" class=\"sr7-layer\">A grande diferen\u00e7a est\u00e1 no modelo de trabalho:<br\/>\nVoc\u00ea investe nos an\u00fancios, n\u00f3s cuidamos de toda a estrutura e gest\u00e3o e s\u00f3 ganhamos quando voc\u00ea realmente fecha um cliente.<br\/>\nIsso torna o processo mais alinhado, mais transparente e muito mais focado em resultado. O objetivo n\u00e3o \u00e9 gerar volume, e sim ajudar voc\u00ea a transformar oportunidades em novos contratos de forma consistente.<\/sr7-txt>\n\t\t\t\t\t\t<\/sr7-slide>\n\t\t\t\t\t\t<sr7-slide id=\"SR7_131_2-135\" data-key=\"135\">\n\t\t\t\t\t\t<\/sr7-slide>\n\t\t\t\t\t<\/sr7-content>\n\t\t\t\t<\/sr7-module>\n\t\t\t\t<script>\n\t\t\t\t\twindow.SR7 ??={};SR7.PMH ??={}; SR7.PMH[\"SR7_131_2\"] = {cn:100,state:false,fn: function() { if (window._tpt!==undefined && window._tpt.prepareModuleHeight !== undefined) {  _tpt.prepareModuleHeight({id:\"SR7_131_2\",el:[830,830,845,1724,1994],type:'hero',shdw:'0',gh:[830,830,845,1724,1994],gw:[1240,1240,1280,778,480],vpt:['-200px&#039;,&#039;-200px&#039;,&#039;-200px&#039;,&#039;-200px&#039;,&#039;-200px'],size:{fullWidth:true, fullHeight:false},mh:'0',onh:0,onw:0,bg:{color:'{\"orig\":\"transparent\",\"type\":\"solid\",\"string\":\"transparent\"}'}});   SR7.PMH[\"SR7_131_2\"].state=true;} else if(SR7.PMH[\"SR7_131_2\"].cn-->0)\tsetTimeout( SR7.PMH[\"SR7_131_2\"].fn,19);}};SR7.PMH[\"SR7_131_2\" ].fn();\n\t\t\t\t<\/script>\n\n\t\t\t\t<p class=\"rs-p-wp-fix\"><\/p>\n\t\t\t\t<sr7-module data-alias=\"basic-content1-11-11\" data-id=\"134\" id=\"about\" class=\"rs-ov-hidden\" data-version=\"6.7.54\">\n\t\t\t\t\t<sr7-adjuster><\/sr7-adjuster>\n\t\t\t\t\t<sr7-content>\n\t\t\t\t\t\t<sr7-slide id=\"about-134\" data-key=\"134\">\n\t\t\t\t\t\t\t<sr7-txt id=\"about-134-24\" class=\"sr7-layer\">Voc\u00ea ganha previsibilidade no crescimento<\/sr7-txt>\n\t\t\t\t\t\t\t<sr7-txt id=\"about-134-25\" class=\"sr7-layer\">Ao inv\u00e9s de depender apenas de indica\u00e7\u00f5es, voc\u00ea passa a ter um fluxo ativo de novas oportunidades entrando no seu neg\u00f3cio.<\/sr7-txt>\n\t\t\t\t\t\t\t<sr7-txt id=\"about-134-28\" class=\"sr7-layer\">Voc\u00ea n\u00e3o paga por tentativa, paga por resultado<\/sr7-txt>\n\t\t\t\t\t\t\t<sr7-txt id=\"about-134-29\" class=\"sr7-layer\">Diferente do modelo tradicional, aqui nossa remunera\u00e7\u00e3o est\u00e1 ligada diretamente aos clientes que voc\u00ea conquista.<\/sr7-txt>\n\t\t\t\t\t\t\t<sr7-txt id=\"about-134-32\" class=\"sr7-layer\">Voc\u00ea tem mais controle sobre o processo<\/sr7-txt>\n\t\t\t\t\t\t\t<sr7-txt id=\"about-134-33\" class=\"sr7-layer\">Desde o primeiro contato at\u00e9 o fechamento, tudo \u00e9 organizado e acompanhado, evitando perda de oportunidades.<\/sr7-txt>\n\t\t\t\t\t\t\t<sr7-txt id=\"about-134-34\" class=\"sr7-layer\">Por que investir no GrowFlow <\/sr7-txt>\n\t\t\t\t\t\t<\/sr7-slide>\n\t\t\t\t\t\t<sr7-slide id=\"about-138\" data-key=\"138\">\n\t\t\t\t\t\t<\/sr7-slide>\n\t\t\t\t\t<\/sr7-content>\n\t\t\t\t<\/sr7-module>\n\t\t\t\t<script>\n\t\t\t\t\twindow.SR7 ??={};SR7.PMH ??={}; SR7.PMH[\"about\"] = {cn:100,state:false,fn: function() { if (window._tpt!==undefined && window._tpt.prepareModuleHeight !== undefined) {  _tpt.prepareModuleHeight({id:\"about\",el:[600,600,605,1050,960],type:'hero',shdw:'0',gh:[600,600,605,1050,960],gw:[1240,1240,1024,778,480],vpt:['100px&#039;,&#039;100px&#039;,&#039;100px&#039;,&#039;100px&#039;,&#039;100px'],size:{fullWidth:true, fullHeight:false},mh:'0',onh:0,onw:0,bg:{color:'{\"orig\":\"transparent\",\"type\":\"solid\",\"string\":\"transparent\"}'}});   SR7.PMH[\"about\"].state=true;} else if(SR7.PMH[\"about\"].cn-->0)\tsetTimeout( SR7.PMH[\"about\"].fn,19);}};SR7.PMH[\"about\" ].fn();\n\t\t\t\t<\/script>\n\n\t\t\t\t<p class=\"rs-p-wp-fix\"><\/p>\n\t\t\t\t<sr7-module data-alias=\"peak-portfolio1-11-13\" data-id=\"133\" id=\"SR7_133_4\" class=\"rs-ov-hidden\" data-version=\"6.7.54\">\n\t\t\t\t\t<sr7-adjuster><\/sr7-adjuster>\n\t\t\t\t\t<sr7-content>\n\t\t\t\t\t\t<sr7-slide id=\"SR7_133_4-133\" data-key=\"133\">\n\t\t\t\t\t\t\t<sr7-txt id=\"SR7_133_4-133-0\" class=\"sr7-layer\">CHEGADA<\/sr7-txt>\n\t\t\t\t\t\t\t<sr7-txt id=\"SR7_133_4-133-1\" class=\"sr7-layer\">INICIO<\/sr7-txt>\n\t\t\t\t\t\t\t<sr7-txt id=\"SR7_133_4-133-3\" class=\"sr7-layer\">PLANEJAMENTO E PREPARA\u00c7\u00c3O<\/sr7-txt>\n\t\t\t\t\t\t\t<sr7-txt id=\"SR7_133_4-133-4\" class=\"sr7-layer\">TIMELINE DO CLIENTE<\/sr7-txt>\n\t\t\t\t\t\t\t<sr7-txt id=\"SR7_133_4-133-6\" class=\"sr7-layer\">PR\u00c9-LAN\u00c7AMENTO<\/sr7-txt>\n\t\t\t\t\t\t\t<sr7-txt id=\"SR7_133_4-133-9\" class=\"sr7-layer\">PROJETO<\/sr7-txt>\n\t\t\t\t\t\t\t<sr7-txt id=\"SR7_133_4-133-11\" class=\"sr7-layer\">LAN\u00c7AMENTO E P\u00d3S-LAN\u00c7AMENTO<\/sr7-txt>\n\t\t\t\t\t\t\t<a id=\"SR7_133_4-133-17\" class=\"sr7-layer\" href=\"https:\/\/api.whatsapp.com\/send?phone=5535984529699\" target=\"_blank\" rel=\"noopener\">SAIBA MAIS<\/a>\n\t\t\t\t\t\t\t<sr7-txt id=\"SR7_133_4-133-18\" class=\"sr7-layer\">Se voc\u00ea sente que seu neg\u00f3cio pode crescer mais, mas hoje ainda depende muito de indica\u00e7\u00e3o, talvez o GrowFlow fa\u00e7a sentido para o seu momento. <\/sr7-txt>\n\t\t\t\t\t\t\t<sr7-txt id=\"SR7_133_4-133-24\" class=\"sr7-layer\">Voc\u00ea entra em contato com a nossa equipe para entender se o GrowFlow faz sentido para o seu momento. Avaliamos seu tipo de servi\u00e7o, regi\u00e3o e potencial de crescimento.<\/sr7-txt>\n\t\t\t\t\t\t\t<sr7-txt id=\"SR7_133_4-133-25\" class=\"sr7-layer\">Estruturamos toda a opera\u00e7\u00e3o: campanhas, p\u00e1ginas, capta\u00e7\u00e3o de contatos e organiza\u00e7\u00e3o do fluxo. A partir da\u00ed, os primeiros contatos come\u00e7am a chegar e voc\u00ea j\u00e1 consegue acompanhar tudo de forma clara. <\/sr7-txt>\n\t\t\t\t\t\t\t<sr7-txt id=\"SR7_133_4-133-27\" class=\"sr7-layer\">Com o processo rodando, voc\u00ea come\u00e7a a fechar novos clientes. \u00c9 nesse momento que o modelo se completa \u2014 voc\u00ea cresce com novos contratos e n\u00f3s participamos desse resultado. <\/sr7-txt>\n\t\t\t\t\t\t<\/sr7-slide>\n\t\t\t\t\t\t<sr7-slide id=\"SR7_133_4-137\" data-key=\"137\">\n\t\t\t\t\t\t<\/sr7-slide>\n\t\t\t\t\t<\/sr7-content>\n\t\t\t\t\t<image_lists style=\"display:none\">\n\t\t\t\t\t\t<img data-src=\"\/\/audazbrasil.com\/usa\/wp-content\/uploads\/2020\/04\/digital-marketing.jpg\" data-libid=\"351\" data-lib=\"medialibrary\" title=\"digital-marketing\" width=\"0\" height=\"0\" data-dbsrc=\"Ly9hdWRhemJyYXNpbC5jb20vdXNhL3dwLWNvbnRlbnQvdXBsb2Fkcy8yMDIwLzA0L2RpZ2l0YWwtbWFya2V0aW5nLmpwZw==\"\/>\n\t\t\t\t\t\t<img data-src=\"\/\/audazbrasil.com\/wp-content\/uploads\/revslider\/peak-portfolio\/peak_pattern2.png\" data-libid=\"85\" width=\"0\" height=\"0\" data-dbsrc=\"Ly9hdWRhemJyYXNpbC5jb20vd3AtY29udGVudC91cGxvYWRzL3JldnNsaWRlci9wZWFrLXBvcnRmb2xpby9wZWFrX3BhdHRlcm4yLnBuZw==\"\/>\n\t\t\t\t\t\t<img loading=\"lazy\" data-src=\"\/\/audazbrasil.com\/usa\/wp-content\/uploads\/2020\/04\/servicos-5.jpg\" data-libid=\"355\" data-lib=\"medialibrary\" title=\"servicos-5\" width=\"0\" height=\"0\" data-dbsrc=\"Ly9hdWRhemJyYXNpbC5jb20vdXNhL3dwLWNvbnRlbnQvdXBsb2Fkcy8yMDIwLzA0L3NlcnZpY29zLTUuanBn\"\/>\n\t\t\t\t\t<\/image_lists>\n\t\t\t\t<\/sr7-module>\n\t\t\t\t<script>\n\t\t\t\t\twindow.SR7 ??={};SR7.PMH ??={}; SR7.PMH[\"SR7_133_4\"] = {cn:100,state:false,fn: function() { if (window._tpt!==undefined && window._tpt.prepareModuleHeight !== undefined) {  _tpt.prepareModuleHeight({id:\"SR7_133_4\",el:[2190,2190,2220,1710,1708],type:'hero',shdw:'0',gh:[2190,2190,2220,1710,1708],gw:[1240,1240,1024,778,480],vpt:['-200px&#039;,&#039;-200px&#039;,&#039;-200px&#039;,&#039;-200px&#039;,&#039;-200px'],size:{fullWidth:true, fullHeight:false},mh:'0',onh:0,onw:0,bg:{color:'{\"type\":\"solid\",\"orig\":\"#1c1c1c\",\"string\":\"rgba(28, 28, 28, 1)\"}'}});   SR7.PMH[\"SR7_133_4\"].state=true;} else if(SR7.PMH[\"SR7_133_4\"].cn-->0)\tsetTimeout( SR7.PMH[\"SR7_133_4\"].fn,19);}};SR7.PMH[\"SR7_133_4\" ].fn();\n\t\t\t\t<\/script>\n\n\t\t\t\t<p class=\"rs-p-wp-fix\"><\/p>\n\t\t\t\t<sr7-module data-alias=\"minimal-portfolio1-12\" data-id=\"125\" id=\"SR7_125_5\" class=\"rs-respect-topbar respect-fixedstatic rs-ov-hidden\" data-version=\"6.7.54\">\n\t\t\t\t\t<sr7-adjuster><\/sr7-adjuster>\n\t\t\t\t\t<sr7-content>\n\t\t\t\t\t\t<sr7-slide id=\"SR7_125_5-62\" data-key=\"62\">\n\t\t\t\t\t\t\t<sr7-txt id=\"SR7_125_5-62-0\" class=\"sr7-layer\">Aumente<\/sr7-txt>\n\t\t\t\t\t\t\t<sr7-txt id=\"SR7_125_5-62-2\" class=\"sr7-layer\">Exponencialmente<\/sr7-txt>\n\t\t\t\t\t\t\t<a id=\"SR7_125_5-62-18\" class=\"sr7-layer\" href=\"https:\/\/www.facebook.com\/audazbrasil\/\" target=\"_blank\" rel=\"nofollow noopener\">Facebook<\/a>\n\t\t\t\t\t\t\t<sr7-txt id=\"SR7_125_5-62-19\" class=\"sr7-layer\">contato@audazbrasil.com<\/sr7-txt>\n\t\t\t\t\t\t\t<sr7-txt id=\"SR7_125_5-62-20\" class=\"sr7-layer\">contact@audazbrasil.com<\/sr7-txt>\n\t\t\t\t\t\t\t<sr7-txt id=\"SR7_125_5-62-21\" class=\"sr7-layer\"><a style=\"text-decoration:none; color:#fff!important;\"href=\"tel:35984529699\">+55 (35) 98452 9699<\/a><\/sr7-txt>\n\t\t\t\t\t\t\t<sr7-txt id=\"SR7_125_5-62-22\" class=\"sr7-layer\"><a style=\"text-decoration:none; color:#fff!important;\"href=\"tel:+18572250374\">+1 857 225 0374<\/a><\/sr7-txt>\n\t\t\t\t\t\t\t<sr7-txt id=\"SR7_125_5-62-36\" class=\"sr7-layer\">BRASIL<\/sr7-txt>\n\t\t\t\t\t\t\t<sr7-txt id=\"SR7_125_5-62-37\" class=\"sr7-layer\">USA<\/sr7-txt>\n\t\t\t\t\t\t\t<a id=\"SR7_125_5-62-44\" class=\"sr7-layer\" href=\"http:\/\/instagram.com\/audazbrasil\" target=\"_blank\" rel=\"nofollow noopener\">Instagram<\/a>\n\t\t\t\t\t\t\t<a id=\"SR7_125_5-62-45\" class=\"sr7-layer\" href=\"https:\/\/api.whatsapp.com\/send?phone=5535984529699\" target=\"_blank\" rel=\"nofollow noopener\">Whatsapp<\/a>\n\t\t\t\t\t\t\t<sr7-txt id=\"SR7_125_5-62-83\" class=\"sr7-layer\">Seu rendimento<\/sr7-txt>\n\t\t\t\t\t\t<\/sr7-slide>\n\t\t\t\t\t\t<sr7-slide id=\"SR7_125_5-124\" data-key=\"124\">\n\t\t\t\t\t\t<\/sr7-slide>\n\t\t\t\t\t<\/sr7-content>\n\t\t\t\t<\/sr7-module>\n\t\t\t\t<script>\n\t\t\t\t\twindow.SR7 ??={};SR7.PMH ??={}; SR7.PMH[\"SR7_125_5\"] = {cn:100,state:false,fn: function() { if (window._tpt!==undefined && window._tpt.prepareModuleHeight !== undefined) {  _tpt.prepareModuleHeight({id:\"SR7_125_5\",el:[480,480,480,960,720],type:'standard',shdw:'0',gh:[480,480,480,960,720],gw:[1920,1920,1300,778,480],vpt:['-200px&#039;,&#039;-200px&#039;,&#039;-200px&#039;,&#039;-200px&#039;,&#039;-200px'],size:{fullWidth:true, fullHeight:false},mh:'0',onh:0,onw:0,bg:{color:'{\"orig\":\"transparent\",\"type\":\"solid\",\"string\":\"transparent\"}'}});   SR7.PMH[\"SR7_125_5\"].state=true;} else if(SR7.PMH[\"SR7_125_5\"].cn-->0)\tsetTimeout( SR7.PMH[\"SR7_125_5\"].fn,19);}};SR7.PMH[\"SR7_125_5\" ].fn();\n\t\t\t\t<\/script>\n\t\t\t\t\t\t\t\t<\/div>\n\t\t\t\t\t<\/div>\n\t\t\t\t<\/div>\n\t\t\t\t<\/div>\n\t\t","protected":false},"excerpt":{"rendered":"","protected":false},"author":1,"featured_media":0,"parent":0,"menu_order":0,"comment_status":"closed","ping_status":"closed","template":"elementor_header_footer","meta":{"footnotes":""},"class_list":["post-715","page","type-page","status-publish","hentry"],"_links":{"self":[{"href":"https:\/\/audazbrasil.com\/usa\/wp-json\/wp\/v2\/pages\/715","targetHints":{"allow":["GET"]}}],"collection":[{"href":"https:\/\/audazbrasil.com\/usa\/wp-json\/wp\/v2\/pages"}],"about":[{"href":"https:\/\/audazbrasil.com\/usa\/wp-json\/wp\/v2\/types\/page"}],"author":[{"embeddable":true,"href":"https:\/\/audazbrasil.com\/usa\/wp-json\/wp\/v2\/users\/1"}],"replies":[{"embeddable":true,"href":"https:\/\/audazbrasil.com\/usa\/wp-json\/wp\/v2\/comments?post=715"}],"version-history":[{"count":12,"href":"https:\/\/audazbrasil.com\/usa\/wp-json\/wp\/v2\/pages\/715\/revisions"}],"predecessor-version":[{"id":730,"href":"https:\/\/audazbrasil.com\/usa\/wp-json\/wp\/v2\/pages\/715\/revisions\/730"}],"wp:attachment":[{"href":"https:\/\/audazbrasil.com\/usa\/wp-json\/wp\/v2\/media?parent=715"}],"curies":[{"name":"wp","href":"https:\/\/api.w.org\/{rel}","templated":true}]}}